{"id":1329,"date":"2020-09-08T18:20:08","date_gmt":"2020-09-08T18:20:08","guid":{"rendered":"https:\/\/estudiosdeldesarrollo.mx\/migracionydesarrollo\/?page_id=1329"},"modified":"2020-09-08T19:34:50","modified_gmt":"2020-09-08T19:34:50","slug":"estancias","status":"publish","type":"page","link":"https:\/\/estudiosdeldesarrollo.mx\/migracionydesarrollo\/estancias\/","title":{"rendered":"Estancias"},"content":{"rendered":"<p><img loading=\"lazy\" decoding=\"async\" class=\"size-medium wp-image-1333 aligncenter\" src=\"https:\/\/estudiosdeldesarrollo.mx\/migracionydesarrollo\/wp-content\/uploads\/2020\/09\/rdwisebyn-193x300.png\" alt=\"\" width=\"193\" height=\"300\" srcset=\"https:\/\/estudiosdeldesarrollo.mx\/migracionydesarrollo\/wp-content\/uploads\/2020\/09\/rdwisebyn-193x300.png 193w, https:\/\/estudiosdeldesarrollo.mx\/migracionydesarrollo\/wp-content\/uploads\/2020\/09\/rdwisebyn.png 300w\" sizes=\"auto, (max-width: 193px) 100vw, 193px\" \/><\/p>\n<div style=\"float: left; align: center;\"><a href=\"https:\/\/estudiosdeldesarrollo.mx\/migracionydesarrollo\/personal-2\"><img decoding=\"async\" class=\"alignnone wp-image-111 size-medium\" src=\"https:\/\/estudiosdeldesarrollo.mx\/migracionydesarrollo\/wp-content\/uploads\/2020\/08\/btnpersonal.jpg\" alt=\"\"><\/a><\/p>\n<\/div>\n<div style=\"float: left; align: center;\"><a href=\"https:\/\/estudiosdeldesarrollo.mx\/migracionydesarrollo\/posicionesacademicas\"><img decoding=\"async\" class=\"alignnone wp-image-111 size-medium\" src=\"https:\/\/estudiosdeldesarrollo.mx\/migracionydesarrollo\/wp-content\/uploads\/2020\/08\/btnposicionesa.jpg\" alt=\"\"><\/a><\/p>\n<\/div>\n<div style=\"float: left; align: center;\"><a href=\"https:\/\/estudiosdeldesarrollo.mx\/migracionydesarrollo\/posicioneshonorarias\"><img decoding=\"async\" class=\"alignnone wp-image-111 size-medium\" src=\"https:\/\/estudiosdeldesarrollo.mx\/migracionydesarrollo\/wp-content\/uploads\/2020\/08\/btnposicionesh.jpg\" alt=\"\"><\/a><\/p>\n<\/div>\n<div style=\"float: left; align: center;\"><a href=\"https:\/\/estudiosdeldesarrollo.mx\/migracionydesarrollo\/formacion-2\"><img decoding=\"async\" class=\"alignnone wp-image-111 size-medium\" src=\"https:\/\/estudiosdeldesarrollo.mx\/migracionydesarrollo\/wp-content\/uploads\/2020\/08\/btnformacion.jpg\" alt=\"\"><\/a><\/p>\n<\/div>\n<div style=\"float: left; align: center;\"><a href=\"https:\/\/estudiosdeldesarrollo.mx\/migracionydesarrollo\/distinciones\"><img decoding=\"async\" class=\"alignnone wp-image-111 size-medium\" src=\"https:\/\/estudiosdeldesarrollo.mx\/migracionydesarrollo\/wp-content\/uploads\/2020\/08\/btndistinciones.jpg\" alt=\"\"><\/a><\/p>\n<\/div>\n<div style=\"float: left; align: center;\"><a href=\"https:\/\/estudiosdeldesarrollo.mx\/migracionydesarrollo\/sni\"><img decoding=\"async\" class=\"alignnone wp-image-111 size-medium\" src=\"https:\/\/estudiosdeldesarrollo.mx\/migracionydesarrollo\/wp-content\/uploads\/2020\/08\/btnsni.jpg\" alt=\"\"><\/a><\/p>\n<\/div>\n<div style=\"float: left; align: center;\"><a href=\"https:\/\/estudiosdeldesarrollo.mx\/migracionydesarrollo\/tesis\"><img decoding=\"async\" class=\"alignnone wp-image-111 size-medium\" src=\"https:\/\/estudiosdeldesarrollo.mx\/migracionydesarrollo\/wp-content\/uploads\/2020\/08\/btntesis.jpg\" alt=\"\"><\/a><\/p>\n<\/div>\n<div style=\"float: left; align: center;\"><a href=\"https:\/\/estudiosdeldesarrollo.mx\/migracionydesarrollo\/publicaciones\"><img decoding=\"async\" class=\"alignnone wp-image-111 size-medium\" src=\"https:\/\/estudiosdeldesarrollo.mx\/migracionydesarrollo\/wp-content\/uploads\/2020\/08\/btnpublicaciones.jpg\" alt=\"\"><\/a><\/p>\n<\/div>\n<div style=\"float: left; align: center;\"><a href=\"https:\/\/estudiosdeldesarrollo.mx\/migracionydesarrollo\/proyectos\"><img decoding=\"async\" class=\"alignnone wp-image-111 size-medium\" src=\"https:\/\/estudiosdeldesarrollo.mx\/migracionydesarrollo\/wp-content\/uploads\/2020\/08\/btnproyectos.jpg\" alt=\"\"><\/a><\/p>\n<\/div>\n<div style=\"float: left; align: center;\"><a href=\"https:\/\/estudiosdeldesarrollo.mx\/migracionydesarrollo\/presentaciones\"><img decoding=\"async\" class=\"alignnone wp-image-111 size-medium\" src=\"https:\/\/estudiosdeldesarrollo.mx\/migracionydesarrollo\/wp-content\/uploads\/2020\/08\/btnpresentaciones.jpg\" alt=\"\"><\/a><\/p>\n<\/div>\n<div style=\"float: left; align: center;\"><a href=\"https:\/\/estudiosdeldesarrollo.mx\/migracionydesarrollo\/estancias\"><img decoding=\"async\" class=\"alignnone wp-image-111 size-medium\" src=\"https:\/\/estudiosdeldesarrollo.mx\/migracionydesarrollo\/wp-content\/uploads\/2020\/08\/btnestancias2.jpg\" alt=\"\"><\/a><\/p>\n<\/div>\n<div style=\"float: left; align: center;\"><a href=\"https:\/\/estudiosdeldesarrollo.mx\/migracionydesarrollo\/otros\"><img decoding=\"async\" class=\"alignnone wp-image-111 size-medium\" src=\"https:\/\/estudiosdeldesarrollo.mx\/migracionydesarrollo\/wp-content\/uploads\/2020\/08\/btnotros.jpg\" alt=\"\"><\/a><\/p>\n<\/div>\n<div style=\"float: left; align: center;\"><a href=\"https:\/\/estudiosdeldesarrollo.mx\/migracionydesarrollo\/becas\"><img decoding=\"async\" class=\"alignnone wp-image-111 size-medium\" src=\"https:\/\/estudiosdeldesarrollo.mx\/migracionydesarrollo\/wp-content\/uploads\/2020\/08\/btnbecas.jpg\" alt=\"\"><\/a><\/p>\n<\/div>\n<div style=\"float: left; align: center;\">\n<h5>Estancias de investigaci\u00f3n en el extranjero<\/h5>\n<ol>\n<li>Duraci\u00f3n de la estancia: 2 meses<br \/>\nKassel University, Department of Development Economics and Agricultural Policy<br \/>\nWitsenhausen, Germany<br \/>\nEnero-Febrero 2001<\/li>\n<li>Duraci\u00f3n de la estancia: 2 meses<br \/>\nKassel University, Department of Development Economics and Agricultural Policy (financiado porDAAD-CONACYT)<br \/>\nWitsenhausen, Germany<br \/>\nFebrero-Marzo 2003<\/li>\n<li>Duraci\u00f3n de la estancia: 3 meses<br \/>\nDanish Institute for International Studies<br \/>\nCopenhagen, Denmark<br \/>\nInvited Senior Researcher<br \/>\nAbril-Junio 2007<\/li>\n<li>Duraci\u00f3n de la estancia: 1 mes<br \/>\nInternational Development Studies Program<br \/>\nHalifax, Canad\u00e1<br \/>\nDistinguished Visiting Professor<br \/>\nOctubre-Noviembre 2013<\/li>\n<li>Duraci\u00f3n de la Estancia: 15 d\u00edas<br \/>\nGoberna Am\u00e9rica Latina<br \/>\nMiami Dade Collegue, Estados Unidos<br \/>\nImparici\u00f3n del seminario: Seminario: El dilema de la migraci\u00f3n mexicana altamente calificada: \u00bffuga de cerebros o nueva forma de dependencia?<br \/>\nNoviembre 2014<\/li>\n<li>Duraci\u00f3n de la Estancia: 15 d\u00edas<br \/>\nUniversit\u00e4t de Valencia, Espa\u00f1a<br \/>\nSeminario intensivo sobre Migraci\u00f3n y Desarrollo<br \/>\nEnero 2015<\/li>\n<li>Duraci\u00f3n de la Estancia: 15 d\u00edas<br \/>\nMiReKoc-ERSTE Summer School<br \/>\nKoc University, Estambul, Turqu\u00eda<br \/>\nCurso intensivo: Diasporas and Transnational Communities<br \/>\nJulio 2015<\/li>\n<li>Duraci\u00f3n de la Estancia: 15 d\u00edas<br \/>\nOxford University<br \/>\n10th Anniversary of the International Migration Institute<br \/>\nThe Changing Face of Global Mobility, paricipaci\u00f3n en diferentes eventos y mesa redonda de clausura<br \/>\nEnero 2016<\/li>\n<li>Duraci\u00f3n de la Estancia: 15 d\u00edas<br \/>\nSeminario Doctorado en Estudios Latinoamericanos, UNAM<br \/>\nCurso intensivo de Doctorado sobre el contexto capitalista contempor\u00e1neo en el marco de El Colegio Doctoral<br \/>\nMarzo 2016<\/li>\n<li>Duraci\u00f3n de la Estancia: 15 d\u00edas<br \/>\nMIGLINK Workshop,<br \/>\nREMESO, Link\u00f6ping University<br \/>\nEstancia en el marco de un proyecto financiado por el Swedesh Research Council para abordar la participaci\u00f3n de la sociedad civil en la gobernanza global de las migraciones. Adem\u00e1s de diversas actividades acad\u00e9micas en el marco de El Colegio Doctoral.<br \/>\nAbril 2016<\/li>\n<\/ol>\n<\/div>\n","protected":false},"excerpt":{"rendered":"<p>Estancias de investigaci\u00f3n en el extranjero Duraci\u00f3n de la estancia: 2 meses Kassel University, Department of Development Economics and Agricultural Policy Witsenhausen, Germany Enero-Febrero 2001 Duraci\u00f3n de la estancia: 2 meses Kassel University, Department of Development Economics and Agricultural Policy<\/p>\n","protected":false},"author":2,"featured_media":0,"parent":0,"menu_order":0,"comment_status":"closed","ping_status":"closed","template":"","meta":{"footnotes":""},"class_list":["post-1329","page","type-page","status-publish","hentry"],"_links":{"self":[{"href":"https:\/\/estudiosdeldesarrollo.mx\/migracionydesarrollo\/wp-json\/wp\/v2\/pages\/1329","targetHints":{"allow":["GET"]}}],"collection":[{"href":"https:\/\/estudiosdeldesarrollo.mx\/migracionydesarrollo\/wp-json\/wp\/v2\/pages"}],"about":[{"href":"https:\/\/estudiosdeldesarrollo.mx\/migracionydesarrollo\/wp-json\/wp\/v2\/types\/page"}],"author":[{"embeddable":true,"href":"https:\/\/estudiosdeldesarrollo.mx\/migracionydesarrollo\/wp-json\/wp\/v2\/users\/2"}],"replies":[{"embeddable":true,"href":"https:\/\/estudiosdeldesarrollo.mx\/migracionydesarrollo\/wp-json\/wp\/v2\/comments?post=1329"}],"version-history":[{"count":2,"href":"https:\/\/estudiosdeldesarrollo.mx\/migracionydesarrollo\/wp-json\/wp\/v2\/pages\/1329\/revisions"}],"predecessor-version":[{"id":1348,"href":"https:\/\/estudiosdeldesarrollo.mx\/migracionydesarrollo\/wp-json\/wp\/v2\/pages\/1329\/revisions\/1348"}],"wp:attachment":[{"href":"https:\/\/estudiosdeldesarrollo.mx\/migracionydesarrollo\/wp-json\/wp\/v2\/media?parent=1329"}],"curies":[{"name":"wp","href":"https:\/\/api.w.org\/{rel}","templated":true}]}}