{"id":1247,"date":"2020-08-27T23:01:09","date_gmt":"2020-08-27T23:01:09","guid":{"rendered":"https:\/\/estudiosdeldesarrollo.mx\/migracionydesarrollo\/?page_id=1247"},"modified":"2021-03-04T18:28:13","modified_gmt":"2021-03-04T18:28:13","slug":"tesis-2","status":"publish","type":"page","link":"https:\/\/estudiosdeldesarrollo.mx\/migracionydesarrollo\/tesis-2\/","title":{"rendered":"Direcci\u00f3n de tesis"},"content":{"rendered":"<div><img loading=\"lazy\" decoding=\"async\" class=\"size-medium wp-image-1333 aligncenter\" src=\"https:\/\/estudiosdeldesarrollo.mx\/migracionydesarrollo\/wp-content\/uploads\/2020\/09\/rdwisebyn-193x300.png\" alt=\"\" width=\"193\" height=\"300\" srcset=\"https:\/\/estudiosdeldesarrollo.mx\/migracionydesarrollo\/wp-content\/uploads\/2020\/09\/rdwisebyn-193x300.png 193w, https:\/\/estudiosdeldesarrollo.mx\/migracionydesarrollo\/wp-content\/uploads\/2020\/09\/rdwisebyn.png 300w\" sizes=\"auto, (max-width: 193px) 100vw, 193px\" \/>\n<p>\u00a0<\/p>\n<div style=\"float: left; align: center;\"><a href=\"https:\/\/estudiosdeldesarrollo.mx\/migracionydesarrollo\/personal-2\"><img decoding=\"async\" class=\"alignnone wp-image-111 size-medium\" src=\"https:\/\/estudiosdeldesarrollo.mx\/migracionydesarrollo\/wp-content\/uploads\/2020\/08\/btnpersonal.jpg\" alt=\"\" \/><\/a>\n<p>\u00a0<\/p>\n<\/div>\n<div style=\"float: left; align: center;\"><a href=\"https:\/\/estudiosdeldesarrollo.mx\/migracionydesarrollo\/posicionesacademicas\"><img decoding=\"async\" class=\"alignnone wp-image-111 size-medium\" src=\"https:\/\/estudiosdeldesarrollo.mx\/migracionydesarrollo\/wp-content\/uploads\/2020\/08\/btnposicionesa.jpg\" alt=\"\" \/><\/a>\n<p>\u00a0<\/p>\n<\/div>\n<div style=\"float: left; align: center;\"><a href=\"https:\/\/estudiosdeldesarrollo.mx\/migracionydesarrollo\/posicioneshonorarias\"><img decoding=\"async\" class=\"alignnone wp-image-111 size-medium\" src=\"https:\/\/estudiosdeldesarrollo.mx\/migracionydesarrollo\/wp-content\/uploads\/2020\/08\/btnposicionesh.jpg\" alt=\"\" \/><\/a>\n<p>\u00a0<\/p>\n<\/div>\n<div style=\"float: left; align: center;\"><a href=\"https:\/\/estudiosdeldesarrollo.mx\/migracionydesarrollo\/formacion-2\"><img decoding=\"async\" class=\"alignnone wp-image-111 size-medium\" src=\"https:\/\/estudiosdeldesarrollo.mx\/migracionydesarrollo\/wp-content\/uploads\/2020\/08\/btnformacion.jpg\" alt=\"\" \/><\/a>\n<p>\u00a0<\/p>\n<\/div>\n<div style=\"float: left; align: center;\"><a href=\"https:\/\/estudiosdeldesarrollo.mx\/migracionydesarrollo\/distinciones\"><img decoding=\"async\" class=\"alignnone wp-image-111 size-medium\" src=\"https:\/\/estudiosdeldesarrollo.mx\/migracionydesarrollo\/wp-content\/uploads\/2020\/08\/btndistinciones.jpg\" alt=\"\" \/><\/a>\n<p>\u00a0<\/p>\n<\/div>\n<div style=\"float: left; align: center;\"><a href=\"https:\/\/estudiosdeldesarrollo.mx\/migracionydesarrollo\/sni\"><img decoding=\"async\" class=\"alignnone wp-image-111 size-medium\" src=\"https:\/\/estudiosdeldesarrollo.mx\/migracionydesarrollo\/wp-content\/uploads\/2020\/08\/btnsni.jpg\" alt=\"\" \/><\/a>\n<p>\u00a0<\/p>\n<\/div>\n<div style=\"float: left; align: center;\"><a href=\"https:\/\/estudiosdeldesarrollo.mx\/migracionydesarrollo\/tesis\"><img decoding=\"async\" class=\"alignnone wp-image-111 size-medium\" src=\"https:\/\/estudiosdeldesarrollo.mx\/migracionydesarrollo\/wp-content\/uploads\/2020\/08\/btntesis2.jpg\" alt=\"\" \/><\/a>\n<p>\u00a0<\/p>\n<\/div>\n<div style=\"float: left; align: center;\"><a href=\"https:\/\/estudiosdeldesarrollo.mx\/migracionydesarrollo\/publicaciones\"><img decoding=\"async\" class=\"alignnone wp-image-111 size-medium\" src=\"https:\/\/estudiosdeldesarrollo.mx\/migracionydesarrollo\/wp-content\/uploads\/2020\/08\/btnpublicaciones.jpg\" alt=\"\" \/><\/a>\n<p>\u00a0<\/p>\n<\/div>\n<div style=\"float: left; align: center;\"><a href=\"https:\/\/estudiosdeldesarrollo.mx\/migracionydesarrollo\/proyectos\"><img decoding=\"async\" class=\"alignnone wp-image-111 size-medium\" src=\"https:\/\/estudiosdeldesarrollo.mx\/migracionydesarrollo\/wp-content\/uploads\/2020\/08\/btnproyectos.jpg\" alt=\"\" \/><\/a>\n<p>\u00a0<\/p>\n<\/div>\n<div style=\"float: left; align: center;\"><a href=\"https:\/\/estudiosdeldesarrollo.mx\/migracionydesarrollo\/presentaciones\"><img decoding=\"async\" class=\"alignnone wp-image-111 size-medium\" src=\"https:\/\/estudiosdeldesarrollo.mx\/migracionydesarrollo\/wp-content\/uploads\/2020\/08\/btnpresentaciones.jpg\" alt=\"\" \/><\/a>\n<p>\u00a0<\/p>\n<\/div>\n<div style=\"float: left; align: center;\"><a href=\"https:\/\/estudiosdeldesarrollo.mx\/migracionydesarrollo\/estancias\"><img decoding=\"async\" class=\"alignnone wp-image-111 size-medium\" src=\"https:\/\/estudiosdeldesarrollo.mx\/migracionydesarrollo\/wp-content\/uploads\/2020\/08\/btnestancias.jpg\" alt=\"\" \/><\/a>\n<p>\u00a0<\/p>\n<\/div>\n<div style=\"float: left; align: center;\"><a href=\"https:\/\/estudiosdeldesarrollo.mx\/migracionydesarrollo\/otros\"><img decoding=\"async\" class=\"alignnone wp-image-111 size-medium\" src=\"https:\/\/estudiosdeldesarrollo.mx\/migracionydesarrollo\/wp-content\/uploads\/2020\/08\/btnotros.jpg\" alt=\"\" \/><\/a>\n<p>\u00a0<\/p>\n<\/div>\n<div style=\"float: left; align: center;\"><a href=\"https:\/\/estudiosdeldesarrollo.mx\/migracionydesarrollo\/becas\"><img decoding=\"async\" class=\"alignnone wp-image-111 size-medium\" src=\"https:\/\/estudiosdeldesarrollo.mx\/migracionydesarrollo\/wp-content\/uploads\/2020\/08\/btnbecas.jpg\" alt=\"\" \/><\/a>\n<p>\u00a0<\/p>\n<\/div>\n<div style=\"float: left; padding: 5px; align: center;\">\n<h5>LICENCIATURA<\/h5>\n<p>1. Jos\u00e9 Luis Ram\u00edrez Hu\u00edzar, \u00abZacatecas en el contexto de la crisis y reorganizaci\u00f3n del capitalismo mexicano: 1982-1985\u00bb, Facultad de Econom\u00eda, Universidad Aut\u00f3noma de Zacatecas, 1987.<\/p>\n<p>2. Fernando Robledo Mart\u00ednez, \u00abEl ca\u00f1\u00f3n de Tlaltenango: perfil sociodemogr\u00e1fico y econ\u00f3mico de una regi\u00f3n especializada en migraci\u00f3n internacional\u00bb, Facultad de Econom\u00eda, Universidad Aut\u00f3noma de Zacatecas, 1994.<\/p>\n<h5>MAESTR\u00cdA<\/h5>\n<p>3. Eva Garc\u00eda Valle, \u00abLa producci\u00f3n de fuerza de trabajo en el municipio de Villanueva, Zacatecas\u00bb, Maestr\u00eda en Sociolog\u00eda con \u00e9nfasis en Desarrollo Regional, Universidad Aut\u00f3noma de Oaxaca, Benito Ju\u00e1rez, 1988.<\/p>\n<p>4. Pedro Mart\u00ednez Arteaga, \u00abLos l\u00edmites del crecimiento ganadero contempor\u00e1neo en Zacatecas\u00bb, Maestr\u00eda en Ciencia Pol\u00edtica, Universidad Aut\u00f3noma de Zacatecas, 1989 (menci\u00f3n honor\u00edfica).<\/p>\n<p>5. Ethelvina E. Rivas \u00c1lvarez, \u00abAcercamiento al fen\u00f3meno migratorio contempor\u00e1neo en Zacatecas\u00bb, Maestr\u00eda en Ciencia Pol\u00edtica, Universidad Aut\u00f3noma de Zacatecas, 1989 (reconocimiento especial).<\/p>\n<p>6. Luc\u00eda Alma Rosa Alonso Reyes, \u00abIglesia y sociedad en el Zacatecas contempor\u00e1neo\u00bb, Maestr\u00eda en Ciencia Pol\u00edtica, Universidad Aut\u00f3noma de Zacatecas, 1989 (reconocimiento especial).<\/p>\n<p>7. Martha Valdez Is\u00e1is, \u00abAnatom\u00eda y perspectivas del empresario zacatecano en los ochenta\u00bb, Maestr\u00eda en Ciencia Pol\u00edtica, Universidad Aut\u00f3noma de Zacatecas, 1989.<\/p>\n<p>8. Jos\u00e9 Luis Espa\u00f1a T\u00e9llez, \u00abMigraci\u00f3n interna y miseria extrema: El caso del noreste zacatecano\u00bb, Maestr\u00eda en Ciencia Pol\u00edtica, Universidad Aut\u00f3noma de Zacatecas, 1993 (reconocimiento especial).<\/p>\n<p>9. Jos\u00e9 Manuel Mart\u00edn Ornelas, \u00abVicisitudes del proceso de Industrializaci\u00f3n en Zacatecas (1940-1992)\u00bb, Maestr\u00eda en Ciencia Pol\u00edtica, Universidad Aut\u00f3noma de Zacatecas, 1993 (reconocimiento especial).<\/p>\n<p>10. Fernando Robledo Mart\u00ednez, \u00abLa violaci\u00f3n a los derechos humanos de los trabajadores transfronterizos zacatecanos\u00bb, Maestr\u00eda en Ciencia Pol\u00edtica, Universidad Aut\u00f3noma de Zacatecas, 1996 (reconocimiento especial).<\/p>\n<p>11. Mar\u00eda Martina Salazar Rodr\u00edguez, \u00abPanorama de las remesas por migraci\u00f3n internacional en Zacatecas\u00bb, Maestr\u00eda en Ciencia Pol\u00edtica, Universidad Aut\u00f3noma de Zacatecas, 1996 (reconocimiento especial).<\/p>\n<p>12. Enrique Guzm\u00e1n Bolla\u00edn y Goitia, \u00abLa peque\u00f1a miner\u00eda en Zacatecas: Retrospecci\u00f3n y perspectivas\u00bb, Maestr\u00eda en Ciencia Pol\u00edtica, Universidad Aut\u00f3noma de Zacatecas, 2000 (menci\u00f3n honor\u00edfica).<\/p>\n<p>13. Rub\u00e9n del Pozo Mendoza, \u00abLa gran miner\u00eda zacatecana en el contexto neoliberal\u00bb, Maestr\u00eda en Ciencia Pol\u00edtica, Universidad Aut\u00f3noma de Zacatecas, 2000 (menci\u00f3n honor\u00edfica).<\/p>\n<p>14. Humberto M\u00e1rquez Covarrubias, \u00abUmbrales del desarrollo alternativo en Zacatecas: participaci\u00f3n del migrante colectivo y pol\u00edticas p\u00fablicas\u00bb, Maestr\u00eda en Ciencia Pol\u00edtica, Universidad Aut\u00f3noma de Zacatecas, 2003.<\/p>\n<h5>DOCTORADO<\/h5>\n<p>15. Eduviges Javier Garc\u00eda Herrera, \u00abEstrategia de desarrollo rural integral y sostenible para la regi\u00f3n de Pinos, Zacatecas: el binomio nopal tunero-migraci\u00f3n como su elemento central\u00bb, Doctorado en Ciencias, Colegio de Postgraduados, campus Puebla, 2003.<\/p>\n<p>16. Humberto M\u00e1rquez Covarrubias, \u00abEconom\u00eda pol\u00edtica del desarrollo y la migraci\u00f3n en M\u00e9xico. Exportaci\u00f3n de fuerza de trabajo y dependencia de las remesas en el contexto del TLCAN\u00bb, Doctorado en Estudios del Desarrollo, Universidad Aut\u00f3noma de Zacatecas, 2006 (menci\u00f3n honor\u00edfica).<\/p>\n<p>17. Oscar Mario Ma\u00f1\u00e1n Garc\u00eda, \u00abBalance y perspectivas de la teor\u00eda y la pr\u00e1ctica del desarrollo en Uruguay. Preceptos de 50 a\u00f1os de historia\u00bb, Doctorado en Estudios del Desarrollo, Universidad Aut\u00f3noma de Zacatecas, 2007.<\/p>\n<p>18. Miguel Esparza Flores, \u00abMercado de trabajo e informalidad en Zacatecas bajo la \u00e9gida neoliberal\u00bb, Doctorado en Estudios del Desarrollo, Universidad Aut\u00f3noma de Zacatecas, 2008.<\/p>\n<p>19. J\u00f6rg Helmke, \u00abThe remittance-development nexus reloaded: a cross county approach for Latin America\u00bb, Doctorado en Estudios del Desarrollo, por la Universidad Aut\u00f3noma de Zacatecas (septiembre de 2010, menci\u00f3n honor\u00edfica) y la Universidad de Kassel (julio de 2010, <em>cum laude<\/em>).<\/p>\n<p>20. Mar\u00eda Luj\u00e1n Leiva, \u00abSuecia como pa\u00eds de inmigraci\u00f3n: paradojas del estado de bienestar y el multiculturalismo\u00bb, Doctorado en Estudios del Desarrollo, Universidad Aut\u00f3noma de Zacatecas, noviembre de 2010.<\/p>\n<p>21. \u00c1ngel Toledo Tolentino, \u00abClaves para interpretar la evoluci\u00f3n de la industria petrolera internacional bajo el neoliberalismo\u00bb, Doctorado en Estudios del Desarrollo, Universidad Aut\u00f3noma de Zacatecas, noviembre de 2010 (menci\u00f3n honor\u00edfica).<\/p>\n<p>22. David Eche, \u00abLand degradation, small-scale farms\u2019 development, and migratory flows in Chiapas. Case study: Tapachula\u00bb, Doctorado en Estudios del Desarrollo, por la Universidad Aut\u00f3noma de Zacatecas (agosto de 2012, menci\u00f3n honor\u00edfica) y la Universidad de Kassel (enero de 2013, <em>magna cum laude<\/em>).<\/p>\n<p>23. Edel Fresnada, \u00abSubdesarrollo productivo socialista y emigraci\u00f3n en Cuba\u00bb, Doctorado en Estudios del Desarrollo, Universidad Aut\u00f3noma de Zacatecas, agosto de 2012.<\/p>\n<p>24. Mustafa Aksakal, \u00abTransnational development: limitations and potentialities of a model for migration and development. Case study Caxcania\u00bb, Doctorado en Estudios del Desarrollo por la Universidad Aut\u00f3noma de Zacatecas y la Universidad de Bielefeld, 2012 (<em>summa cum laude<\/em>).<\/p>\n<p>25. Pascual Gerardo Garc\u00eda Mac\u00edas, \u00abLas organizaciones de migrantes en Valencia y California. Un an\u00e1lisis comparativo de los ecuatorianos en Valencia y los zacatecanos en California\u00bb, Doctorado en Migraciones Internacionales, Universidad de Valencia, 2014 (excelencia).<\/p>\n<p>26. Francisco Garc\u00eda Gonz\u00e1lez, \u00abLa gran miner\u00eda en Zacatecas en el contexto neoliberal\u00bb, Doctorado en Estudios del Desarrollo, Universidad Aut\u00f3noma de Zacatecas, junio de 2016.<\/p>\n<p>27. Martha Yolanda Alfaro Aramayo, \u00abLa ruta del Buen Vivir a trav\u00e9s del espejo de las pol\u00edticas gubernamentales de desarrollo e innovaci\u00f3n\u00bb, Doctorado en Estudios del Desarrollo, Universidad Aut\u00f3noma de Zacatecas, agosto de 2016 (menci\u00f3n honor\u00edfica).<\/p>\n<p>28. David Thruston Martin, \u00abThe development question in the age of global monopoly finance capitalism\u00bb, Doctorado en Estudios del Desarrollo, Universidad Aut\u00f3noma de Zacatecas, agosto de 2016 (menci\u00f3n honor\u00edfica).<\/p>\n<p>29. Matthew Anthony Withers, \u00abRemittance economy: migration-underdevelopment in Sri Lanka\u00bb, Facultad de Artes y Ciencias Sociales, Universidad de S\u00eddney, diciembre de 2016 (miembro del comit\u00e9 dictaminador).<\/p>\n<p>30. Mateo Crossa Niell, \u00abLa industria automotriz en EUA y M\u00e9xico: escalamiento industrial o desarrollo geogr\u00e1fico desigual\u00bb, Doctorado en Estudios del Desarrollo, Universidad Aut\u00f3noma de Zacatecas, agosto de 2019 (menci\u00f3n honor\u00edfica) y Doctorado en Estudios Latinoamericanos de la Universidad Nacional Aut\u00f3noma de M\u00e9xico).<\/p>\n<h5>EN CURSO<\/h5>\n<p>DOCTORADO<br \/>1. Juli\u00e1n Pinazo Dallenbach, \u00abLa innovaci\u00f3n y la migraci\u00f3n altamente calificada bajo la \u00e9gida neoliberal: un an\u00e1lisis cr\u00edtico desde la perspectiva del derecho internacional\u00bb.<\/p>\n<p>2. Francisco Javier Caballero Anguiano, \u00abDial\u00e9ctica de la innovaci\u00f3n en la era de los monopolios generalizados: un an\u00e1lisis desde la teor\u00eda del valor\u00bb.<\/p>\n<p>3. Jorge Morales Cardiel, \u00abCrisis humanitaria de los migrantes centroamericanos en tr\u00e1nsito por M\u00e9xico: resistencia, migraci\u00f3n forzada y desarrollo desigual\u00bb.<\/p>\n<p>4. Sandra Paola Guerrero Sol\u00eds, \u00abHacia una transformaci\u00f3n del modelo acad\u00e9mico-institucional de la Universidad Aut\u00f3noma de Zacatecas\u00bb.<\/p>\n<h5>SUPERVISI\u00d3N DE INVESTIGACI\u00d3N POSDOCTORAL<\/h5>\n<p>1. Javier Taks Donas, \u00abPol\u00edticas p\u00fablicas sobre migraci\u00f3n y desarrollo para Uruguay, un pa\u00eds transnacionalizado\u00bb, Unidad Acad\u00e9mica en Estudios del Desarrollo, Universidad Aut\u00f3noma de Zacatecas, 2008.<\/p>\n<p>2. Carlos Alberto Roque Puente, \u00abFamilias migrantes de clase media rural. Medio siglo de circulaci\u00f3n de recursos sociales y econ\u00f3micos en el altiplano potosino\u00bb, Unidad Acad\u00e9mica en Estudios del Desarrollo, 2010.<\/p>\n<p>3. M\u00f3nica Guadalupe Ch\u00e1vez Elorza, \u00abEvoluci\u00f3n y caracterizaci\u00f3n de los migrantes mexicanos altamente calificados en Espa\u00f1a\u00bb, 2014.<\/p>\n<p>4. Pablo Pinazo Dallenbach, \u00abActitud emprendedora, propensi\u00f3n a emigrar, percepci\u00f3n de corrupci\u00f3n y percepci\u00f3n de inseguridad ciudadana en los estudiantes universitarios de Zacatecas\u00bb, 2017-2018.<\/p>\n<\/div>\n<\/div>\n\n\n<p><\/p>\n","protected":false},"excerpt":{"rendered":"<p>\u00a0 \u00a0 \u00a0 \u00a0 \u00a0 \u00a0 \u00a0 \u00a0 \u00a0 \u00a0 \u00a0 \u00a0 \u00a0 \u00a0 LICENCIATURA 1. Jos\u00e9 Luis Ram\u00edrez Hu\u00edzar, \u00abZacatecas en el contexto de la crisis y reorganizaci\u00f3n del capitalismo mexicano: 1982-1985\u00bb, Facultad de Econom\u00eda, Universidad Aut\u00f3noma de Zacatecas,<\/p>\n","protected":false},"author":2,"featured_media":0,"parent":0,"menu_order":0,"comment_status":"closed","ping_status":"closed","template":"","meta":{"footnotes":""},"class_list":["post-1247","page","type-page","status-publish","hentry"],"_links":{"self":[{"href":"https:\/\/estudiosdeldesarrollo.mx\/migracionydesarrollo\/wp-json\/wp\/v2\/pages\/1247","targetHints":{"allow":["GET"]}}],"collection":[{"href":"https:\/\/estudiosdeldesarrollo.mx\/migracionydesarrollo\/wp-json\/wp\/v2\/pages"}],"about":[{"href":"https:\/\/estudiosdeldesarrollo.mx\/migracionydesarrollo\/wp-json\/wp\/v2\/types\/page"}],"author":[{"embeddable":true,"href":"https:\/\/estudiosdeldesarrollo.mx\/migracionydesarrollo\/wp-json\/wp\/v2\/users\/2"}],"replies":[{"embeddable":true,"href":"https:\/\/estudiosdeldesarrollo.mx\/migracionydesarrollo\/wp-json\/wp\/v2\/comments?post=1247"}],"version-history":[{"count":6,"href":"https:\/\/estudiosdeldesarrollo.mx\/migracionydesarrollo\/wp-json\/wp\/v2\/pages\/1247\/revisions"}],"predecessor-version":[{"id":1425,"href":"https:\/\/estudiosdeldesarrollo.mx\/migracionydesarrollo\/wp-json\/wp\/v2\/pages\/1247\/revisions\/1425"}],"wp:attachment":[{"href":"https:\/\/estudiosdeldesarrollo.mx\/migracionydesarrollo\/wp-json\/wp\/v2\/media?parent=1247"}],"curies":[{"name":"wp","href":"https:\/\/api.w.org\/{rel}","templated":true}]}}