{"id":1239,"date":"2020-08-27T22:26:21","date_gmt":"2020-08-27T22:26:21","guid":{"rendered":"https:\/\/estudiosdeldesarrollo.mx\/migracionydesarrollo\/?page_id=1239"},"modified":"2021-03-04T18:00:21","modified_gmt":"2021-03-04T18:00:21","slug":"distinciones-2","status":"publish","type":"page","link":"https:\/\/estudiosdeldesarrollo.mx\/migracionydesarrollo\/distinciones-2\/","title":{"rendered":"Distinciones"},"content":{"rendered":"<div><img loading=\"lazy\" decoding=\"async\" class=\"size-medium wp-image-1333 aligncenter\" src=\"https:\/\/estudiosdeldesarrollo.mx\/migracionydesarrollo\/wp-content\/uploads\/2020\/09\/rdwisebyn-193x300.png\" alt=\"\" width=\"193\" height=\"300\" srcset=\"https:\/\/estudiosdeldesarrollo.mx\/migracionydesarrollo\/wp-content\/uploads\/2020\/09\/rdwisebyn-193x300.png 193w, https:\/\/estudiosdeldesarrollo.mx\/migracionydesarrollo\/wp-content\/uploads\/2020\/09\/rdwisebyn.png 300w\" sizes=\"auto, (max-width: 193px) 100vw, 193px\" \/>\n<p>\u00a0<\/p>\n<div style=\"float: left; align: center;\"><a href=\"https:\/\/estudiosdeldesarrollo.mx\/migracionydesarrollo\/personal-2\"><img decoding=\"async\" class=\"alignnone wp-image-111 size-medium\" src=\"https:\/\/estudiosdeldesarrollo.mx\/migracionydesarrollo\/wp-content\/uploads\/2020\/08\/btnpersonal.jpg\" alt=\"\" \/><\/a>\n<p>\u00a0<\/p>\n<\/div>\n<div style=\"float: left; align: center;\"><a href=\"https:\/\/estudiosdeldesarrollo.mx\/migracionydesarrollo\/posicionesacademicas\"><img decoding=\"async\" class=\"alignnone wp-image-111 size-medium\" src=\"https:\/\/estudiosdeldesarrollo.mx\/migracionydesarrollo\/wp-content\/uploads\/2020\/08\/btnposicionesa.jpg\" alt=\"\" \/><\/a>\n<p>\u00a0<\/p>\n<\/div>\n<div style=\"float: left; align: center;\"><a href=\"https:\/\/estudiosdeldesarrollo.mx\/migracionydesarrollo\/posicioneshonorarias\"><img decoding=\"async\" class=\"alignnone wp-image-111 size-medium\" src=\"https:\/\/estudiosdeldesarrollo.mx\/migracionydesarrollo\/wp-content\/uploads\/2020\/08\/btnposicionesh.jpg\" alt=\"\" \/><\/a>\n<p>\u00a0<\/p>\n<\/div>\n<div style=\"float: left; align: center;\"><a href=\"https:\/\/estudiosdeldesarrollo.mx\/migracionydesarrollo\/formacion-2\"><img decoding=\"async\" class=\"alignnone wp-image-111 size-medium\" src=\"https:\/\/estudiosdeldesarrollo.mx\/migracionydesarrollo\/wp-content\/uploads\/2020\/08\/btnformacion.jpg\" alt=\"\" \/><\/a>\n<p>\u00a0<\/p>\n<\/div>\n<div style=\"float: left; align: center;\"><a href=\"https:\/\/estudiosdeldesarrollo.mx\/migracionydesarrollo\/distinciones\"><img decoding=\"async\" class=\"alignnone wp-image-111 size-medium\" src=\"https:\/\/estudiosdeldesarrollo.mx\/migracionydesarrollo\/wp-content\/uploads\/2020\/08\/btndistinciones2.jpg\" alt=\"\" \/><\/a>\n<p>\u00a0<\/p>\n<\/div>\n<div style=\"float: left; align: center;\"><a href=\"https:\/\/estudiosdeldesarrollo.mx\/migracionydesarrollo\/sni\"><img decoding=\"async\" class=\"alignnone wp-image-111 size-medium\" src=\"https:\/\/estudiosdeldesarrollo.mx\/migracionydesarrollo\/wp-content\/uploads\/2020\/08\/btnsni.jpg\" alt=\"\" \/><\/a>\n<p>\u00a0<\/p>\n<\/div>\n<div style=\"float: left; align: center;\"><a href=\"https:\/\/estudiosdeldesarrollo.mx\/migracionydesarrollo\/tesis\"><img decoding=\"async\" class=\"alignnone wp-image-111 size-medium\" src=\"https:\/\/estudiosdeldesarrollo.mx\/migracionydesarrollo\/wp-content\/uploads\/2020\/08\/btntesis.jpg\" alt=\"\" \/><\/a>\n<p>\u00a0<\/p>\n<\/div>\n<div style=\"float: left; align: center;\"><a href=\"https:\/\/estudiosdeldesarrollo.mx\/migracionydesarrollo\/publicaciones\"><img decoding=\"async\" class=\"alignnone wp-image-111 size-medium\" src=\"https:\/\/estudiosdeldesarrollo.mx\/migracionydesarrollo\/wp-content\/uploads\/2020\/08\/btnpublicaciones.jpg\" alt=\"\" \/><\/a>\n<p>\u00a0<\/p>\n<\/div>\n<div style=\"float: left; align: center;\"><a href=\"https:\/\/estudiosdeldesarrollo.mx\/migracionydesarrollo\/proyectos\"><img decoding=\"async\" class=\"alignnone wp-image-111 size-medium\" src=\"https:\/\/estudiosdeldesarrollo.mx\/migracionydesarrollo\/wp-content\/uploads\/2020\/08\/btnproyectos.jpg\" alt=\"\" \/><\/a>\n<p>\u00a0<\/p>\n<\/div>\n<div style=\"float: left; align: center;\"><a href=\"https:\/\/estudiosdeldesarrollo.mx\/migracionydesarrollo\/presentaciones\"><img decoding=\"async\" class=\"alignnone wp-image-111 size-medium\" src=\"https:\/\/estudiosdeldesarrollo.mx\/migracionydesarrollo\/wp-content\/uploads\/2020\/08\/btnpresentaciones.jpg\" alt=\"\" \/><\/a>\n<p>\u00a0<\/p>\n<\/div>\n<div style=\"float: left; align: center;\"><a href=\"https:\/\/estudiosdeldesarrollo.mx\/migracionydesarrollo\/estancias\"><img decoding=\"async\" class=\"alignnone wp-image-111 size-medium\" src=\"https:\/\/estudiosdeldesarrollo.mx\/migracionydesarrollo\/wp-content\/uploads\/2020\/08\/btnestancias.jpg\" alt=\"\" \/><\/a>\n<p>\u00a0<\/p>\n<\/div>\n<div style=\"float: left; align: center;\"><a href=\"https:\/\/estudiosdeldesarrollo.mx\/migracionydesarrollo\/otros\"><img decoding=\"async\" class=\"alignnone wp-image-111 size-medium\" src=\"https:\/\/estudiosdeldesarrollo.mx\/migracionydesarrollo\/wp-content\/uploads\/2020\/08\/btnotros.jpg\" alt=\"\" \/><\/a>\n<p>\u00a0<\/p>\n<\/div>\n<div style=\"float: left; align: center;\"><a href=\"https:\/\/estudiosdeldesarrollo.mx\/migracionydesarrollo\/becas\"><img decoding=\"async\" class=\"alignnone wp-image-111 size-medium\" src=\"https:\/\/estudiosdeldesarrollo.mx\/migracionydesarrollo\/wp-content\/uploads\/2020\/08\/btnbecas.jpg\" alt=\"\" \/><\/a>\n<p>\u00a0<\/p>\n<\/div>\n<div style=\"float: left; padding: 5px; align: center;\">\n<h5>Medalla Gabino Barreda<\/h5>\n<p>Mejor Estudiante, Generaci\u00f3n 1974, UNAM, 1978<\/p>\n<h5>Menci\u00f3n Honor\u00edfica<\/h5>\n<p>Maestr\u00eda en Investigaci\u00f3n de Operaciones, UNAM, abril 1974<\/p>\n<h5>Premio de Investigaci\u00f3n Econ\u00f3mica Maestro Jes\u00fas Silva Herzog, 1993<\/h5>\n<p>Instituto de Investigaciones Econ\u00f3micas, UNAM, junio 1994<\/p>\n<h5>Miembro Regular de la Academia Mexicana de Ciencias<\/h5>\n<p>Noviembre 2001-presente<\/p>\n<h5>Miembro de n\u00famero (69) de la Academia Mexicana de Econom\u00eda Pol\u00edtica<\/h5>\n<p>Enero 2015-presente<\/p>\n<\/div>\n<\/div>\n\n\n<p><\/p>\n","protected":false},"excerpt":{"rendered":"<p>\u00a0 \u00a0 \u00a0 \u00a0 \u00a0 \u00a0 \u00a0 \u00a0 \u00a0 \u00a0 \u00a0 \u00a0 \u00a0 \u00a0 Medalla Gabino Barreda Mejor Estudiante, Generaci\u00f3n 1974, UNAM, 1978 Menci\u00f3n Honor\u00edfica Maestr\u00eda en Investigaci\u00f3n de Operaciones, UNAM, abril 1974 Premio de Investigaci\u00f3n Econ\u00f3mica Maestro Jes\u00fas Silva<\/p>\n","protected":false},"author":2,"featured_media":0,"parent":0,"menu_order":0,"comment_status":"closed","ping_status":"closed","template":"","meta":{"footnotes":""},"class_list":["post-1239","page","type-page","status-publish","hentry"],"_links":{"self":[{"href":"https:\/\/estudiosdeldesarrollo.mx\/migracionydesarrollo\/wp-json\/wp\/v2\/pages\/1239","targetHints":{"allow":["GET"]}}],"collection":[{"href":"https:\/\/estudiosdeldesarrollo.mx\/migracionydesarrollo\/wp-json\/wp\/v2\/pages"}],"about":[{"href":"https:\/\/estudiosdeldesarrollo.mx\/migracionydesarrollo\/wp-json\/wp\/v2\/types\/page"}],"author":[{"embeddable":true,"href":"https:\/\/estudiosdeldesarrollo.mx\/migracionydesarrollo\/wp-json\/wp\/v2\/users\/2"}],"replies":[{"embeddable":true,"href":"https:\/\/estudiosdeldesarrollo.mx\/migracionydesarrollo\/wp-json\/wp\/v2\/comments?post=1239"}],"version-history":[{"count":5,"href":"https:\/\/estudiosdeldesarrollo.mx\/migracionydesarrollo\/wp-json\/wp\/v2\/pages\/1239\/revisions"}],"predecessor-version":[{"id":1421,"href":"https:\/\/estudiosdeldesarrollo.mx\/migracionydesarrollo\/wp-json\/wp\/v2\/pages\/1239\/revisions\/1421"}],"wp:attachment":[{"href":"https:\/\/estudiosdeldesarrollo.mx\/migracionydesarrollo\/wp-json\/wp\/v2\/media?parent=1239"}],"curies":[{"name":"wp","href":"https:\/\/api.w.org\/{rel}","templated":true}]}}