{"id":1213,"date":"2020-08-27T21:21:39","date_gmt":"2020-08-27T21:21:39","guid":{"rendered":"https:\/\/estudiosdeldesarrollo.mx\/migracionydesarrollo\/?page_id=1213"},"modified":"2020-10-13T18:34:44","modified_gmt":"2020-10-13T18:34:44","slug":"personal-2","status":"publish","type":"page","link":"https:\/\/estudiosdeldesarrollo.mx\/migracionydesarrollo\/personal-2\/","title":{"rendered":"Informaci\u00f3n personal"},"content":{"rendered":"<div><img loading=\"lazy\" decoding=\"async\" class=\"size-medium wp-image-1333 aligncenter\" src=\"https:\/\/estudiosdeldesarrollo.mx\/migracionydesarrollo\/wp-content\/uploads\/2020\/09\/rdwisebyn-193x300.png\" alt=\"\" width=\"193\" height=\"300\" srcset=\"https:\/\/estudiosdeldesarrollo.mx\/migracionydesarrollo\/wp-content\/uploads\/2020\/09\/rdwisebyn-193x300.png 193w, https:\/\/estudiosdeldesarrollo.mx\/migracionydesarrollo\/wp-content\/uploads\/2020\/09\/rdwisebyn.png 300w\" sizes=\"auto, (max-width: 193px) 100vw, 193px\" \/><\/p>\n<div style=\"float: left; align: center;\"><a href=\"https:\/\/estudiosdeldesarrollo.mx\/migracionydesarrollo\/personal-2\"><img decoding=\"async\" class=\"alignnone wp-image-111 size-medium\" src=\"https:\/\/estudiosdeldesarrollo.mx\/migracionydesarrollo\/wp-content\/uploads\/2020\/08\/btnpersonal2.jpg\" alt=\"\" \/><\/a><\/p>\n<\/div>\n<div style=\"float: left; align: center;\"><a href=\"https:\/\/estudiosdeldesarrollo.mx\/migracionydesarrollo\/posicionesacademicas\"><img decoding=\"async\" class=\"alignnone wp-image-111 size-medium\" src=\"https:\/\/estudiosdeldesarrollo.mx\/migracionydesarrollo\/wp-content\/uploads\/2020\/08\/btnposicionesa.jpg\" alt=\"\" \/><\/a><\/p>\n<\/div>\n<div style=\"float: left; align: center;\"><a href=\"https:\/\/estudiosdeldesarrollo.mx\/migracionydesarrollo\/posicioneshonorarias\"><img decoding=\"async\" class=\"alignnone wp-image-111 size-medium\" src=\"https:\/\/estudiosdeldesarrollo.mx\/migracionydesarrollo\/wp-content\/uploads\/2020\/08\/btnposicionesh.jpg\" alt=\"\" \/><\/a><\/p>\n<\/div>\n<div style=\"float: left; align: center;\"><a href=\"https:\/\/estudiosdeldesarrollo.mx\/migracionydesarrollo\/formacion-2\"><img decoding=\"async\" class=\"alignnone wp-image-111 size-medium\" src=\"https:\/\/estudiosdeldesarrollo.mx\/migracionydesarrollo\/wp-content\/uploads\/2020\/08\/btnformacion.jpg\" alt=\"\" \/><\/a><\/p>\n<\/div>\n<div style=\"float: left; align: center;\"><a href=\"https:\/\/estudiosdeldesarrollo.mx\/migracionydesarrollo\/distinciones\"><img decoding=\"async\" class=\"alignnone wp-image-111 size-medium\" src=\"https:\/\/estudiosdeldesarrollo.mx\/migracionydesarrollo\/wp-content\/uploads\/2020\/08\/btndistinciones.jpg\" alt=\"\" \/><\/a><\/p>\n<\/div>\n<div style=\"float: left; align: center;\"><a href=\"https:\/\/estudiosdeldesarrollo.mx\/migracionydesarrollo\/sni\"><img decoding=\"async\" class=\"alignnone wp-image-111 size-medium\" src=\"https:\/\/estudiosdeldesarrollo.mx\/migracionydesarrollo\/wp-content\/uploads\/2020\/08\/btnsni.jpg\" alt=\"\" \/><\/a><\/p>\n<\/div>\n<div style=\"float: left; align: center;\"><a href=\"https:\/\/estudiosdeldesarrollo.mx\/migracionydesarrollo\/tesis\"><img decoding=\"async\" class=\"alignnone wp-image-111 size-medium\" src=\"https:\/\/estudiosdeldesarrollo.mx\/migracionydesarrollo\/wp-content\/uploads\/2020\/08\/btntesis.jpg\" alt=\"\" \/><\/a><\/p>\n<\/div>\n<div style=\"float: left; align: center;\"><a href=\"https:\/\/estudiosdeldesarrollo.mx\/migracionydesarrollo\/publicaciones\"><img decoding=\"async\" class=\"alignnone wp-image-111 size-medium\" src=\"https:\/\/estudiosdeldesarrollo.mx\/migracionydesarrollo\/wp-content\/uploads\/2020\/08\/btnpublicaciones.jpg\" alt=\"\" \/><\/a><\/p>\n<\/div>\n<div style=\"float: left; align: center;\"><a href=\"https:\/\/estudiosdeldesarrollo.mx\/migracionydesarrollo\/proyectos\"><img decoding=\"async\" class=\"alignnone wp-image-111 size-medium\" src=\"https:\/\/estudiosdeldesarrollo.mx\/migracionydesarrollo\/wp-content\/uploads\/2020\/08\/btnproyectos.jpg\" alt=\"\" \/><\/a><\/p>\n<\/div>\n<div style=\"float: left; align: center;\"><a href=\"https:\/\/estudiosdeldesarrollo.mx\/migracionydesarrollo\/presentaciones\"><img decoding=\"async\" class=\"alignnone wp-image-111 size-medium\" src=\"https:\/\/estudiosdeldesarrollo.mx\/migracionydesarrollo\/wp-content\/uploads\/2020\/08\/btnpresentaciones.jpg\" alt=\"\" \/><\/a><\/p>\n<\/div>\n<div style=\"float: left; align: center;\"><a href=\"https:\/\/estudiosdeldesarrollo.mx\/migracionydesarrollo\/estancias\"><img decoding=\"async\" class=\"alignnone wp-image-111 size-medium\" src=\"https:\/\/estudiosdeldesarrollo.mx\/migracionydesarrollo\/wp-content\/uploads\/2020\/08\/btnestancias.jpg\" alt=\"\" \/><\/a><\/p>\n<\/div>\n<div style=\"float: left; align: center;\"><a href=\"https:\/\/estudiosdeldesarrollo.mx\/migracionydesarrollo\/otros\"><img decoding=\"async\" class=\"alignnone wp-image-111 size-medium\" src=\"https:\/\/estudiosdeldesarrollo.mx\/migracionydesarrollo\/wp-content\/uploads\/2020\/08\/btnotros.jpg\" alt=\"\" \/><\/a><\/p>\n<\/div>\n<div style=\"float: left; align: center;\"><a href=\"https:\/\/estudiosdeldesarrollo.mx\/migracionydesarrollo\/becas\"><img decoding=\"async\" class=\"alignnone wp-image-111 size-medium\" src=\"https:\/\/estudiosdeldesarrollo.mx\/migracionydesarrollo\/wp-content\/uploads\/2020\/08\/btnbecas.jpg\" alt=\"\" \/><\/a><\/p>\n<\/div>\n<p style=\"float: left; align: center;\">Nombre: <strong>Ra\u00fal Delgado Wise<\/strong><br \/>\nNacionalidad: <strong>Mexicana<\/strong><br \/>\nCorreo-e:<strong> rdwise@uaz.edu.mx<\/strong><br \/>\nIdiomas:<strong> Espa\u00f1ol, Ingl\u00e9s<\/strong><br \/>\nResearchGate: <strong>https:\/\/www.researchgate.net\/profile\/Raul_Delgado_Wise<\/strong><br \/>\nORCID: <strong>0000-0002-9547-959X<\/strong><br \/>\nScopus Author ID: <strong>25224752100<\/strong><br \/>\nResearcherID: <strong>S-4210-2016<\/strong><br \/>\nCitas Google Acad\u00e9mico: <strong>https:\/\/scholar.google.com.mx\/citations?user=wAcwIL8AAAAJ&amp;hl=es<\/strong><\/p>\n<\/div>\n","protected":false},"excerpt":{"rendered":"<p>Nombre: Ra\u00fal Delgado Wise Nacionalidad: Mexicana Correo-e: rdwise@uaz.edu.mx Idiomas: Espa\u00f1ol, Ingl\u00e9s ResearchGate: https:\/\/www.researchgate.net\/profile\/Raul_Delgado_Wise ORCID: 0000-0002-9547-959X Scopus Author ID: 25224752100 ResearcherID: S-4210-2016 Citas Google Acad\u00e9mico: https:\/\/scholar.google.com.mx\/citations?user=wAcwIL8AAAAJ&amp;hl=es<\/p>\n","protected":false},"author":2,"featured_media":0,"parent":0,"menu_order":0,"comment_status":"closed","ping_status":"closed","template":"","meta":{"footnotes":""},"class_list":["post-1213","page","type-page","status-publish","hentry"],"_links":{"self":[{"href":"https:\/\/estudiosdeldesarrollo.mx\/migracionydesarrollo\/wp-json\/wp\/v2\/pages\/1213","targetHints":{"allow":["GET"]}}],"collection":[{"href":"https:\/\/estudiosdeldesarrollo.mx\/migracionydesarrollo\/wp-json\/wp\/v2\/pages"}],"about":[{"href":"https:\/\/estudiosdeldesarrollo.mx\/migracionydesarrollo\/wp-json\/wp\/v2\/types\/page"}],"author":[{"embeddable":true,"href":"https:\/\/estudiosdeldesarrollo.mx\/migracionydesarrollo\/wp-json\/wp\/v2\/users\/2"}],"replies":[{"embeddable":true,"href":"https:\/\/estudiosdeldesarrollo.mx\/migracionydesarrollo\/wp-json\/wp\/v2\/comments?post=1213"}],"version-history":[{"count":7,"href":"https:\/\/estudiosdeldesarrollo.mx\/migracionydesarrollo\/wp-json\/wp\/v2\/pages\/1213\/revisions"}],"predecessor-version":[{"id":1362,"href":"https:\/\/estudiosdeldesarrollo.mx\/migracionydesarrollo\/wp-json\/wp\/v2\/pages\/1213\/revisions\/1362"}],"wp:attachment":[{"href":"https:\/\/estudiosdeldesarrollo.mx\/migracionydesarrollo\/wp-json\/wp\/v2\/media?parent=1213"}],"curies":[{"name":"wp","href":"https:\/\/api.w.org\/{rel}","templated":true}]}}