{"id":1086,"date":"2020-05-20T23:06:14","date_gmt":"2020-05-20T23:06:14","guid":{"rendered":"https:\/\/estudiosdeldesarrollo.mx\/migracionydesarrollo\/?page_id=1086"},"modified":"2023-12-01T20:53:47","modified_gmt":"2023-12-01T20:53:47","slug":"numero-33","status":"publish","type":"page","link":"https:\/\/estudiosdeldesarrollo.mx\/migracionydesarrollo\/numero-33\/","title":{"rendered":"N\u00famero 33"},"content":{"rendered":"<div id=\"contenedor30\">\n<div style=\"float: left;\">\n<p><img loading=\"lazy\" decoding=\"async\" class=\" wp-image-111 alignleft\" src=\"https:\/\/estudiosdeldesarrollo.mx\/migracionydesarrollo\/wp-content\/uploads\/2020\/05\/MyD33.jpg\" alt=\"\" width=\"177\" height=\"246\" \/><\/p>\n<p><span style=\"color: #d42f02;\"><strong><em>Migraci\u00f3n y Desarrollo<\/em>, volumen 17, n\u00famero 33, segundo semestre 2019<\/strong><\/span>, es una publicaci\u00f3n semestral editada por la Universidad Aut\u00f3noma de Zacatecas \u00abFrancisco Garc\u00eda Salinas\u00bb, a trav\u00e9s de la Unidad Acad\u00e9mica de Estudios del Desarrollo, Jard\u00edn Ju\u00e1rez 147, colonia Centro, Zacatecas, C.P. 98000, Tel. (01492) 922 91 09, www.uaz.edu.mx, www.estudiosdeldesarrollo.net, revistamyd@estudiosdeldesarrollo.net. Editor responsable: Ra\u00fal Delgado Wise. Reserva de Derechos al Uso Exclusivo V\u00eda Red C\u00f3mputo No. 04-2015-060212200400-203. ISSN: 2448-7783, ambos otorgados por el Instituto Nacional del Derecho de Autor. Responsable de \u00faltima actualizaci\u00f3n: Unidad Acad\u00e9mica de Estudios del Desarrollo, Maximino Gerardo Luna Estrada, Campus Universitario II, avenida Preparatoria s\/n, fraccionamiento Progreso, Zacatecas, C.P. 98065. Fecha de la \u00faltima modificaci\u00f3n, noviembre de 2019.<\/p>\n<p>Las opiniones expresadas por los autores no necesariamente reflejan la postura del editor de la publicaci\u00f3n. Queda estrictamente prohibida la reproducci\u00f3n total o parcial de los contenidos e im\u00e1genes de la publicaci\u00f3n sin previa autorizaci\u00f3n de la Universidad Aut\u00f3noma de Zacatecas \u00abFrancisco Garc\u00eda Salinas\u00bb a trav\u00e9s de la Unidad Acad\u00e9mica de Estudios del Desarrollo.<\/p>\n<p><span style=\"color: #000000;\"><a style=\"color: #000000;\" href=\"https:\/\/doi.org\/10.35533\/myd.numero33\" target=\"_blank\" rel=\"noopener noreferrer\">https:\/\/doi.org\/10.35533\/myd.numero33<\/a><\/span><\/p>\n<\/div>\n<div style=\"float: left; background-color: #f2f2f2; padding: 10px; width: 100%;\">\n<h4 style=\"color: #d42f02;\"><span style=\"color: #d42f02;\"><b><big>Art\u00edculos<\/big><\/b><\/span><\/h4>\n<p><a href=\"https:\/\/estudiosdeldesarrollo.mx\/migracionydesarrollo\/wp-content\/uploads\/2020\/06\/33-1.pdf\" target=\"_blank\" rel=\"noopener noreferrer\"><big><span style=\"color: #000000;\">Transformaci\u00f3n social y migraci\u00f3n internacional en la era neoliberal: una propuesta te\u00f3rica<\/span><\/big><\/a><br \/><span style=\"color: #808080;\"><b>Magdalena Arias Cubas<br \/><\/b><\/span><a style=\"color: #999999;\" href=\"https:\/\/doi.org\/10.35533\/myd.1733.mac\" target=\"_blank\" rel=\"noopener noreferrer\">https:\/\/doi.org\/10.35533\/myd.1733.mac<\/a><\/p>\n<p><a href=\"https:\/\/estudiosdeldesarrollo.mx\/migracionydesarrollo\/wp-content\/uploads\/2021\/06\/33-2.pdf\" target=\"_blank\" rel=\"noopener noreferrer\"><big><span style=\"color: #000000;\">Gramsci, migrantes y sindicatos: el caso irland\u00e9s<\/span><\/big><\/a><br \/><span style=\"color: #808080;\"><strong>Ronaldo Munck | Mary Hyland<br \/><\/strong><\/span><a style=\"color: #999999;\" href=\"https:\/\/doi.org\/10.35533\/myd.1733.rm.mh\" target=\"_blank\" rel=\"noopener noreferrer\">https:\/\/doi.org\/10.35533\/myd.1733.rm.mh<\/a><\/p>\n<p><a href=\"https:\/\/estudiosdeldesarrollo.mx\/migracionydesarrollo\/wp-content\/uploads\/2020\/06\/33-3.pdf\" target=\"_blank\" rel=\"noopener noreferrer\"><big><span style=\"color: #000000;\">Paradojas de la inmigraci\u00f3n mexicana a Estados Unidos en \u00e1reas de la salud<\/span><\/big><\/a><br \/><span style=\"color: #808080;\"><strong>Selene Gaspar Olvera<br \/><\/strong><\/span><a style=\"color: #999999;\" href=\"https:\/\/doi.org\/10.35533\/myd.1733.sgo\" target=\"_blank\" rel=\"noopener noreferrer\">https:\/\/doi.org\/10.35533\/myd.1733.sgo<\/a><\/p>\n<p><a href=\"https:\/\/estudiosdeldesarrollo.mx\/migracionydesarrollo\/wp-content\/uploads\/2020\/06\/33-4.pdf\" target=\"_blank\" rel=\"noopener noreferrer\"><big><span style=\"color: #000000;\">Trayectorias laborales y redes sociales de nuevos inmigrantes chinos residentes en M\u00e9xico<\/span><\/big><\/a><br \/><span style=\"color: #808080;\"><strong>Luz Helena Rodr\u00edguez Tapia | Mar\u00eda Eugenia Anguiano T\u00e9llez<\/strong><\/span><a style=\"color: #999999;\" href=\"https:\/\/doi.org\/10.35533\/myd.1733.lhrt.meat\" target=\"_blank\" rel=\"noopener noreferrer\">https:\/\/doi.org\/10.35533\/myd.1733.lhrt.meat<\/a><\/p>\n<p><a href=\"https:\/\/estudiosdeldesarrollo.mx\/migracionydesarrollo\/wp-content\/uploads\/2020\/06\/33-5.pdf\" target=\"_blank\" rel=\"noopener noreferrer\"><big><span style=\"color: #000000;\">Orientaciones actuales de la pol\u00edtica migratoria con una visi\u00f3n desde el Sur global<\/span><\/big><\/a><br \/><span style=\"color: #808080;\"><strong>Arturo Nieto Mendoza<br \/><\/strong><\/span><a style=\"color: #999999;\" href=\"https:\/\/doi.org\/10.35533\/myd.1733.anm\" target=\"_blank\" rel=\"noopener noreferrer\">https:\/\/doi.org\/10.35533\/myd.1733.anm<\/a><\/p>\n<h4 style=\"color: #d42f02;\"><span style=\"color: #d42f02;\"><b>Coyuntura y debate<\/b><\/span><\/h4>\n<p><a href=\"https:\/\/estudiosdeldesarrollo.mx\/migracionydesarrollo\/wp-content\/uploads\/2020\/06\/33-6.pdf\" target=\"_blank\" rel=\"noopener noreferrer\"><big><span style=\"color: #000000;\">Comportamiento de las relaciones migratorias entre Cuba y Estados Unidos desde 1959 hasta la actualidad<\/span><\/big><\/a><br \/><span style=\"color: #808080;\"><strong>Elier C\u00f3rdoba Carracedo | Ernesto Santiesteban Leyva | Enaidy Reynosa Navarro<br \/><\/strong><\/span><a style=\"color: #999999;\" href=\"https:\/\/doi.org\/10.35533\/myd.1733.ecc.esl.ern\" target=\"_blank\" rel=\"noopener noreferrer\">https:\/\/doi.org\/10.35533\/myd.1733.ecc.esl.ern<\/a><\/p>\n<h4 style=\"color: #d42f02;\"><span style=\"color: #d42f02;\"><b>La voz de los actores<\/b><\/span><\/h4>\n<p><a href=\"https:\/\/estudiosdeldesarrollo.mx\/migracionydesarrollo\/wp-content\/uploads\/2020\/06\/33-7.pdf\" target=\"_blank\" rel=\"noopener noreferrer\"><big><span style=\"color: #000000;\">Es tiempo de dirigir la migraci\u00f3n juntos: una oportunidad para Europa y \u00c1frica<\/span><\/big><\/a><br \/><span style=\"color: #808080;\"><strong>Foundation for European Progressive Studies (FEPS)<br \/><\/strong><\/span><a style=\"color: #999999;\" href=\"https:\/\/doi.org\/10.35533\/myd.1733.feps\" target=\"_blank\" rel=\"noopener noreferrer\">https:\/\/doi.org\/10.35533\/myd.1733.feps<\/a><\/p>\n<h4 style=\"color: #d42f02;\"><a href=\"https:\/\/estudiosdeldesarrollo.mx\/migracionydesarrollo\/wp-content\/uploads\/2020\/05\/33-Semblanzas.pdf\" target=\"_blank\" rel=\"noopener noreferrer\"><span style=\"color: #d42f02;\"><span style=\"color: #d42f02;\">Semblanzas<\/span><\/span><\/a><\/h4>\n<\/div>\n<\/div>\n<p><a href=\"http:\/\/creativecommons.org\/licenses\/by-nc-nd\/4.0\/\" rel=\"license\"><img decoding=\"async\" style=\"border-width: 0;\" src=\"https:\/\/i.creativecommons.org\/l\/by-nc-nd\/4.0\/88x31.png\" alt=\"Licencia de Creative Commons\" \/><\/a><br \/><span style=\"color: #000000;\">Este obra est\u00e1 bajo una <a style=\"color: #000000;\" href=\"http:\/\/creativecommons.org\/licenses\/by-nc-nd\/4.0\/\" rel=\"license\">licencia de Creative Commons Reconocimiento-NoComercial-SinObraDerivada 4.0 Internacional<\/a>.<\/span><\/p>\n\n\n<p><\/p>\n","protected":false},"excerpt":{"rendered":"<p>Migraci\u00f3n y Desarrollo, volumen 17, n\u00famero 33, segundo semestre 2019, es una publicaci\u00f3n semestral editada por la Universidad Aut\u00f3noma de Zacatecas \u00abFrancisco Garc\u00eda Salinas\u00bb, a trav\u00e9s de la Unidad Acad\u00e9mica de Estudios del Desarrollo, Jard\u00edn Ju\u00e1rez 147, colonia Centro, Zacatecas,<\/p>\n","protected":false},"author":2,"featured_media":0,"parent":0,"menu_order":0,"comment_status":"closed","ping_status":"closed","template":"","meta":{"footnotes":""},"class_list":["post-1086","page","type-page","status-publish","hentry"],"_links":{"self":[{"href":"https:\/\/estudiosdeldesarrollo.mx\/migracionydesarrollo\/wp-json\/wp\/v2\/pages\/1086","targetHints":{"allow":["GET"]}}],"collection":[{"href":"https:\/\/estudiosdeldesarrollo.mx\/migracionydesarrollo\/wp-json\/wp\/v2\/pages"}],"about":[{"href":"https:\/\/estudiosdeldesarrollo.mx\/migracionydesarrollo\/wp-json\/wp\/v2\/types\/page"}],"author":[{"embeddable":true,"href":"https:\/\/estudiosdeldesarrollo.mx\/migracionydesarrollo\/wp-json\/wp\/v2\/users\/2"}],"replies":[{"embeddable":true,"href":"https:\/\/estudiosdeldesarrollo.mx\/migracionydesarrollo\/wp-json\/wp\/v2\/comments?post=1086"}],"version-history":[{"count":5,"href":"https:\/\/estudiosdeldesarrollo.mx\/migracionydesarrollo\/wp-json\/wp\/v2\/pages\/1086\/revisions"}],"predecessor-version":[{"id":2166,"href":"https:\/\/estudiosdeldesarrollo.mx\/migracionydesarrollo\/wp-json\/wp\/v2\/pages\/1086\/revisions\/2166"}],"wp:attachment":[{"href":"https:\/\/estudiosdeldesarrollo.mx\/migracionydesarrollo\/wp-json\/wp\/v2\/media?parent=1086"}],"curies":[{"name":"wp","href":"https:\/\/api.w.org\/{rel}","templated":true}]}}