{"id":1009,"date":"2019-10-17T14:41:08","date_gmt":"2019-10-17T14:41:08","guid":{"rendered":"https:\/\/estudiosdeldesarrollo.mx\/migracionydesarrollo\/?page_id=1009"},"modified":"2026-04-14T20:23:15","modified_gmt":"2026-04-14T20:23:15","slug":"numero-32","status":"publish","type":"page","link":"https:\/\/estudiosdeldesarrollo.mx\/migracionydesarrollo\/numero-32\/","title":{"rendered":"N\u00famero 32"},"content":{"rendered":"<div id=\"contenedor30\">\n<div style=\"float: left;\">\n<div>\n<p><img loading=\"lazy\" decoding=\"async\" class=\" wp-image-111 alignleft\" src=\"https:\/\/estudiosdeldesarrollo.mx\/migracionydesarrollo\/wp-content\/uploads\/2019\/10\/MyD32.jpg\" alt=\"\" width=\"177\" height=\"246\" \/><\/p>\n<p><span style=\"color: #800000;\"><strong><em>Migraci\u00f3n y Desarrollo<\/em>, volumen 17, n\u00famero 32, primer semestre 2019<\/strong><\/span>, es una publicaci\u00f3n semestral editada por la Universidad Aut\u00f3noma de Zacatecas \u00abFrancisco Garc\u00eda Salinas\u00bb, a trav\u00e9s de la Unidad Acad\u00e9mica de Estudios del Desarrollo, Jard\u00edn Ju\u00e1rez 147, colonia Centro, Zacatecas, C.P. 98000, Tel. (01492) 922 91 09, www.uaz.edu.mx, www.estudiosdeldesarrollo.net, revistamyd@estudiosdeldesarrollo.net. Editor responsable: Ra\u00fal Delgado Wise. Reserva de Derechos al Uso Exclusivo V\u00eda Red C\u00f3mputo No. 04-2015-060212200400-203. ISSN: 2448-7783, ambos otorgados por el Instituto Nacional del Derecho de Autor. Responsable de \u00faltima actualizaci\u00f3n: Unidad Acad\u00e9mica de Estudios del Desarrollo, Maximino Gerardo Luna Estrada, Campus Universitario II, avenida Preparatoria s\/n, fraccionamiento Progreso, Zacatecas, C.P. 98065. Fecha de la \u00faltima modificaci\u00f3n, febrero de 2019.<\/p>\n<p>Las opiniones expresadas por los autores no necesariamente reflejan la postura del editor de la publicaci\u00f3n. Queda estrictamente prohibida la reproducci\u00f3n total o parcial de los contenidos e im\u00e1genes de la publicaci\u00f3n sin previa autorizaci\u00f3n de la Universidad Aut\u00f3noma de Zacatecas \u00abFrancisco Garc\u00eda Salinas\u00bb a trav\u00e9s de la Unidad Acad\u00e9mica de Estudios del Desarrollo.<\/p>\n<p><span style=\"color: #000000;\"><a style=\"color: #000000;\" href=\"https:\/\/doi.org\/10.35533\/myd.numero32\">https:\/\/doi.org\/10.35533\/myd.numero32<\/a><\/span><\/p>\n<\/div>\n<\/div>\n<div style=\"float: left; background-color: #f2f2f2; padding: 10px; width: 100%;\">\n<h4 style=\"color: #0599a3;\"><span style=\"color: #800000;\"><b><big>Art\u00edculos<\/big><\/b><\/span><\/h4>\n<p><a href=\"https:\/\/estudiosdeldesarrollo.mx\/migracionydesarrollo\/wp-content\/uploads\/2020\/06\/32-1.pdf\" target=\"_blank\" rel=\"noopener noreferrer\"><big><span style=\"color: #000000;\">Ciudades solidarias y cosmopolitismo desde abajo. Barcelona como ciudad refugio<\/span><\/big><\/a><br \/><span style=\"color: #808080;\"><b>\u00d3scar Garc\u00eda Agust\u00edn | Martin Bak J\u00f8rgensen<br \/><\/b><\/span><a style=\"color: #999999;\" href=\"https:\/\/doi.org\/10.35533\/myd.1732.oga.mbj\" target=\"_blank\" rel=\"noopener noreferrer\">https:\/\/doi.org\/10.35533\/myd.1732.oga.mbj<\/a><\/p>\n<p><a href=\"https:\/\/estudiosdeldesarrollo.mx\/migracionydesarrollo\/wp-content\/uploads\/2020\/06\/32-2.pdf\" target=\"_blank\" rel=\"noopener noreferrer\"><big><span style=\"color: #000000;\">La perspectiva feminista de g\u00e9nero en la migraci\u00f3n laboral internacional<\/span><\/big><\/a><br \/><span style=\"color: #808080;\"><strong>Genoveva Rold\u00e1n D\u00e1vila<br \/><\/strong><\/span><a style=\"color: #999999;\" href=\"https:\/\/doi.org\/10.35533\/myd.1732.grd\" target=\"_blank\" rel=\"noopener noreferrer\">https:\/\/doi.org\/10.35533\/myd.1732.grd<\/a><\/p>\n<p><a href=\"https:\/\/estudiosdeldesarrollo.mx\/migracionydesarrollo\/wp-content\/uploads\/2020\/06\/32-3.pdf\" target=\"_blank\" rel=\"noopener noreferrer\"><big><span style=\"color: #000000;\">El marco regulatorio de las patentes en la reestructuraci\u00f3n de los sistemas de innovaci\u00f3n y la nueva migraci\u00f3n calificada<\/span><\/big><\/a><br \/><span style=\"color: #808080;\"><strong>Juli\u00e1n Pinazo-Dallenbach | Ra\u00fal Delgado Wise<br \/><\/strong><\/span><a style=\"color: #999999;\" href=\"https:\/\/doi.org\/10.35533\/myd.1732.jpd.rdw\" target=\"_blank\" rel=\"noopener noreferrer\">https:\/\/doi.org\/10.35533\/myd.1732.jpd.rdw<\/a><\/p>\n<p><a href=\"https:\/\/estudiosdeldesarrollo.mx\/migracionydesarrollo\/wp-content\/uploads\/2020\/06\/32-4.pdf\" target=\"_blank\" rel=\"noopener noreferrer\"><big><span style=\"color: #000000;\">Migraci\u00f3n, trabajo y acumulaci\u00f3n de capital. Hacia un enfoque comprehensivo de las migraciones en el capitalismo global<\/span><\/big><\/a><br \/><span style=\"color: #808080;\"><strong>Alejandro I. Canales<\/strong><\/span><br \/><a style=\"color: #999999;\" href=\"https:\/\/doi.org\/10.35533\/myd.1732.aic\" target=\"_blank\" rel=\"noopener noreferrer\">https:\/\/doi.org\/10.35533\/myd.1732.aic<\/a><\/p>\n<p><a href=\"https:\/\/estudiosdeldesarrollo.mx\/migracionydesarrollo\/wp-content\/uploads\/2020\/06\/32-5.pdf\" target=\"_blank\" rel=\"noopener noreferrer\"><big><span style=\"color: #000000;\">\u00bfCu\u00e1nto gasta el gobierno de M\u00e9xico al expulsar a una persona extranjera indocumentada del pa\u00eds?<\/span><\/big><\/a><br \/><span style=\"color: #808080;\"><strong>Rodolfo Casillas R.<br \/><\/strong><\/span><a style=\"color: #999999;\" href=\"https:\/\/doi.org\/10.35533\/myd.1732.rcr\" target=\"_blank\" rel=\"noopener noreferrer\">https:\/\/doi.org\/10.35533\/myd.1732.rcr<\/a><\/p>\n<h4 style=\"color: #0599a3;\"><span style=\"color: #800000;\"><b>Coyuntura y debate<\/b><\/span><\/h4>\n<p><a href=\"https:\/\/estudiosdeldesarrollo.mx\/migracionydesarrollo\/wp-content\/uploads\/2020\/06\/32-6.pdf\" target=\"_blank\" rel=\"noopener noreferrer\"><big><span style=\"color: #000000;\">El derecho de fuga de los migrantes centroamericanos y los desaf\u00edos de M\u00e9xico como pa\u00eds de tr\u00e1nsito<\/span><\/big><\/a><br \/><span style=\"color: #808080;\"><strong>Daniel Villafuerte Sol\u00eds | Mar\u00eda del Carmen Garc\u00eda Aguilar<br \/><\/strong><\/span><a style=\"color: #999999;\" href=\"https:\/\/doi.org\/10.35533\/myd.1732.dvs.mcga\" target=\"_blank\" rel=\"noopener noreferrer\">https:\/\/doi.org\/10.35533\/myd.1732.dvs.mcga<\/a><\/p>\n<h4 style=\"color: #0599a3;\"><span style=\"color: #800000;\"><b>La voz de los actores<\/b><\/span><\/h4>\n<p><a href=\"https:\/\/estudiosdeldesarrollo.mx\/migracionydesarrollo\/wp-content\/uploads\/2020\/06\/32-7.pdf\" target=\"_blank\" rel=\"noopener noreferrer\"><big><span style=\"color: #000000;\">Diez puntos de referencia para un discurso progresista sobre la migraci\u00f3n<\/span><\/big><\/a><br \/><span style=\"color: #808080;\"><strong>Grupo de Migraci\u00f3n Global de la Foundation for European Progressive Studies (FEPS)<br \/><\/strong><\/span><\/p>\n<p><a href=\"https:\/\/estudiosdeldesarrollo.mx\/migracionydesarrollo\/wp-content\/uploads\/2022\/07\/32-8.pdf\" target=\"_blank\" rel=\"noopener noreferrer\"><big><span style=\"color: #000000;\">El presente de la migraci\u00f3n alrededor del orbe: una mirada reflexiva de Thomas Faist, Antoine P\u00e9coud y Carl-Ulrik Schierup y Simone Scarpa<\/span><\/big><\/a><br \/><span style=\"color: #808080;\"><strong>Georgia Aral\u00fa Gonz\u00e1lez P\u00e9rez<br \/><\/strong><\/span><a style=\"color: #999999;\" href=\"https:\/\/doi.org\/10.35533\/myd.1732.gagp\" target=\"_blank\" rel=\"noopener noreferrer\">https:\/\/doi.org\/10.35533\/myd.1732.gagp<\/a><\/p>\n<h4 style=\"color: #0599a3;\"><a href=\"https:\/\/estudiosdeldesarrollo.mx\/migracionydesarrollo\/wp-content\/uploads\/2026\/04\/32-S.pdf\" target=\"_blank\" rel=\"noopener noreferrer\"><span style=\"color: #0599a3;\"><span style=\"color: #800000;\">Semblanzas<\/span><\/span><\/a><\/h4>\n<\/div>\n<\/div>\n<p><a href=\"http:\/\/creativecommons.org\/licenses\/by-nc-nd\/4.0\/\" rel=\"license\"><img decoding=\"async\" style=\"border-width: 0;\" src=\"https:\/\/i.creativecommons.org\/l\/by-nc-nd\/4.0\/88x31.png\" alt=\"Licencia de Creative Commons\" \/><\/a><br \/><span style=\"color: #808080;\">Este obra est\u00e1 bajo una <a style=\"color: #808080;\" href=\"http:\/\/creativecommons.org\/licenses\/by-nc-nd\/4.0\/\" rel=\"license\">licencia de Creative Commons Reconocimiento-NoComercial-SinObraDerivada 4.0 Internacional<\/a>.<\/span><\/p>\n\n\n<p><\/p>\n","protected":false},"excerpt":{"rendered":"<p>Migraci\u00f3n y Desarrollo, volumen 17, n\u00famero 32, primer semestre 2019, es una publicaci\u00f3n semestral editada por la Universidad Aut\u00f3noma de Zacatecas \u00abFrancisco Garc\u00eda Salinas\u00bb, a trav\u00e9s de la Unidad Acad\u00e9mica de Estudios del Desarrollo, Jard\u00edn Ju\u00e1rez 147, colonia Centro, Zacatecas,<\/p>\n","protected":false},"author":2,"featured_media":0,"parent":0,"menu_order":0,"comment_status":"closed","ping_status":"closed","template":"","meta":{"footnotes":""},"class_list":["post-1009","page","type-page","status-publish","hentry"],"_links":{"self":[{"href":"https:\/\/estudiosdeldesarrollo.mx\/migracionydesarrollo\/wp-json\/wp\/v2\/pages\/1009","targetHints":{"allow":["GET"]}}],"collection":[{"href":"https:\/\/estudiosdeldesarrollo.mx\/migracionydesarrollo\/wp-json\/wp\/v2\/pages"}],"about":[{"href":"https:\/\/estudiosdeldesarrollo.mx\/migracionydesarrollo\/wp-json\/wp\/v2\/types\/page"}],"author":[{"embeddable":true,"href":"https:\/\/estudiosdeldesarrollo.mx\/migracionydesarrollo\/wp-json\/wp\/v2\/users\/2"}],"replies":[{"embeddable":true,"href":"https:\/\/estudiosdeldesarrollo.mx\/migracionydesarrollo\/wp-json\/wp\/v2\/comments?post=1009"}],"version-history":[{"count":5,"href":"https:\/\/estudiosdeldesarrollo.mx\/migracionydesarrollo\/wp-json\/wp\/v2\/pages\/1009\/revisions"}],"predecessor-version":[{"id":2679,"href":"https:\/\/estudiosdeldesarrollo.mx\/migracionydesarrollo\/wp-json\/wp\/v2\/pages\/1009\/revisions\/2679"}],"wp:attachment":[{"href":"https:\/\/estudiosdeldesarrollo.mx\/migracionydesarrollo\/wp-json\/wp\/v2\/media?parent=1009"}],"curies":[{"name":"wp","href":"https:\/\/api.w.org\/{rel}","templated":true}]}}