{"id":461,"date":"2018-11-28T15:49:55","date_gmt":"2018-11-28T15:49:55","guid":{"rendered":"https:\/\/estudiosdeldesarrollo.mx\/estudioscriticosdeldesarrollo\/?page_id=461"},"modified":"2025-07-10T16:33:45","modified_gmt":"2025-07-10T16:33:45","slug":"numero-5","status":"publish","type":"page","link":"https:\/\/estudiosdeldesarrollo.mx\/estudioscriticosdeldesarrollo\/numero-5\/","title":{"rendered":"N\u00famero 5"},"content":{"rendered":"<div id=\"contenedor30\">\n<div style=\"float: left;\">\n<div>\n<p><img loading=\"lazy\" decoding=\"async\" class=\"wp-image-375 alignleft\" src=\"https:\/\/estudiosdeldesarrollo.mx\/estudioscriticosdeldesarrollo\/wp-content\/uploads\/2019\/01\/ECD05.jpg\" alt=\"\" width=\"159\" height=\"226\" \/><\/p>\n<p><span style=\"color: #718a6f;\"><strong><em>Estudios Cr\u00edticos del Desarrollo<\/em>, volumen III, n\u00famero 5, segundo semestre 2013<\/strong><\/span>, es una publicaci\u00f3n semestral editada por la Universidad Aut\u00f3noma de Zacatecas \u00abFrancisco Garc\u00eda Salinas\u00bb, a trav\u00e9s de la Unidad Acad\u00e9mica de Estudios del Desarrollo, Jard\u00edn Ju\u00e1rez 147, colonia Centro, Zacatecas, C.P. 98000, Tel. (01492) 922 91 09, www.uaz.edu.mx, www.estudiosdeldesarrollo.mx, revistaecd@uaz.edu.mx. Editor responsable: Humberto M\u00e1rquez Covarrubias. Reserva de Derechos al Uso Exclusivo V\u00eda Red C\u00f3mputo No. 04-2015-060212193100-203. ISSN: 2594-0899, ambos otorgados por el Instituto Nacional del Derecho de Autor. Responsable de \u00faltima actualizaci\u00f3n: Unidad Acad\u00e9mica de Estudios del Desarrollo, Maximino Gerardo Luna Estrada, Campus Universitario II, avenida Preparatoria s\/n, fraccionamiento Progreso, Zacatecas, C.P. 98065. Fecha de la \u00faltima modificaci\u00f3n, octubre de 2013.<\/p>\n<p>Las opiniones expresadas por los autores no necesariamente reflejan la postura del editor de la publicaci\u00f3n. Queda estrictamente prohibida la reproducci\u00f3n total o parcial de los contenidos e im\u00e1genes de la publicaci\u00f3n sin previa autorizaci\u00f3n de la Universidad Aut\u00f3noma de Zacatecas \u00abFrancisco Garc\u00eda Salinas\u00bb a trav\u00e9s de la Unidad Acad\u00e9mica de Estudios del Desarrollo.<br \/>\n<a style=\"color: #999999;\" href=\"https:\/\/doi.org\/10.35533\/ecd.numero5\" target=\"_blank\" rel=\"noopener noreferrer\">https:\/\/doi.org\/10.35533\/ecd.numero5<\/a><\/p>\n<\/div>\n<\/div>\n<div style=\"float: left; background-color: #f2f2f2; padding: 10px; width: 100%;\">\n<h4 style=\"color: #718a6f;\"><span style=\"color: #000000;\"><a style=\"color: #718a6f;\" href=\"https:\/\/estudiosdeldesarrollo.mx\/estudioscriticosdeldesarrollo\/wp-content\/uploads\/2019\/01\/ECD5-edito.pdf\" target=\"_blank\" rel=\"noopener noreferrer\"><b>Editorial<\/b><\/a><\/span><\/h4>\n<p><span style=\"color: #808080;\"><b>Humberto M\u00e1rquez Covarrubias<\/b><\/span><\/p>\n<h4 style=\"color: #718a6f;\"><b>Art\u00edculos<\/b><\/h4>\n<p><a href=\"https:\/\/estudiosdeldesarrollo.mx\/estudioscriticosdeldesarrollo\/wp-content\/uploads\/2019\/01\/ECD5-1.pdf\" target=\"_blank\" rel=\"noopener noreferrer\"><big><span style=\"color: #000000;\">Capitalism and poverty. Automation signals the final stage of capitalism. Basic income for a peaceful transition to post-capitalism<\/span><\/big><\/a><br \/>\n<span style=\"color: #808080;\"><b>Julio Boltvinik<\/b><\/span><br \/>\n<a style=\"color: #999999;\" href=\"https:\/\/doi.org\/10.35533\/ecd.0305.jb\" target=\"_blank\" rel=\"noopener noreferrer\">https:\/\/doi.org\/10.35533\/ecd.0305.jb<\/a><br \/>\n<big><\/big><\/p>\n<p><a href=\"https:\/\/estudiosdeldesarrollo.mx\/estudioscriticosdeldesarrollo\/wp-content\/uploads\/2019\/01\/ECD5-2.pdf\" target=\"_blank\" rel=\"noopener noreferrer\"><big><span style=\"color: #000000;\">La dieta estadounidense y la dependencia alimentaria en Am\u00e9rica Latina<\/span><\/big><\/a><br \/>\n<span style=\"color: #808080;\"><strong>Gerardo Otero | Gabriela Pechlaner<\/strong><\/span><br \/>\n<a style=\"color: #999999;\" href=\"https:\/\/doi.org\/10.35533\/ecd.0305.go.gp\" target=\"_blank\" rel=\"noopener noreferrer\">https:\/\/doi.org\/10.35533\/ecd.0305.go.gp<\/a><br \/>\n<big><\/big><\/p>\n<p><a href=\"https:\/\/estudiosdeldesarrollo.mx\/estudioscriticosdeldesarrollo\/wp-content\/uploads\/2019\/01\/ECD5-3.pdf\" target=\"_blank\" rel=\"noopener noreferrer\"><big><span style=\"color: #000000;\">Colaboraci\u00f3n M\u00e9xico-Estados Unidos en MEMS\/NEMS<\/span><\/big><\/a><br \/>\n<span style=\"color: #808080;\"><strong>Guillermo Foladori | Edgar Z\u00e1yago Lau | Remberto Sandoval | Richard Appelbaum | Rachel Parker<\/strong><\/span><br \/>\n<a style=\"color: #999999;\" href=\"https:\/\/doi.org\/10.35533\/ecd.0305.gf.ezl.rs.ra.rp\" target=\"_blank\" rel=\"noopener noreferrer\">https:\/\/doi.org\/10.35533\/ecd.0305.gf.ezl.rs.ra.rp<\/a><br \/>\n<big><\/big><\/p>\n<p><a href=\"https:\/\/estudiosdeldesarrollo.mx\/estudioscriticosdeldesarrollo\/wp-content\/uploads\/2019\/01\/ECD5-4.pdf\" target=\"_blank\" rel=\"noopener noreferrer\"><big><span style=\"color: #000000;\">La idea del desarrollo ayer y hoy: el desarrollo como derecho<\/span><\/big><\/a><br \/>\n<span style=\"color: #808080;\"><strong>Rolando Cordera Campos<\/strong><\/span><br \/>\n<a style=\"color: #999999;\" href=\"https:\/\/doi.org\/10.35533\/ecd.0305.rcc\" target=\"_blank\" rel=\"noopener noreferrer\">https:\/\/doi.org\/10.35533\/ecd.0305.rcc<\/a><br \/>\n<big><\/big><\/p>\n<p><a href=\"https:\/\/estudiosdeldesarrollo.mx\/estudioscriticosdeldesarrollo\/wp-content\/uploads\/2019\/01\/ECD5-5.pdf\" target=\"_blank\" rel=\"noopener noreferrer\"><big><span style=\"color: #000000;\">Am\u00e9rica Latina y su teor\u00eda<\/span><\/big><\/a><br \/>\n<span style=\"color: #808080;\"><strong>Carlos Mallorqu\u00edn<br \/>\n<\/strong><\/span><a style=\"color: #999999;\" href=\"https:\/\/doi.org\/10.35533\/ecd.0305.cm\" target=\"_blank\" rel=\"noopener noreferrer\">https:\/\/doi.org\/10.35533\/ecd.0305.cm<\/a><\/p>\n<h4><span style=\"color: #718a6f;\"><b>Debate<\/b><\/span><\/h4>\n<p><a href=\"https:\/\/estudiosdeldesarrollo.mx\/estudioscriticosdeldesarrollo\/wp-content\/uploads\/2019\/01\/ECD5-6.pdf\" target=\"_blank\" rel=\"noopener noreferrer\"><big><span style=\"color: #000000;\">Apogeo del capitalismo corporativo y dominaci\u00f3n de los mundos de vida<\/span><\/big><\/a><br \/>\n<span style=\"color: #808080;\"><strong>Humberto M\u00e1rquez Covarrubias<br \/>\n<\/strong><\/span><a style=\"color: #999999;\" href=\"https:\/\/doi.org\/10.35533\/ecd.0305.hmc\" target=\"_blank\" rel=\"noopener noreferrer\">https:\/\/doi.org\/10.35533\/ecd.0305.hmc<\/a><\/p>\n<h4><span style=\"color: #718a6f;\"><b>Rese\u00f1a<\/b><\/span><\/h4>\n<p><a href=\"https:\/\/estudiosdeldesarrollo.mx\/estudioscriticosdeldesarrollo\/wp-content\/uploads\/2019\/06\/ECD5-7.pdf\" target=\"_blank\" rel=\"noopener noreferrer\"><big><span style=\"color: #000000;\">Interpretaci\u00f3n estructural de la crisis europea y propuesta de otra estrategia a las actuales pol\u00edticas<\/span><\/big><\/a><br \/>\n<span style=\"color: #808080;\"><strong>Jos\u00e9 D\u00e9niz Espin\u00f3s<br \/>\n<\/strong><\/span><a style=\"color: #999999;\" href=\"https:\/\/doi.org\/10.35533\/ecd.0305.jde\" target=\"_blank\" rel=\"noopener noreferrer\">https:\/\/doi.org\/10.35533\/ecd.0305.jde<\/a><\/p>\n<h4><a href=\"https:\/\/estudiosdeldesarrollo.mx\/estudioscriticosdeldesarrollo\/wp-content\/uploads\/2019\/06\/ECD5-colaboradores.pdf\" target=\"_blank\" rel=\"noopener noreferrer\"><span style=\"color: #718a6f;\"><b>Colaboradores<\/b><\/span><\/a><\/h4>\n<\/div>\n<p style=\"color: #730057; text-align: center;\"><a style=\"font-size: 16px; background-color: #ffffff;\" href=\"http:\/\/creativecommons.org\/licenses\/by-nc-nd\/4.0\/\" rel=\"license\"><img decoding=\"async\" style=\"border-width: 0;\" src=\"https:\/\/i.creativecommons.org\/l\/by-nc-nd\/4.0\/88x31.png\" alt=\"Licencia de Creative Commons\" \/><\/a><br \/>\n<span style=\"color: #808080;\">Esta obra est\u00e1 bajo una <a style=\"color: #808080;\" href=\"http:\/\/creativecommons.org\/licenses\/by-nc-nd\/4.0\/\" rel=\"license\">licencia de Creative Commons Reconocimiento-NoComercial-SinObraDerivada 4.0 Internacional<\/a>.<\/span><\/p>\n<\/div>\n","protected":false},"excerpt":{"rendered":"<p>Estudios Cr\u00edticos del Desarrollo, volumen III, n\u00famero 5, segundo semestre 2013, es una publicaci\u00f3n semestral editada por la Universidad Aut\u00f3noma de Zacatecas \u00abFrancisco Garc\u00eda Salinas\u00bb, a trav\u00e9s de la Unidad Acad\u00e9mica de Estudios del Desarrollo, Jard\u00edn Ju\u00e1rez 147, colonia Centro,<\/p>\n","protected":false},"author":2,"featured_media":0,"parent":0,"menu_order":0,"comment_status":"closed","ping_status":"closed","template":"","meta":{"footnotes":""},"class_list":["post-461","page","type-page","status-publish","hentry"],"_links":{"self":[{"href":"https:\/\/estudiosdeldesarrollo.mx\/estudioscriticosdeldesarrollo\/wp-json\/wp\/v2\/pages\/461","targetHints":{"allow":["GET"]}}],"collection":[{"href":"https:\/\/estudiosdeldesarrollo.mx\/estudioscriticosdeldesarrollo\/wp-json\/wp\/v2\/pages"}],"about":[{"href":"https:\/\/estudiosdeldesarrollo.mx\/estudioscriticosdeldesarrollo\/wp-json\/wp\/v2\/types\/page"}],"author":[{"embeddable":true,"href":"https:\/\/estudiosdeldesarrollo.mx\/estudioscriticosdeldesarrollo\/wp-json\/wp\/v2\/users\/2"}],"replies":[{"embeddable":true,"href":"https:\/\/estudiosdeldesarrollo.mx\/estudioscriticosdeldesarrollo\/wp-json\/wp\/v2\/comments?post=461"}],"version-history":[{"count":5,"href":"https:\/\/estudiosdeldesarrollo.mx\/estudioscriticosdeldesarrollo\/wp-json\/wp\/v2\/pages\/461\/revisions"}],"predecessor-version":[{"id":1672,"href":"https:\/\/estudiosdeldesarrollo.mx\/estudioscriticosdeldesarrollo\/wp-json\/wp\/v2\/pages\/461\/revisions\/1672"}],"wp:attachment":[{"href":"https:\/\/estudiosdeldesarrollo.mx\/estudioscriticosdeldesarrollo\/wp-json\/wp\/v2\/media?parent=461"}],"curies":[{"name":"wp","href":"https:\/\/api.w.org\/{rel}","templated":true}]}}