{"id":43,"date":"2018-11-07T17:37:40","date_gmt":"2018-11-07T17:37:40","guid":{"rendered":"https:\/\/estudiosdeldesarrollo.mx\/estudioscriticosdeldesarrollo\/?page_id=43"},"modified":"2025-07-10T16:37:30","modified_gmt":"2025-07-10T16:37:30","slug":"contacto","status":"publish","type":"page","link":"https:\/\/estudiosdeldesarrollo.mx\/estudioscriticosdeldesarrollo\/contacto\/","title":{"rendered":"Contacto"},"content":{"rendered":"<div id=\"contacto\">\n<div style=\"width: 100%; border-bottom: thin; border-style: dotted; padding: 10px;\">Humberto M\u00e1rquez Covarrubias<\/div>\n<div style=\"width: 100%; border-bottom: thin; border-style: dotted; padding: 10px;\">\n<div style=\"float: left;\"><img loading=\"lazy\" decoding=\"async\" class=\"\" src=\"https:\/\/estudiosdeldesarrollo.mx\/estudioscriticosdeldesarrollo\/wp-content\/uploads\/2018\/11\/@.png\" alt=\"\" width=\"84\" height=\"84\" \/><\/div>\n<p>edicionesed@gmail.com<br \/>\nrevistaecd@uaz.edu.mx<br \/>\nrevistaecd@estudiosdedesarrollo.mx<\/p>\n<\/div>\n<div style=\"padding-top: 10 px; width: 100%; border-bottom: thin; border-style: dotted;\">\n<div style=\"float: left;\"><img loading=\"lazy\" decoding=\"async\" class=\"\" src=\"https:\/\/estudiosdeldesarrollo.mx\/estudioscriticosdeldesarrollo\/wp-content\/uploads\/2018\/11\/direccion.png\" alt=\"\" width=\"79\" height=\"79\" \/><\/div>\n<p>Ediciones Estudios del Desarrollo, Unidad Acad\u00e9mica en Estudios del Desarrollo, Universidad Aut\u00f3noma de Zacatecas, Campus Universitario II, avenida Preparatoria s\/n, fraccionamiento Progreso, Zacatecas, M\u00e9xico, C.P. 98065.<\/p>\n<\/div>\n<\/div>\n<div style=\"width: 100%; border-bottom: thin; border-style: dotted;\">\n<div style=\"float: left;\"><img loading=\"lazy\" decoding=\"async\" class=\"\" src=\"https:\/\/estudiosdeldesarrollo.mx\/estudioscriticosdeldesarrollo\/wp-content\/uploads\/2018\/11\/tel.png\" alt=\"\" width=\"48\" height=\"30\" \/><\/div>\n<p>9256690 ext. 3524<\/p>\n<\/div>\n<div style=\"width: 100%; border-bottom: thin; border-style: dotted;\">\n<div style=\"float: left;\"><a href=\"https:\/\/www.facebook.com\/EditorialUAED\"><img loading=\"lazy\" decoding=\"async\" class=\"\" src=\"https:\/\/estudiosdeldesarrollo.mx\/estudioscriticosdeldesarrollo\/wp-content\/uploads\/2018\/11\/face.png\" alt=\"\" width=\"43\" height=\"27\" \/><\/a><\/div>\n<p><a href=\"https:\/\/www.facebook.com\/EditorialUAED\" target=\"_blank\" rel=\"noopener noreferrer\"><span style=\"color: #000000;\">EditorialUAED<\/span><\/a><\/p>\n<\/div>\n<h4><\/h4>\n<h4>Ventas<\/h4>\n<p>Para mayor informaci\u00f3n acerca de la adquisici\u00f3n de ejemplares impresos comun\u00edquese al correo <em>edicionesed@gmail.com.<\/em><\/p>\n","protected":false},"excerpt":{"rendered":"<p>Humberto M\u00e1rquez Covarrubias edicionesed@gmail.com revistaecd@uaz.edu.mx revistaecd@estudiosdedesarrollo.mx Ediciones Estudios del Desarrollo, Unidad Acad\u00e9mica en Estudios del Desarrollo, Universidad Aut\u00f3noma de Zacatecas, Campus Universitario II, avenida Preparatoria s\/n, fraccionamiento Progreso, Zacatecas, M\u00e9xico, C.P. 98065. 9256690 ext. 3524 EditorialUAED Ventas Para mayor informaci\u00f3n<\/p>\n","protected":false},"author":2,"featured_media":0,"parent":0,"menu_order":0,"comment_status":"closed","ping_status":"closed","template":"","meta":{"footnotes":""},"class_list":["post-43","page","type-page","status-publish","hentry"],"_links":{"self":[{"href":"https:\/\/estudiosdeldesarrollo.mx\/estudioscriticosdeldesarrollo\/wp-json\/wp\/v2\/pages\/43","targetHints":{"allow":["GET"]}}],"collection":[{"href":"https:\/\/estudiosdeldesarrollo.mx\/estudioscriticosdeldesarrollo\/wp-json\/wp\/v2\/pages"}],"about":[{"href":"https:\/\/estudiosdeldesarrollo.mx\/estudioscriticosdeldesarrollo\/wp-json\/wp\/v2\/types\/page"}],"author":[{"embeddable":true,"href":"https:\/\/estudiosdeldesarrollo.mx\/estudioscriticosdeldesarrollo\/wp-json\/wp\/v2\/users\/2"}],"replies":[{"embeddable":true,"href":"https:\/\/estudiosdeldesarrollo.mx\/estudioscriticosdeldesarrollo\/wp-json\/wp\/v2\/comments?post=43"}],"version-history":[{"count":5,"href":"https:\/\/estudiosdeldesarrollo.mx\/estudioscriticosdeldesarrollo\/wp-json\/wp\/v2\/pages\/43\/revisions"}],"predecessor-version":[{"id":1446,"href":"https:\/\/estudiosdeldesarrollo.mx\/estudioscriticosdeldesarrollo\/wp-json\/wp\/v2\/pages\/43\/revisions\/1446"}],"wp:attachment":[{"href":"https:\/\/estudiosdeldesarrollo.mx\/estudioscriticosdeldesarrollo\/wp-json\/wp\/v2\/media?parent=43"}],"curies":[{"name":"wp","href":"https:\/\/api.w.org\/{rel}","templated":true}]}}