{"id":35,"date":"2018-11-07T17:36:24","date_gmt":"2018-11-07T17:36:24","guid":{"rendered":"https:\/\/estudiosdeldesarrollo.mx\/estudioscriticosdeldesarrollo\/?page_id=35"},"modified":"2025-07-10T16:36:32","modified_gmt":"2025-07-10T16:36:32","slug":"equipo-editorial","status":"publish","type":"page","link":"https:\/\/estudiosdeldesarrollo.mx\/estudioscriticosdeldesarrollo\/equipo-editorial\/","title":{"rendered":"Equipo editorial"},"content":{"rendered":"<p style=\"text-align: center;\"><big>Humberto M\u00e1rquez Covarrubias<\/big><br \/>\n<span style=\"font-size: 75%;\"> <strong>DIRECTOR<br \/>\n<\/strong><\/span><\/p>\n<p style=\"text-align: center;\">\nGuadalupe Margarita Gonz\u00e1lez Hern\u00e1ndez<br \/>\n<span style=\"font-size: 75%;\"> <strong>COORDINADORES EDITORIALES<\/strong><\/span><\/p>\n<p style=\"text-align: center;\">Ra\u00fal Delgado Wise<br \/>\nHenry Veltmeyer<br \/>\nDarcy Tetreault<br \/>\n<span style=\"font-size: 75%;\"><strong>COMIT\u00c9 EDITORIAL<\/strong><\/span><\/p>\n<p class=\"p1\" style=\"text-align: center;\">Haroon Akram-Lohdi | Trent University, Ontario | Canad\u00e1<br \/>\nWalden Bello | Focus on the Global South, Bangkok | Tailandia<br \/>\nHenry Bernstein | University of London | Reino Unido<br \/>\nManfred Bienefeld | Carleton University, Ottawa | Canad\u00e1<br \/>\nSaturnino (Jun) Borras | Institute of Social Studies, Rotterdam | Pa\u00edses Bajos<br \/>\nPaul Bowles | University of Northern British Columbia | Canad\u00e1<br \/>\nEugenia Correa V\u00e1zquez | Universidad Nacional Aut\u00f3noma de M\u00e9xico | M\u00e9xico<br \/>\nNorman Girvan | University of West Indies | Jamaica<br \/>\nCrist\u00f3bal Kay | Institute of Social Studies, Rotterdam | Pa\u00edses Bajos<br \/>\nKari Levitt | McGill University, Montreal | Canad\u00e1<br \/>\nOscar Ma\u00f1\u00e1n | Universidad de la Rep\u00fablica |\u00a0Uruguay<br \/>\nRonaldo Munck | Dublin City University | Irlanda<br \/>\nGerardo Otero | Simon Fraser University | Canad\u00e1<br \/>\nCarl-Ulrik Schierup | Link\u00f6ping University | Suecia<br \/>\n<span style=\"font-size: 75%;\"><strong>CONSEJO EDITORIAL<\/strong><\/span><\/p>\n<p style=\"text-align: center;\">Georgia Aral\u00fa Gonz\u00e1lez P\u00e9rez<br \/>\nSelene Carrillo Carlos<br \/>\nIsrael David Pi\u00f1a Garc\u00eda<br \/>\nJonat\u00e1n Aar\u00f3n Pi\u00f1a Garc\u00eda<br \/>\n<span style=\"font-size: 75%;\"><strong>EDICI\u00d3N<\/strong><\/span><\/p>\n<p style=\"text-align: center;\">Maximino Luna Estrada<br \/>\nIsrael David Pi\u00f1a Garc\u00eda<br \/>\n<span style=\"font-size: 75%;\"> <strong>P\u00c1GINA WEB<\/strong><\/span><\/p>\n<p style=\"text-align: center;\">\n","protected":false},"excerpt":{"rendered":"<p>Humberto M\u00e1rquez Covarrubias DIRECTOR Guadalupe Margarita Gonz\u00e1lez Hern\u00e1ndez COORDINADORES EDITORIALES Ra\u00fal Delgado Wise Henry Veltmeyer Darcy Tetreault COMIT\u00c9 EDITORIAL Haroon Akram-Lohdi | Trent University, Ontario | Canad\u00e1 Walden Bello | Focus on the Global South, Bangkok | Tailandia Henry Bernstein<\/p>\n","protected":false},"author":2,"featured_media":0,"parent":0,"menu_order":0,"comment_status":"closed","ping_status":"closed","template":"","meta":{"footnotes":""},"class_list":["post-35","page","type-page","status-publish","hentry"],"_links":{"self":[{"href":"https:\/\/estudiosdeldesarrollo.mx\/estudioscriticosdeldesarrollo\/wp-json\/wp\/v2\/pages\/35","targetHints":{"allow":["GET"]}}],"collection":[{"href":"https:\/\/estudiosdeldesarrollo.mx\/estudioscriticosdeldesarrollo\/wp-json\/wp\/v2\/pages"}],"about":[{"href":"https:\/\/estudiosdeldesarrollo.mx\/estudioscriticosdeldesarrollo\/wp-json\/wp\/v2\/types\/page"}],"author":[{"embeddable":true,"href":"https:\/\/estudiosdeldesarrollo.mx\/estudioscriticosdeldesarrollo\/wp-json\/wp\/v2\/users\/2"}],"replies":[{"embeddable":true,"href":"https:\/\/estudiosdeldesarrollo.mx\/estudioscriticosdeldesarrollo\/wp-json\/wp\/v2\/comments?post=35"}],"version-history":[{"count":5,"href":"https:\/\/estudiosdeldesarrollo.mx\/estudioscriticosdeldesarrollo\/wp-json\/wp\/v2\/pages\/35\/revisions"}],"predecessor-version":[{"id":1677,"href":"https:\/\/estudiosdeldesarrollo.mx\/estudioscriticosdeldesarrollo\/wp-json\/wp\/v2\/pages\/35\/revisions\/1677"}],"wp:attachment":[{"href":"https:\/\/estudiosdeldesarrollo.mx\/estudioscriticosdeldesarrollo\/wp-json\/wp\/v2\/media?parent=35"}],"curies":[{"name":"wp","href":"https:\/\/api.w.org\/{rel}","templated":true}]}}