{"id":31,"date":"2018-11-07T17:35:55","date_gmt":"2018-11-07T17:35:55","guid":{"rendered":"https:\/\/estudiosdeldesarrollo.mx\/estudioscriticosdeldesarrollo\/?page_id=31"},"modified":"2022-03-28T18:36:53","modified_gmt":"2022-03-28T18:36:53","slug":"historia","status":"publish","type":"page","link":"https:\/\/estudiosdeldesarrollo.mx\/estudioscriticosdeldesarrollo\/historia\/","title":{"rendered":"Historia"},"content":{"rendered":"<p>El a\u00f1o 2011 marca el inicio de la revista <em>Estudios Cr\u00edticos del Desarrollo<\/em>, cuyo primordial objetivo es contribuir a renovar el pensamiento y el an\u00e1lisis cr\u00edtico del desarrollo, apoyada en las aportaciones de las ciencias sociales y las humanidades con perspectiva cr\u00edtica gestadas en Am\u00e9rica Latina y el Caribe, en di\u00e1logo y debate con otras posturas cr\u00edticas originadas en distintos momentos hist\u00f3ricos y regiones del mundo. El prop\u00f3sito de las aludidas visiones ha sido develar las contradicciones, tendencias, problemas y potencialidades del desarrollo del capitalismo, as\u00ed como las visiones de transformaci\u00f3n social.<\/p>\n<p>La publicaci\u00f3n corresponde a un proyecto editorial universitario abocado a incentivar el an\u00e1lisis de la realidad social contempor\u00e1nea a partir de un enfoque cr\u00edtico e interdisciplinario, con \u00e9nfasis en la teor\u00eda cr\u00edtica y la vinculaci\u00f3n con la pr\u00e1ctica social, desde planos de comprensi\u00f3n articulados por el rigor de la investigaci\u00f3n acad\u00e9mica. Una de sus m\u00e1ximas proposiciones es fomentar textos cient\u00edficos de largo aliento de inter\u00e9s para investigadores, tesistas, analistas y lectores de variadas formaciones acad\u00e9micas y procedencias sociales.<\/p>\n<p>A sabiendas de la vasta producci\u00f3n editorial en la regi\u00f3n, la revista se inscribe en la tradici\u00f3n latinoamericana del pensamiento cr\u00edtico que ha formado generaciones de acad\u00e9micos, intelectuales, pol\u00edticos y activistas conscientes del papel hist\u00f3rico de las sociedades ubicadas en las zonas perif\u00e9ricas del sistema mundial capitalista. En ese sentido, se pretende estudiar los temas cruciales que configuran el capitalismo mundial tomando como base una \u00f3ptica hist\u00f3rica, estructural y estrat\u00e9gica. Respecto a la hist\u00f3rica, supone desentra\u00f1ar los procesos con fundamento en sus grandes tendencias y contratendencias, sus contradicciones y problem\u00e1ticas. El abordaje estructural permite develar el armaz\u00f3n contextual de los asuntos que se muestran en el presente, a efecto de descifrar c\u00f3mo se manifiestan los fen\u00f3menos en la superficie de la cotidianidad y descubrir as\u00ed el nexo interno de sus relaciones, mecanismos y l\u00f3gica de funcionamiento como parte de la explicaci\u00f3n de la intrincada trama de relaciones sociales. En cuanto a la visi\u00f3n estrat\u00e9gica, concierne a la dimensi\u00f3n pol\u00edtica desde los sujetos sociales colectivos en pos de la construcci\u00f3n de un futuro, donde se advierten posibles trayectorias de los problemas analizados con la intenci\u00f3n de articular pol\u00edticas de emancipaci\u00f3n o proyectos de transformaci\u00f3n social sustantiva.<\/p>\n<p>El principal objeto de estudio es el desarrollo del capitalismo y sus expresiones nacionales, regionales y globales. Dada la complejidad de la materia planteada, los textos publicados debaten acerca de varios planos de la realidad y dimensiones de an\u00e1lisis, hecho que comprende la configuraci\u00f3n mundial del capitalismo contempor\u00e1neo, retoma las formas que adopta en los niveles nacionales y regionales, y c\u00f3mo arriba a los \u00e1mbitos locales. A fin de entender esta problem\u00e1tica, se privilegia el enfoque ubicado en las periferias del sistema mundial capitalista o bien en los pa\u00edses subdesarrollados o dependientes subsumidos en la divisi\u00f3n internacional del trabajo que buscan v\u00edas de desarrollo econ\u00f3mico y social.<\/p>\n<p>Con el prop\u00f3sito de articular una mirada totalizadora o comprensiva y ofrecer an\u00e1lisis interdisciplinarios se convoca a colaboradores de distintas \u00e1reas del conocimiento con experiencia en las ciencias sociales, las ciencias naturales y las humanidades. Se promueve, adem\u00e1s, la participaci\u00f3n de investigadores reconocidos, pero tambi\u00e9n de aquellos en proceso de formaci\u00f3n, adscritos a universidades y centros de investigaci\u00f3n de diferentes partes del mundo.<\/p>\n<p>Considerando la complejidad de las cuestiones examinadas en la publicaci\u00f3n, se intenta que lo textos tengan un sustento te\u00f3rico, conceptual y emp\u00edrico, aparte de ofrecer la mayor claridad posible en su exposici\u00f3n y en la concreci\u00f3n de los asuntos tratados. Por lo que concierne a la variedad de temas que la revista ha explorado durante su trayectoria destacan los siguientes: crisis del capitalismo, extractivismo, conflictos ambientales, pobreza, ciencia, tecnolog\u00eda, educaci\u00f3n, educaci\u00f3n superior, universidad, pol\u00edtica, Estado, pandemia, salud p\u00fablica, entre otros. Los colaboradores habituales proceden de Am\u00e9rica Latina y el Caribe, y Norteam\u00e9rica, incluso se ha contado con la participaci\u00f3n de autores europeos, asi\u00e1ticos y africanos.<\/p>\n<p>En 2021, la revista cumpli\u00f3 sus primeros diez a\u00f1os de existencia y renov\u00f3 sus br\u00edos editoriales para contribuir al estudio cr\u00edtico de los grandes temas del desarrollo. Es editada por Ediciones Estudios del Desarrollo de la Universidad Aut\u00f3noma de Zacatecas \u00abFrancisco Garc\u00eda Salinas\u00bb, y busca ser fiel a su esencia universitaria y al compromiso con la sociedad.<\/p>\n","protected":false},"excerpt":{"rendered":"<p>El a\u00f1o 2011 marca el inicio de la revista Estudios Cr\u00edticos del Desarrollo, cuyo primordial objetivo es contribuir a renovar el pensamiento y el an\u00e1lisis cr\u00edtico del desarrollo, apoyada en las aportaciones de las ciencias sociales y las humanidades con<\/p>\n","protected":false},"author":2,"featured_media":0,"parent":0,"menu_order":0,"comment_status":"closed","ping_status":"closed","template":"","meta":{"footnotes":""},"class_list":["post-31","page","type-page","status-publish","hentry"],"_links":{"self":[{"href":"https:\/\/estudiosdeldesarrollo.mx\/estudioscriticosdeldesarrollo\/wp-json\/wp\/v2\/pages\/31","targetHints":{"allow":["GET"]}}],"collection":[{"href":"https:\/\/estudiosdeldesarrollo.mx\/estudioscriticosdeldesarrollo\/wp-json\/wp\/v2\/pages"}],"about":[{"href":"https:\/\/estudiosdeldesarrollo.mx\/estudioscriticosdeldesarrollo\/wp-json\/wp\/v2\/types\/page"}],"author":[{"embeddable":true,"href":"https:\/\/estudiosdeldesarrollo.mx\/estudioscriticosdeldesarrollo\/wp-json\/wp\/v2\/users\/2"}],"replies":[{"embeddable":true,"href":"https:\/\/estudiosdeldesarrollo.mx\/estudioscriticosdeldesarrollo\/wp-json\/wp\/v2\/comments?post=31"}],"version-history":[{"count":3,"href":"https:\/\/estudiosdeldesarrollo.mx\/estudioscriticosdeldesarrollo\/wp-json\/wp\/v2\/pages\/31\/revisions"}],"predecessor-version":[{"id":1385,"href":"https:\/\/estudiosdeldesarrollo.mx\/estudioscriticosdeldesarrollo\/wp-json\/wp\/v2\/pages\/31\/revisions\/1385"}],"wp:attachment":[{"href":"https:\/\/estudiosdeldesarrollo.mx\/estudioscriticosdeldesarrollo\/wp-json\/wp\/v2\/media?parent=31"}],"curies":[{"name":"wp","href":"https:\/\/api.w.org\/{rel}","templated":true}]}}