{"id":247,"date":"2018-11-08T19:03:05","date_gmt":"2018-11-08T19:03:05","guid":{"rendered":"https:\/\/estudiosdeldesarrollo.mx\/estudioscriticosdeldesarrollo\/?page_id=247"},"modified":"2025-07-10T16:32:24","modified_gmt":"2025-07-10T16:32:24","slug":"numero-11","status":"publish","type":"page","link":"https:\/\/estudiosdeldesarrollo.mx\/estudioscriticosdeldesarrollo\/numero-11\/","title":{"rendered":"N\u00famero 11"},"content":{"rendered":"<div id=\"contenedor30\">\n<div style=\"float: left;\">\n<div>\n<p><img loading=\"lazy\" decoding=\"async\" class=\" wp-image-111 alignleft\" src=\"https:\/\/estudiosdeldesarrollo.mx\/estudioscriticosdeldesarrollo\/wp-content\/uploads\/2019\/01\/ECD11.jpg\" alt=\"\" width=\"177\" height=\"246\" \/><\/p>\n<p><span style=\"color: #8a4b08;\"><strong><em>Estudios Cr\u00edticos del Desarrollo<\/em>, volumen VI, n\u00famero 11, segundo semestre 2016<\/strong><\/span>, es una publicaci\u00f3n semestral editada por la Universidad Aut\u00f3noma de Zacatecas \u00abFrancisco Garc\u00eda Salinas\u00bb, a trav\u00e9s de la Unidad Acad\u00e9mica de Estudios del Desarrollo, Jard\u00edn Ju\u00e1rez 147, colonia Centro, Zacatecas, C.P. 98000, Tel. (01492) 922 91 09, www.uaz.edu.mx, www.estudiosdeldesarrollo.mx, revistaecd@uaz.edu.mx. Editor responsable: Humberto M\u00e1rquez Covarrubias. Reserva de Derechos al Uso Exclusivo V\u00eda Red C\u00f3mputo No. 04-2015-060212193100-203. ISSN: 2594-0899, ambos otorgados por el Instituto Nacional del Derecho de Autor. Responsable de \u00faltima actualizaci\u00f3n: Unidad Acad\u00e9mica de Estudios del Desarrollo, Maximino Gerardo Luna Estrada, Campus Universitario II, avenida Preparatoria s\/n, fraccionamiento Progreso, Zacatecas, C.P. 98065. Fecha de la \u00faltima modificaci\u00f3n, septiembre de 2016.<\/p>\n<p>Las opiniones expresadas por los autores no necesariamente reflejan la postura del editor de la publicaci\u00f3n. Queda estrictamente prohibida la reproducci\u00f3n total o parcial de los contenidos e im\u00e1genes de la publicaci\u00f3n sin previa autorizaci\u00f3n de la Universidad Aut\u00f3noma de Zacatecas \u00abFrancisco Garc\u00eda Salinas\u00bb a trav\u00e9s de la Unidad Acad\u00e9mica de Estudios del Desarrollo.<br \/>\n<a style=\"color: #999999;\" href=\"https:\/\/doi.org\/10.35533\/ecd.numero11\" target=\"_blank\" rel=\"noopener noreferrer\">https:\/\/doi.org\/10.35533\/ecd.numero11<\/a><\/p>\n<\/div>\n<\/div>\n<div style=\"float: left; background-color: #f2f2f2; padding: 10px; width: 100%;\">\n<h4 style=\"color: #8a4b08;\"><b>Editorial<\/b><\/h4>\n<p><a href=\"https:\/\/estudiosdeldesarrollo.mx\/estudioscriticosdeldesarrollo\/wp-content\/uploads\/2019\/01\/ECD11-editorial.pdf\" target=\"_blank\" rel=\"noopener noreferrer\"><big><span style=\"color: #000000;\">Econom\u00eda criminal, el otro auge de los <em>commodities<\/em><\/span><\/big><\/a><br \/>\n<span style=\"color: #808080;\"><b>Humberto M\u00e1rquez Covarrubias<\/b><\/span><br \/>\n<a style=\"color: #999999;\" href=\"https:\/\/doi.org\/10.35533\/ecd.0611.hmc\" target=\"_blank\" rel=\"noopener noreferrer\">https:\/\/doi.org\/10.35533\/ecd.0611.hmc<\/a><br \/>\n<big><\/big><\/p>\n<h4 style=\"color: #8a4b08;\"><b>Art\u00edculos<\/b><\/h4>\n<p><a href=\"https:\/\/estudiosdeldesarrollo.mx\/estudioscriticosdeldesarrollo\/wp-content\/uploads\/2019\/01\/ECD11-1.pdf\" target=\"_blank\" rel=\"noopener noreferrer\"><big><span style=\"color: #000000;\">Cultivos transg\u00e9nicos en Am\u00e9rica Latina: expropiaci\u00f3n, valor negativo y Estado<\/span><\/big><\/a><br \/>\n<span style=\"color: #808080;\"><b>Pablo Lapegna | Gerardo Otero<\/b><\/span><br \/>\n<a style=\"color: #999999;\" href=\"https:\/\/doi.org\/10.35533\/ecd.0611.pl.go\" target=\"_blank\" rel=\"noopener noreferrer\">https:\/\/doi.org\/10.35533\/ecd.0611.pl.go<\/a><br \/>\n<big><\/big><\/p>\n<p><a href=\"https:\/\/estudiosdeldesarrollo.mx\/estudioscriticosdeldesarrollo\/wp-content\/uploads\/2019\/01\/ECD11-2.pdf\" target=\"_blank\" rel=\"noopener noreferrer\"><big><span style=\"color: #000000;\">R\u00e9gimen alimentario en la era posneoliberal: Argentina y la expansi\u00f3n de la soja transg\u00e9nica<\/span><\/big><\/a><br \/>\n<span style=\"color: #808080;\"><strong>Marla Torrado<\/strong><\/span><br \/>\n<a style=\"color: #999999;\" href=\"https:\/\/doi.org\/10.35533\/ecd.0611.mt\" target=\"_blank\" rel=\"noopener noreferrer\">https:\/\/doi.org\/10.35533\/ecd.0611.mt<\/a><br \/>\n<big><\/big><\/p>\n<p><a href=\"https:\/\/estudiosdeldesarrollo.mx\/estudioscriticosdeldesarrollo\/wp-content\/uploads\/2019\/01\/ECD11-3.pdf\" target=\"_blank\" rel=\"noopener noreferrer\"><big><span style=\"color: #000000;\">Capitalismo global y Estado nacional en las luchas de los cultivos transg\u00e9nicos en Brasil<\/span><\/big><\/a><br \/>\n<span style=\"color: #808080;\"><strong>Renata Motta<\/strong><\/span><br \/>\n<a style=\"color: #999999;\" href=\"https:\/\/doi.org\/10.35533\/ecd.0611.rm\" target=\"_blank\" rel=\"noopener noreferrer\">https:\/\/doi.org\/10.35533\/ecd.0611.rm<\/a><br \/>\n<big><\/big><\/p>\n<p><a href=\"https:\/\/estudiosdeldesarrollo.mx\/estudioscriticosdeldesarrollo\/wp-content\/uploads\/2019\/01\/ECD11-4.pdf\" target=\"_blank\" rel=\"noopener noreferrer\"><big><span style=\"color: #000000;\">Red de Semillas Libres: cr\u00edtica a la biohegemon\u00eda en Colombia<\/span><\/big><\/a><br \/>\n<span style=\"color: #808080;\"><strong>Laura Guti\u00e9rrez Escobar | Elizabeth Fitting<\/strong><\/span><br \/>\n<a style=\"color: #999999;\" href=\"https:\/\/doi.org\/10.35533\/ecd.0611.lge.ef\" target=\"_blank\" rel=\"noopener noreferrer\">https:\/\/doi.org\/10.35533\/ecd.0611.lge.ef<\/a><br \/>\n<big><\/big><\/p>\n<p><a href=\"https:\/\/estudiosdeldesarrollo.mx\/estudioscriticosdeldesarrollo\/wp-content\/uploads\/2019\/01\/ECD11-5.pdf\" target=\"_blank\" rel=\"noopener noreferrer\"><big><span style=\"color: #000000;\">Hegemon\u00eda, innovaci\u00f3n tecnol\u00f3gica e identidades empresariales: 50 a\u00f1os de revoluciones agr\u00edcolas en Argentina<\/span><\/big><\/a><br \/>\n<span style=\"color: #808080;\"><strong>Carla Gras | Valeria Hern\u00e1ndez<br \/>\n<\/strong><\/span><a style=\"color: #999999;\" href=\"https:\/\/doi.org\/10.35533\/ecd.0611.cg.vh\" target=\"_blank\" rel=\"noopener noreferrer\">https:\/\/doi.org\/10.35533\/ecd.0611.cg.vh<\/a><\/p>\n<p><a href=\"https:\/\/estudiosdeldesarrollo.mx\/estudioscriticosdeldesarrollo\/wp-content\/uploads\/2019\/02\/ECD11-6.pdf\" target=\"_blank\" rel=\"noopener noreferrer\"><big><span style=\"color: #000000;\">Las luchas por la justicia ambiental en la Argentina sojera<\/span><\/big><\/a><br \/>\n<span style=\"color: #808080;\"><strong>Amalia Leguizam\u00f3n<br \/>\n<\/strong><\/span><a style=\"color: #999999;\" href=\"https:\/\/doi.org\/10.35533\/ecd.0611.al\" target=\"_blank\" rel=\"noopener noreferrer\">https:\/\/doi.org\/10.35533\/ecd.0611.al<\/a><\/p>\n<p><a href=\"https:\/\/estudiosdeldesarrollo.mx\/estudioscriticosdeldesarrollo\/wp-content\/uploads\/2019\/01\/ECD11-7.pdf\" target=\"_blank\" rel=\"noopener noreferrer\"><big><span style=\"color: #000000;\">Envenenados, despose\u00eddos y excluidos: una cr\u00edtica al r\u00e9gimen sojero neoliberal en Paraguay<\/span><\/big><\/a><br \/>\n<span style=\"color: #808080;\"><strong>Arturo Ezquerro Ca\u00f1ete<br \/>\n<\/strong><\/span><a style=\"color: #999999;\" href=\"https:\/\/doi.org\/10.35533\/ecd.0611.aec\" target=\"_blank\" rel=\"noopener noreferrer\">https:\/\/doi.org\/10.35533\/ecd.0611.aec<\/a><\/p>\n<p><a href=\"https:\/\/estudiosdeldesarrollo.mx\/estudioscriticosdeldesarrollo\/wp-content\/uploads\/2019\/01\/ECD11-8.pdf\" target=\"_blank\" rel=\"noopener noreferrer\"><big><span style=\"color: #000000;\">Alianza sellada con miel: apicultores mayas de la pen\u00ednsula de Yucat\u00e1n <em>versus<\/em> soya transg\u00e9nica en la \u00faltima selva mexicana<\/span><\/big><\/a><br \/>\n<span style=\"color: #808080;\"><strong>Irma G\u00f3mez Gonz\u00e1lez<br \/>\n<\/strong><\/span><a style=\"color: #999999;\" href=\"https:\/\/doi.org\/10.35533\/ecd.0611.igg\" target=\"_blank\" rel=\"noopener noreferrer\">https:\/\/doi.org\/10.35533\/ecd.0611.igg<\/a><\/p>\n<h4 style=\"color: #8a4b08;\"><b>Rese\u00f1a<\/b><\/h4>\n<p><a href=\"https:\/\/estudiosdeldesarrollo.mx\/estudioscriticosdeldesarrollo\/wp-content\/uploads\/2019\/01\/ECD11-9.pdf\" target=\"_blank\" rel=\"noopener noreferrer\"><big><span style=\"color: #000000;\">Megaproyectos, entre el colonialismo interno y la comunalidad. Disputa por el territorio en el Istmo de Tehuantepec<\/span><\/big><\/a><br \/>\n<span style=\"color: #808080;\"><strong>Humberto M\u00e1rquez Covarrubias<br \/>\n<\/strong><\/span><a style=\"color: #999999;\" href=\"https:\/\/doi.org\/10.35533\/ecd.0611.hmc2\" target=\"_blank\" rel=\"noopener noreferrer\">https:\/\/doi.org\/10.35533\/ecd.0611.hmc2<\/a><\/p>\n<h4 style=\"color: #8a4b08;\"><a style=\"color: #8a4b08;\" href=\"https:\/\/estudiosdeldesarrollo.mx\/estudioscriticosdeldesarrollo\/wp-content\/uploads\/2019\/06\/ECD11-colaboradores.pdf\" target=\"_blank\" rel=\"noopener noreferrer\"><b>Colaboradores<\/b><\/a><\/h4>\n<\/div>\n<p style=\"color: #730057; text-align: center;\"><a style=\"font-size: 16px; background-color: #ffffff;\" href=\"http:\/\/creativecommons.org\/licenses\/by-nc-nd\/4.0\/\" rel=\"license\"><img decoding=\"async\" style=\"border-width: 0;\" src=\"https:\/\/i.creativecommons.org\/l\/by-nc-nd\/4.0\/88x31.png\" alt=\"Licencia de Creative Commons\" \/><\/a><br \/>\n<span style=\"color: #808080;\">Esta obra est\u00e1 bajo una <a style=\"color: #808080;\" href=\"http:\/\/creativecommons.org\/licenses\/by-nc-nd\/4.0\/\" rel=\"license\">licencia de Creative Commons Reconocimiento-NoComercial-SinObraDerivada 4.0 Internacional<\/a>.<\/span><\/p>\n<\/div>\n","protected":false},"excerpt":{"rendered":"<p>Estudios Cr\u00edticos del Desarrollo, volumen VI, n\u00famero 11, segundo semestre 2016, es una publicaci\u00f3n semestral editada por la Universidad Aut\u00f3noma de Zacatecas \u00abFrancisco Garc\u00eda Salinas\u00bb, a trav\u00e9s de la Unidad Acad\u00e9mica de Estudios del Desarrollo, Jard\u00edn Ju\u00e1rez 147, colonia Centro,<\/p>\n","protected":false},"author":2,"featured_media":0,"parent":0,"menu_order":0,"comment_status":"closed","ping_status":"closed","template":"","meta":{"footnotes":""},"class_list":["post-247","page","type-page","status-publish","hentry"],"_links":{"self":[{"href":"https:\/\/estudiosdeldesarrollo.mx\/estudioscriticosdeldesarrollo\/wp-json\/wp\/v2\/pages\/247","targetHints":{"allow":["GET"]}}],"collection":[{"href":"https:\/\/estudiosdeldesarrollo.mx\/estudioscriticosdeldesarrollo\/wp-json\/wp\/v2\/pages"}],"about":[{"href":"https:\/\/estudiosdeldesarrollo.mx\/estudioscriticosdeldesarrollo\/wp-json\/wp\/v2\/types\/page"}],"author":[{"embeddable":true,"href":"https:\/\/estudiosdeldesarrollo.mx\/estudioscriticosdeldesarrollo\/wp-json\/wp\/v2\/users\/2"}],"replies":[{"embeddable":true,"href":"https:\/\/estudiosdeldesarrollo.mx\/estudioscriticosdeldesarrollo\/wp-json\/wp\/v2\/comments?post=247"}],"version-history":[{"count":5,"href":"https:\/\/estudiosdeldesarrollo.mx\/estudioscriticosdeldesarrollo\/wp-json\/wp\/v2\/pages\/247\/revisions"}],"predecessor-version":[{"id":1666,"href":"https:\/\/estudiosdeldesarrollo.mx\/estudioscriticosdeldesarrollo\/wp-json\/wp\/v2\/pages\/247\/revisions\/1666"}],"wp:attachment":[{"href":"https:\/\/estudiosdeldesarrollo.mx\/estudioscriticosdeldesarrollo\/wp-json\/wp\/v2\/media?parent=247"}],"curies":[{"name":"wp","href":"https:\/\/api.w.org\/{rel}","templated":true}]}}