{"id":22,"date":"2018-11-07T17:30:32","date_gmt":"2018-11-07T17:30:32","guid":{"rendered":"https:\/\/estudiosdeldesarrollo.mx\/estudioscriticosdeldesarrollo\/?page_id=22"},"modified":"2024-12-18T22:26:43","modified_gmt":"2024-12-18T22:26:43","slug":"numeros","status":"publish","type":"page","link":"https:\/\/estudiosdeldesarrollo.mx\/estudioscriticosdeldesarrollo\/numeros\/","title":{"rendered":"N\u00fameros"},"content":{"rendered":"<div id=\"contenedornumeros\">\n<div style=\"float: left; padding: 7px; align: center; background-color: #f2f2f2;\">\n<p><a href=\"https:\/\/estudiosdeldesarrollo.mx\/estudioscriticosdeldesarrollo\/numero-27\/\"><img loading=\"lazy\" decoding=\"async\" class=\"alignnone wp-image-119\" src=\"https:\/\/estudiosdeldesarrollo.mx\/estudioscriticosdeldesarrollo\/wp-content\/uploads\/2024\/12\/ECD27portada.jpg\" alt=\"\" width=\"209\" height=\"286\" \/><\/a><\/p>\n<p style=\"text-align: center;\"><span style=\"color: #000000;\"><a style=\"color: #000000;\" href=\"https:\/\/estudiosdeldesarrollo.mx\/estudioscriticosdeldesarrollo\/numero-27\/\">Volumen XIV, n\u00famero 27,<br \/>\nsegundo semestre de 2024<\/a><\/span><\/p>\n<\/div>\n<div style=\"float: left; padding: 7px; align: center;\">\n<p><a href=\"https:\/\/estudiosdeldesarrollo.mx\/estudioscriticosdeldesarrollo\/numero-26\/\"><img loading=\"lazy\" decoding=\"async\" class=\"alignnone wp-image-111 \" src=\"https:\/\/estudiosdeldesarrollo.mx\/estudioscriticosdeldesarrollo\/wp-content\/uploads\/2024\/12\/ecd26portada.jpeg\" alt=\"\" width=\"209\" height=\"286\" \/><\/a><\/p>\n<p style=\"text-align: center;\"><span style=\"color: #000000;\"><a style=\"color: #000000;\" href=\"https:\/\/estudiosdeldesarrollo.mx\/estudioscriticosdeldesarrollo\/numero-26\/\">Volumen XIV, n\u00famero 26,<br \/>\nprimer semestre de 2024<\/a><\/span><\/p>\n<\/div>\n<div style=\"float: left; padding: 7px; align: center; background-color: #f2f2f2;\">\n<p><a href=\"https:\/\/estudiosdeldesarrollo.mx\/estudioscriticosdeldesarrollo\/numero-25\/\"><img loading=\"lazy\" decoding=\"async\" class=\"alignnone wp-image-119\" src=\"https:\/\/estudiosdeldesarrollo.mx\/estudioscriticosdeldesarrollo\/wp-content\/uploads\/2024\/05\/portadaECD25.jpg\" alt=\"\" width=\"210\" height=\"287\" \/><\/a><\/p>\n<p style=\"text-align: center;\"><span style=\"color: #000000;\"><a style=\"color: #000000;\" href=\"https:\/\/estudiosdeldesarrollo.mx\/estudioscriticosdeldesarrollo\/numero-25\/\">Volumen XIII, n\u00famero 25,<br \/>\nsegundo semestre de 2023<\/a><\/span><\/p>\n<\/div>\n<div style=\"float: left; padding: 7px; align: center;\">\n<p><a href=\"https:\/\/estudiosdeldesarrollo.mx\/estudioscriticosdeldesarrollo\/numero-24\/\"><img loading=\"lazy\" decoding=\"async\" class=\"alignnone wp-image-111 \" src=\"https:\/\/estudiosdeldesarrollo.mx\/estudioscriticosdeldesarrollo\/wp-content\/uploads\/2023\/10\/ECD24portada.jpeg\" alt=\"\" width=\"209\" height=\"285\" \/><\/a><\/p>\n<p style=\"text-align: center;\"><span style=\"color: #000000;\"><a style=\"color: #000000;\" href=\"https:\/\/estudiosdeldesarrollo.mx\/estudioscriticosdeldesarrollo\/numero-24\/\">Volumen XIII, n\u00famero 24,<br \/>\nprimer semestre de 2023<\/a><\/span><\/p>\n<\/div>\n<div style=\"float: left; padding: 7px; align: center; background-color: #f2f2f2;\">\n<p><a href=\"https:\/\/estudiosdeldesarrollo.mx\/estudioscriticosdeldesarrollo\/numero-23\/\"><img loading=\"lazy\" decoding=\"async\" class=\"alignnone wp-image-119\" src=\"https:\/\/estudiosdeldesarrollo.mx\/estudioscriticosdeldesarrollo\/wp-content\/uploads\/2023\/10\/ForrosECD23ok.jpg\" alt=\"\" width=\"211\" height=\"288\" \/><\/a><\/p>\n<p style=\"text-align: center;\"><span style=\"color: #000000;\"><a style=\"color: #000000;\" href=\"https:\/\/estudiosdeldesarrollo.mx\/estudioscriticosdeldesarrollo\/numero-23\/\">Volumen XII, n\u00famero 23,<br \/>\nsegundo semestre de 2022<\/a><\/span><\/p>\n<\/div>\n<div style=\"float: left; padding: 7px; align: center;\">\n<p><a href=\"https:\/\/estudiosdeldesarrollo.mx\/estudioscriticosdeldesarrollo\/numero-22\/\"><img loading=\"lazy\" decoding=\"async\" class=\"alignnone wp-image-111 \" src=\"https:\/\/estudiosdeldesarrollo.mx\/estudioscriticosdeldesarrollo\/wp-content\/uploads\/2023\/07\/ECD22portadaOK.jpg\" alt=\"\" width=\"211\" height=\"288\" \/><\/a><\/p>\n<p style=\"text-align: center;\"><span style=\"color: #000000;\"><a style=\"color: #000000;\" href=\"https:\/\/estudiosdeldesarrollo.mx\/estudioscriticosdeldesarrollo\/numero-22\/\">Volumen XII, n\u00famero 22,<br \/>\nprimer semestre de 2022<\/a><\/span><\/p>\n<\/div>\n<div style=\"float: left; padding: 7px; align: center; background-color: #f2f2f2;\">\n<p><a href=\"https:\/\/estudiosdeldesarrollo.mx\/estudioscriticosdeldesarrollo\/numero-21\/\"><img loading=\"lazy\" decoding=\"async\" class=\"alignnone wp-image-119\" src=\"https:\/\/estudiosdeldesarrollo.mx\/estudioscriticosdeldesarrollo\/wp-content\/uploads\/2022\/08\/Forrosecd21.jpg\" alt=\"\" width=\"210\" height=\"287\" \/><\/a><\/p>\n<p style=\"text-align: center;\"><span style=\"color: #000000;\"><a style=\"color: #000000;\" href=\"https:\/\/estudiosdeldesarrollo.mx\/estudioscriticosdeldesarrollo\/numero-21\/\">Volumen XI, n\u00famero 21,<br \/>\nsegundo semestre de 2021<\/a><\/span><\/p>\n<\/div>\n<div style=\"float: left; padding: 7px; align: center;\">\n<p><a href=\"https:\/\/estudiosdeldesarrollo.mx\/estudioscriticosdeldesarrollo\/numero-20\/\"><img loading=\"lazy\" decoding=\"async\" class=\"alignnone wp-image-111 \" src=\"https:\/\/estudiosdeldesarrollo.mx\/estudioscriticosdeldesarrollo\/wp-content\/uploads\/2022\/04\/ECD20portada.jpg\" alt=\"\" width=\"211\" height=\"288\" \/><\/a><\/p>\n<p style=\"text-align: center;\"><span style=\"color: #000000;\"><a style=\"color: #000000;\" href=\"https:\/\/estudiosdeldesarrollo.mx\/estudioscriticosdeldesarrollo\/numero-20\/\">Volumen XI, n\u00famero 20,<br \/>\nprimer semestre de 2021<\/a><\/span><\/p>\n<\/div>\n<div style=\"float: left; padding: 7px; align: center; background-color: #f2f2f2;\">\n<p><a href=\"https:\/\/estudiosdeldesarrollo.mx\/estudioscriticosdeldesarrollo\/numero-19\/\"><img loading=\"lazy\" decoding=\"async\" class=\"alignnone wp-image-119\" src=\"https:\/\/estudiosdeldesarrollo.mx\/estudioscriticosdeldesarrollo\/wp-content\/uploads\/2021\/12\/ECD19portada.jpeg\" alt=\"\" width=\"212\" height=\"288\" \/><\/a><\/p>\n<p style=\"text-align: center;\"><span style=\"color: #000000;\"><a style=\"color: #000000;\" href=\"https:\/\/estudiosdeldesarrollo.mx\/estudioscriticosdeldesarrollo\/numero-19\/\">Volumen X, n\u00famero 19,<br \/>\nsegundo semestre de 2020<\/a><\/span><\/p>\n<\/div>\n<div style=\"float: left; padding: 7px; align: center;\">\n<p><a href=\"https:\/\/estudiosdeldesarrollo.mx\/estudioscriticosdeldesarrollo\/numero-18\/\"><img loading=\"lazy\" decoding=\"async\" class=\"alignnone wp-image-111 \" src=\"https:\/\/estudiosdeldesarrollo.mx\/estudioscriticosdeldesarrollo\/wp-content\/uploads\/2021\/06\/ECD18portadab.jpg\" alt=\"\" width=\"211\" height=\"288\" \/><\/a><\/p>\n<p style=\"text-align: center;\"><span style=\"color: #000000;\"><a style=\"color: #000000;\" href=\"https:\/\/estudiosdeldesarrollo.mx\/estudioscriticosdeldesarrollo\/numero-18\/\">Volumen X, n\u00famero 18,<br \/>\nprimer semestre de 2020<\/a><\/span><\/p>\n<\/div>\n<div style=\"float: left; padding: 7px; align: center; background-color: #f2f2f2;\">\n<p><a href=\"https:\/\/estudiosdeldesarrollo.mx\/estudioscriticosdeldesarrollo\/numero-17\/\"><img loading=\"lazy\" decoding=\"async\" class=\"wp-image-119 alignnone\" src=\"https:\/\/estudiosdeldesarrollo.mx\/estudioscriticosdeldesarrollo\/wp-content\/uploads\/2020\/10\/ForrosECD17.jpg\" alt=\"\" width=\"211\" height=\"288\" \/><\/a><\/p>\n<p style=\"text-align: center;\"><span style=\"color: #000000;\"><a style=\"color: #000000;\" href=\"https:\/\/estudiosdeldesarrollo.mx\/estudioscriticosdeldesarrollo\/numero-15\/\">Volumen IX, n\u00famero 17,<br \/>\nsegundo semestre de 2019<\/a><\/span><\/p>\n<\/div>\n<div style=\"float: left; padding: 7px; align: center;\">\n<p><a href=\"https:\/\/estudiosdeldesarrollo.mx\/estudioscriticosdeldesarrollo\/numero-16\/\"><img loading=\"lazy\" decoding=\"async\" class=\"wp-image-111  alignnone\" src=\"https:\/\/estudiosdeldesarrollo.mx\/estudioscriticosdeldesarrollo\/wp-content\/uploads\/2020\/06\/ECD16.jpg\" alt=\"\" width=\"212\" height=\"289\" \/><\/a><\/p>\n<p style=\"text-align: center;\"><span style=\"color: #000000;\"><a style=\"color: #000000;\" href=\"https:\/\/estudiosdeldesarrollo.mx\/estudioscriticosdeldesarrollo\/numero-16\/\">Volumen IX, n\u00famero 16,<br \/>\nprimer semestre de 2019<\/a><\/span><\/p>\n<\/div>\n<div style=\"float: left; padding: 7px; align: center; background-color: #f2f2f2;\">\n<p><a href=\"https:\/\/estudiosdeldesarrollo.mx\/estudioscriticosdeldesarrollo\/numero-15\/\"><img loading=\"lazy\" decoding=\"async\" class=\"alignnone wp-image-119\" src=\"https:\/\/estudiosdeldesarrollo.mx\/estudioscriticosdeldesarrollo\/wp-content\/uploads\/2020\/06\/ecd15.jpg\" alt=\"\" width=\"213\" height=\"291\" \/><\/a><\/p>\n<p style=\"text-align: center;\"><span style=\"color: #000000;\"><a style=\"color: #000000;\" href=\"https:\/\/estudiosdeldesarrollo.mx\/estudioscriticosdeldesarrollo\/numero-15\/\">Volumen VIII, n\u00famero 15,<br \/>\nsegundo semestre de 2018<\/a><\/span><\/p>\n<\/div>\n<div style=\"float: left; padding: 7px; align: center;\">\n<p><a href=\"https:\/\/estudiosdeldesarrollo.mx\/estudioscriticosdeldesarrollo\/numero-14\/\"><img loading=\"lazy\" decoding=\"async\" class=\"alignnone wp-image-111\" src=\"https:\/\/estudiosdeldesarrollo.mx\/estudioscriticosdeldesarrollo\/wp-content\/uploads\/2019\/01\/ECD14.jpg\" alt=\"\" width=\"214\" height=\"292\" \/><\/a><\/p>\n<p style=\"text-align: center;\"><span style=\"color: #000000;\"><a style=\"color: #000000;\" href=\"https:\/\/estudiosdeldesarrollo.mx\/estudioscriticosdeldesarrollo\/numero-14\/\">Volumen VIII, n\u00famero 14,<br \/>\nprimer semestre de 2018<\/a><\/span><\/p>\n<\/div>\n<div style=\"float: left; padding: 7px; align: center; background-color: #f2f2f2;\">\n<p><a href=\"https:\/\/estudiosdeldesarrollo.mx\/estudioscriticosdeldesarrollo\/numero-13\/\"><img loading=\"lazy\" decoding=\"async\" class=\"wp-image-119 alignnone\" src=\"https:\/\/estudiosdeldesarrollo.mx\/estudioscriticosdeldesarrollo\/wp-content\/uploads\/2019\/01\/ECD13.jpg\" alt=\"\" width=\"214\" height=\"291\" \/><\/a><\/p>\n<p style=\"text-align: center;\"><span style=\"color: #000000;\"><a style=\"color: #000000;\" href=\"https:\/\/estudiosdeldesarrollo.mx\/estudioscriticosdeldesarrollo\/numero-13\/\">Volumen VII, n\u00famero 13,<br \/>\nsegundo semestre de 2017<\/a><\/span><\/p>\n<\/div>\n<div style=\"float: left; padding: 7px; align: center;\">\n<p><a href=\"https:\/\/estudiosdeldesarrollo.mx\/estudioscriticosdeldesarrollo\/numero-12\/\"><img loading=\"lazy\" decoding=\"async\" class=\"alignnone wp-image-118\" src=\"https:\/\/estudiosdeldesarrollo.mx\/estudioscriticosdeldesarrollo\/wp-content\/uploads\/2019\/01\/ECD12.jpg\" alt=\"\" width=\"214\" height=\"293\" \/><\/a><\/p>\n<p style=\"text-align: center;\"><span style=\"color: #000000;\"><a style=\"color: #000000;\" href=\"https:\/\/estudiosdeldesarrollo.mx\/estudioscriticosdeldesarrollo\/numero-12\/\">Volumen VII, n\u00famero 12,<br \/>\nprimer semestre de 2017<\/a><\/span><\/p>\n<\/div>\n<div style=\"float: left; padding: 7px; align: center; background-color: #f2f2f2;\">\n<p><a href=\"https:\/\/estudiosdeldesarrollo.mx\/estudioscriticosdeldesarrollo\/numero-11\/\"><img loading=\"lazy\" decoding=\"async\" class=\"alignnone wp-image-117\" src=\"https:\/\/estudiosdeldesarrollo.mx\/estudioscriticosdeldesarrollo\/wp-content\/uploads\/2019\/01\/ECD11.jpg\" alt=\"\" width=\"215\" height=\"293\" \/><\/a><\/p>\n<p style=\"text-align: center;\"><span style=\"color: #000000;\"><a style=\"color: #000000;\" href=\"https:\/\/estudiosdeldesarrollo.mx\/estudioscriticosdeldesarrollo\/numero-11\/\">Volumen VI, n\u00famero 11,<br \/>\nsegundo semestre de 2016<\/a><\/span><\/p>\n<\/div>\n<div style=\"float: left; padding: 7px; align: center;\">\n<p><a href=\"https:\/\/estudiosdeldesarrollo.mx\/estudioscriticosdeldesarrollo\/numero-10\/\"><img loading=\"lazy\" decoding=\"async\" class=\"alignnone wp-image-116\" src=\"https:\/\/estudiosdeldesarrollo.mx\/estudioscriticosdeldesarrollo\/wp-content\/uploads\/2019\/01\/ECD10.jpg\" alt=\"\" width=\"213\" height=\"299\" \/><\/a><\/p>\n<p style=\"text-align: center;\"><span style=\"color: #000000;\"><a style=\"color: #000000;\" href=\"https:\/\/estudiosdeldesarrollo.mx\/estudioscriticosdeldesarrollo\/numero-10\/\">Volumen VI, n\u00famero 10,<\/a><\/span><br \/>\n<span style=\"color: #000000;\">primer semestre de 2016<\/span><\/p>\n<\/div>\n<div style=\"float: left; padding: 7px; align: center; background-color: #f2f2f2;\">\n<p><a href=\"https:\/\/estudiosdeldesarrollo.mx\/estudioscriticosdeldesarrollo\/numero-9\/\"><img loading=\"lazy\" decoding=\"async\" class=\"alignnone wp-image-349 \" src=\"https:\/\/estudiosdeldesarrollo.mx\/estudioscriticosdeldesarrollo\/wp-content\/uploads\/2019\/01\/ECD09.jpg\" alt=\"\" width=\"219\" height=\"299\" \/><\/a><\/p>\n<p style=\"text-align: center;\"><span style=\"color: #000000;\"><a style=\"color: #000000;\" href=\"https:\/\/estudiosdeldesarrollo.mx\/estudioscriticosdeldesarrollo\/numero-9\/\">Volumen V, n\u00famero 9,<br \/>\nsegundo semestre de 2015<\/a><\/span><\/p>\n<\/div>\n<div style=\"float: left; padding: 7px; align: center;\">\n<p><a href=\"https:\/\/estudiosdeldesarrollo.mx\/estudioscriticosdeldesarrollo\/numero-8\/\"><img loading=\"lazy\" decoding=\"async\" class=\"alignnone wp-image-357 \" src=\"https:\/\/estudiosdeldesarrollo.mx\/estudioscriticosdeldesarrollo\/wp-content\/uploads\/2019\/01\/ECD08.jpg\" alt=\"\" width=\"219\" height=\"299\" \/><\/a><\/p>\n<p style=\"text-align: center;\"><span style=\"color: #000000;\"><a style=\"color: #000000;\" href=\"https:\/\/estudiosdeldesarrollo.mx\/estudioscriticosdeldesarrollo\/numero-8\/\">Volumen V, n\u00famero 8,<br \/>\nprimer semestre de 2015<\/a><\/span><\/p>\n<\/div>\n<div style=\"float: left; padding: 7px; align: center; background-color: #f2f2f2;\">\n<p><a href=\"https:\/\/estudiosdeldesarrollo.mx\/estudioscriticosdeldesarrollo\/numero-7\/\"><img loading=\"lazy\" decoding=\"async\" class=\"alignnone wp-image-358 \" src=\"https:\/\/estudiosdeldesarrollo.mx\/estudioscriticosdeldesarrollo\/wp-content\/uploads\/2019\/01\/ECD07.jpg\" alt=\"\" width=\"217\" height=\"300\" \/><\/a><\/p>\n<p style=\"text-align: center;\"><span style=\"color: #000000;\"><a style=\"color: #000000;\" href=\"https:\/\/estudiosdeldesarrollo.mx\/estudioscriticosdeldesarrollo\/numero-7\/\">Volumen IV, n\u00famero 7,<br \/>\nsegundo semestre de 2014<\/a><\/span><\/p>\n<\/div>\n<div style=\"float: left; padding: 7px; align: center;\">\n<p><a href=\"https:\/\/estudiosdeldesarrollo.mx\/estudioscriticosdeldesarrollo\/numero-6\/\"><img loading=\"lazy\" decoding=\"async\" class=\"alignnone wp-image-359 \" src=\"https:\/\/estudiosdeldesarrollo.mx\/estudioscriticosdeldesarrollo\/wp-content\/uploads\/2019\/01\/ECD06.jpg\" alt=\"\" width=\"219\" height=\"299\" \/><\/a><\/p>\n<p style=\"text-align: center;\"><span style=\"color: #000000;\"><a style=\"color: #000000;\" href=\"https:\/\/estudiosdeldesarrollo.mx\/estudioscriticosdeldesarrollo\/numero-6\/\">Volumen IV, n\u00famero 6,<br \/>\nprimer semestre de 2014<\/a><\/span><\/p>\n<\/div>\n<div style=\"float: left; padding: 7px; align: center; background-color: #f2f2f2;\">\n<p><a href=\"https:\/\/estudiosdeldesarrollo.mx\/estudioscriticosdeldesarrollo\/numero-5\/\"><img loading=\"lazy\" decoding=\"async\" class=\"alignnone wp-image-375 \" src=\"https:\/\/estudiosdeldesarrollo.mx\/estudioscriticosdeldesarrollo\/wp-content\/uploads\/2019\/01\/ECD05.jpg\" alt=\"\" width=\"219\" height=\"299\" \/><\/a><\/p>\n<p style=\"text-align: center;\"><span style=\"color: #000000;\"><a style=\"color: #000000;\" href=\"https:\/\/estudiosdeldesarrollo.mx\/estudioscriticosdeldesarrollo\/numero-5\/\">Volumen III, n\u00famero 5,<br \/>\nsegundo semestre de 2013<\/a><\/span><\/p>\n<\/div>\n<div style=\"float: left; padding: 7px; align: center;\">\n<p><a href=\"https:\/\/estudiosdeldesarrollo.mx\/estudioscriticosdeldesarrollo\/numero-4\/\"><img loading=\"lazy\" decoding=\"async\" class=\"alignnone wp-image-384 \" src=\"https:\/\/estudiosdeldesarrollo.mx\/estudioscriticosdeldesarrollo\/wp-content\/uploads\/2019\/01\/ECD04.jpg\" alt=\"\" width=\"221\" height=\"299\" \/><\/a><\/p>\n<p style=\"text-align: center;\"><span style=\"color: #000000;\"><a style=\"color: #000000;\" href=\"https:\/\/estudiosdeldesarrollo.mx\/estudioscriticosdeldesarrollo\/numero-4\/\">Volumen III, n\u00famero 4,<br \/>\nprimer semestre de 2013<\/a><\/span><\/p>\n<\/div>\n<div style=\"float: left; padding: 7px; align: center; background-color: #f2f2f2;\">\n<p><a href=\"https:\/\/estudiosdeldesarrollo.mx\/estudioscriticosdeldesarrollo\/numero-3\/\"><img loading=\"lazy\" decoding=\"async\" class=\"alignnone wp-image-392 \" src=\"https:\/\/estudiosdeldesarrollo.mx\/estudioscriticosdeldesarrollo\/wp-content\/uploads\/2019\/01\/ECD03.jpg\" alt=\"\" width=\"225\" height=\"299\" \/><\/a><\/p>\n<p style=\"text-align: center;\"><span style=\"color: #000000;\"><a style=\"color: #000000;\" href=\"https:\/\/estudiosdeldesarrollo.mx\/estudioscriticosdeldesarrollo\/numero-3\/\">Volumen II, n\u00famero 3,<br \/>\nsegundo semestre de 2012<\/a><\/span><\/p>\n<\/div>\n<div style=\"float: left; padding: 7px; align: center;\">\n<p><a href=\"https:\/\/estudiosdeldesarrollo.mx\/estudioscriticosdeldesarrollo\/numero-2\/\"><img loading=\"lazy\" decoding=\"async\" class=\"alignnone wp-image-400 \" src=\"https:\/\/estudiosdeldesarrollo.mx\/estudioscriticosdeldesarrollo\/wp-content\/uploads\/2019\/01\/ECD02.jpg\" alt=\"\" width=\"218\" height=\"299\" \/><\/a><\/p>\n<p style=\"text-align: center;\"><span style=\"color: #000000;\"><a style=\"color: #000000;\" href=\"https:\/\/estudiosdeldesarrollo.mx\/estudioscriticosdeldesarrollo\/numero-2\/\">Volumen II, n\u00famero 2,<br \/>\nprimer semestre de 2012<\/a><\/span><\/p>\n<\/div>\n<div style=\"float: left; padding: 7px; align: center; background-color: #f2f2f2;\">\n<p><a href=\"https:\/\/estudiosdeldesarrollo.mx\/estudioscriticosdeldesarrollo\/numero-1\/\"><img loading=\"lazy\" decoding=\"async\" class=\"alignnone wp-image-408 \" src=\"https:\/\/estudiosdeldesarrollo.mx\/estudioscriticosdeldesarrollo\/wp-content\/uploads\/2019\/01\/ECD01.jpg\" alt=\"\" width=\"219\" height=\"299\" \/><\/a><\/p>\n<p style=\"text-align: center;\"><span style=\"color: #000000;\"><a style=\"color: #000000;\" href=\"https:\/\/estudiosdeldesarrollo.mx\/estudioscriticosdeldesarrollo\/numero-1\/\">Volumen I, n\u00famero 1,<br \/>\nsegundo semestre de 2011<\/a><\/span><\/p>\n<\/div>\n<\/div>\n","protected":false},"excerpt":{"rendered":"<p>Volumen XIV, n\u00famero 27, segundo semestre de 2024 Volumen XIV, n\u00famero 26, primer semestre de 2024 Volumen XIII, n\u00famero 25, segundo semestre de 2023 Volumen XIII, n\u00famero 24, primer semestre de 2023 Volumen XII, n\u00famero 23, segundo semestre de 2022<\/p>\n","protected":false},"author":2,"featured_media":0,"parent":0,"menu_order":0,"comment_status":"closed","ping_status":"closed","template":"page-templates\/page-builder.php","meta":{"footnotes":""},"class_list":["post-22","page","type-page","status-publish","hentry"],"_links":{"self":[{"href":"https:\/\/estudiosdeldesarrollo.mx\/estudioscriticosdeldesarrollo\/wp-json\/wp\/v2\/pages\/22","targetHints":{"allow":["GET"]}}],"collection":[{"href":"https:\/\/estudiosdeldesarrollo.mx\/estudioscriticosdeldesarrollo\/wp-json\/wp\/v2\/pages"}],"about":[{"href":"https:\/\/estudiosdeldesarrollo.mx\/estudioscriticosdeldesarrollo\/wp-json\/wp\/v2\/types\/page"}],"author":[{"embeddable":true,"href":"https:\/\/estudiosdeldesarrollo.mx\/estudioscriticosdeldesarrollo\/wp-json\/wp\/v2\/users\/2"}],"replies":[{"embeddable":true,"href":"https:\/\/estudiosdeldesarrollo.mx\/estudioscriticosdeldesarrollo\/wp-json\/wp\/v2\/comments?post=22"}],"version-history":[{"count":5,"href":"https:\/\/estudiosdeldesarrollo.mx\/estudioscriticosdeldesarrollo\/wp-json\/wp\/v2\/pages\/22\/revisions"}],"predecessor-version":[{"id":1625,"href":"https:\/\/estudiosdeldesarrollo.mx\/estudioscriticosdeldesarrollo\/wp-json\/wp\/v2\/pages\/22\/revisions\/1625"}],"wp:attachment":[{"href":"https:\/\/estudiosdeldesarrollo.mx\/estudioscriticosdeldesarrollo\/wp-json\/wp\/v2\/media?parent=22"}],"curies":[{"name":"wp","href":"https:\/\/api.w.org\/{rel}","templated":true}]}}