{"id":208,"date":"2018-11-08T17:18:05","date_gmt":"2018-11-08T17:18:05","guid":{"rendered":"https:\/\/estudiosdeldesarrollo.mx\/estudioscriticosdeldesarrollo\/?page_id=208"},"modified":"2024-05-03T16:44:08","modified_gmt":"2024-05-03T16:44:08","slug":"inicio","status":"publish","type":"page","link":"https:\/\/estudiosdeldesarrollo.mx\/estudioscriticosdeldesarrollo\/","title":{"rendered":"Inicio"},"content":{"rendered":"<div id=\"contenedorpresentacion\">\n<div style=\"float: left;\">\n<div>\n<p><a href=\"https:\/\/estudiosdeldesarrollo.mx\/estudioscriticosdeldesarrollo\/numero-24\/\"><img loading=\"lazy\" decoding=\"async\" class=\" wp-image-111 alignleft\" src=\"https:\/\/estudiosdeldesarrollo.mx\/estudioscriticosdeldesarrollo\/wp-content\/uploads\/2023\/10\/ECD24portada.jpeg\" alt=\"\" width=\"180\" height=\"246\" \/><\/a><\/p>\n<div><span style=\"color: #000000;\">ISSN electr\u00f3nico: 2594-0899<\/span><br \/>\n<span style=\"color: #000000;\">ISSN impreso: 2448-5020<\/span><br \/>\n<span style=\"color: #000000;\">DOI: <a style=\"color: #000000;\" href=\"https:\/\/doi.org\/10.35533\/ecd2011\">https:\/\/doi.org\/10.35533\/ecd2011<\/a><\/span><\/div>\n<p><a href=\"https:\/\/estudiosdeldesarrollo.mx\/estudioscriticosdeldesarrollo\/numero-24\/\"><span style=\"color: #000000;\"><b><big><span style=\"color: #000000;\"><span style=\"color: #301d00;\">\u00daltimo n\u00famero<\/span><\/span><\/big><\/b><\/span><\/a><\/p>\n<div><span style=\"color: #000000;\">Volumen XIII, n\u00famero 24<\/span><br \/>\n<span style=\"color: #000000;\">Primer semestre de 2023<\/span><\/div>\n<\/div>\n<div style=\"float: left; background-color: #f2f2f2; padding: 10px;\">\n<p><em>Estudios Cr\u00edticos del Desarrollo, <\/em>publicaci\u00f3n semestral editada por la Universidad Aut\u00f3noma de Zacatecas \u00abFrancisco Garc\u00eda Salinas\u00bb, se concibe como un espacio abierto a la comunidad cient\u00edfica y acad\u00e9mica interesada en estudiar, desde una visi\u00f3n cr\u00edtica, la teor\u00eda y la pr\u00e1ctica del desarrollo. Se aboga por una cr\u00edtica que permita entender la compleja realidad y que proponga alternativas de desarrollo soportadas por estrategias de cambio estructural y transformaci\u00f3n social. Una b\u00fasqueda de otras formas de organizaci\u00f3n y de modalidades econ\u00f3micas solidarias que remitan a escenarios en los que sean fundamentales la emancipaci\u00f3n social, la justicia y la democracia directa.<\/p>\n<p>La revista est\u00e1 organizada en tres secciones: \u00abArt\u00edculos\u00bb, \u00abDebate\u00bb y \u00abRese\u00f1a\u00bb.\u00a0Se edita en los formatos impreso y digital. Al respecto, recibe colaboraciones de autores adscritos a centros de investigaci\u00f3n de diversas partes del mundo que pretendan publicar trabajos cient\u00edficos enmarcados en las Ciencias Sociales y las Humanidades.<\/p>\n<\/div>\n<\/div>\n<\/div>\n","protected":false},"excerpt":{"rendered":"<p>ISSN electr\u00f3nico: 2594-0899 ISSN impreso: 2448-5020 DOI: https:\/\/doi.org\/10.35533\/ecd2011 \u00daltimo n\u00famero Volumen XIII, n\u00famero 24 Primer semestre de 2023 Estudios Cr\u00edticos del Desarrollo, publicaci\u00f3n semestral editada por la Universidad Aut\u00f3noma de Zacatecas \u00abFrancisco Garc\u00eda Salinas\u00bb, se concibe como un espacio abierto<\/p>\n","protected":false},"author":2,"featured_media":0,"parent":0,"menu_order":0,"comment_status":"closed","ping_status":"closed","template":"page-templates\/page-builder.php","meta":{"footnotes":""},"class_list":["post-208","page","type-page","status-publish","hentry"],"_links":{"self":[{"href":"https:\/\/estudiosdeldesarrollo.mx\/estudioscriticosdeldesarrollo\/wp-json\/wp\/v2\/pages\/208","targetHints":{"allow":["GET"]}}],"collection":[{"href":"https:\/\/estudiosdeldesarrollo.mx\/estudioscriticosdeldesarrollo\/wp-json\/wp\/v2\/pages"}],"about":[{"href":"https:\/\/estudiosdeldesarrollo.mx\/estudioscriticosdeldesarrollo\/wp-json\/wp\/v2\/types\/page"}],"author":[{"embeddable":true,"href":"https:\/\/estudiosdeldesarrollo.mx\/estudioscriticosdeldesarrollo\/wp-json\/wp\/v2\/users\/2"}],"replies":[{"embeddable":true,"href":"https:\/\/estudiosdeldesarrollo.mx\/estudioscriticosdeldesarrollo\/wp-json\/wp\/v2\/comments?post=208"}],"version-history":[{"count":5,"href":"https:\/\/estudiosdeldesarrollo.mx\/estudioscriticosdeldesarrollo\/wp-json\/wp\/v2\/pages\/208\/revisions"}],"predecessor-version":[{"id":1513,"href":"https:\/\/estudiosdeldesarrollo.mx\/estudioscriticosdeldesarrollo\/wp-json\/wp\/v2\/pages\/208\/revisions\/1513"}],"wp:attachment":[{"href":"https:\/\/estudiosdeldesarrollo.mx\/estudioscriticosdeldesarrollo\/wp-json\/wp\/v2\/media?parent=208"}],"curies":[{"name":"wp","href":"https:\/\/api.w.org\/{rel}","templated":true}]}}