{"id":1719,"date":"2026-05-08T21:18:22","date_gmt":"2026-05-08T21:18:22","guid":{"rendered":"https:\/\/estudiosdeldesarrollo.mx\/estudioscriticosdeldesarrollo\/?page_id=1719"},"modified":"2026-05-08T21:18:22","modified_gmt":"2026-05-08T21:18:22","slug":"numero-28","status":"publish","type":"page","link":"https:\/\/estudiosdeldesarrollo.mx\/estudioscriticosdeldesarrollo\/numero-28\/","title":{"rendered":"N\u00famero 28"},"content":{"rendered":"<div id=\"contenedor30\">\n<div style=\"float: left;\">\n<div>\n<p><img loading=\"lazy\" decoding=\"async\" class=\" wp-image-111 alignleft\" src=\"https:\/\/estudiosdeldesarrollo.mx\/estudioscriticosdeldesarrollo\/wp-content\/uploads\/2026\/05\/ECD28portada.jpeg\" alt=\"\" width=\"250\" height=\"342\" \/><\/p>\n<h5><\/h5>\n<p><b>\u00a0<\/b><\/p>\n<\/div>\n<\/div>\n<div style=\"float: left; background-color: #f2f2f2; padding: 10px; width: 100%;\">\n<h4 style=\"color: #336b56;\"><span style=\"color: #b56d99;\"><b>Editorial<\/b><\/span><\/h4>\n<p><a href=\"https:\/\/estudiosdeldesarrollo.mx\/estudioscriticosdeldesarrollo\/wp-content\/uploads\/2026\/05\/ecd28-E.pdf\" target=\"_blank\" rel=\"noopener\"><span style=\"color: #000000;\"><span style=\"font-size: 19.2px;\">Subsunci\u00f3n de la tecnociencia a la l\u00f3gica del capital: una cr\u00edtica al determinismo tecnol\u00f3gico contempor\u00e1neo<\/span><\/span><\/a><\/p>\n<h4 style=\"color: #336b56;\"><span style=\"color: #b56d99;\"><b>Art\u00edculos<\/b><\/span><\/h4>\n<p><a href=\"https:\/\/estudiosdeldesarrollo.mx\/estudioscriticosdeldesarrollo\/wp-content\/uploads\/2026\/05\/ecd28-1.pdf\" target=\"_blank\" rel=\"noopener\"><span style=\"color: #000000;\"><span style=\"font-size: 19.2px;\">Expectativas de desarrollo y exportaci\u00f3n de litio en pa\u00edses latinoamericanos<\/span><\/span><\/a><br \/>\n<span style=\"color: #808080;\"><strong>Eduardo Paz Gonz\u00e1lez<br \/>\n<\/strong><span style=\"color: #999999;\"><a style=\"color: #999999;\" href=\"https:\/\/doi.org\/10.35533\/ecd.1528.epg\" target=\"_blank\" rel=\"noopener\">https:\/\/doi.org\/10.35533\/ecd.1528.epg<\/a><\/span><strong><br \/>\n<\/strong><\/span><\/p>\n<p><a href=\"https:\/\/estudiosdeldesarrollo.mx\/estudioscriticosdeldesarrollo\/wp-content\/uploads\/2026\/05\/ecd28-2.pdf\" target=\"_blank\" rel=\"noopener\"><span style=\"color: #000000;\"><span style=\"font-size: 19.2px;\">Ra\u00fal Prebisch: \u00abNo se trata de un juego de palabras\u00bb<\/span><\/span><\/a><br \/>\n<span style=\"color: #808080;\"><strong>Carlos Mallorqu\u00edn<br \/>\n<\/strong><a href=\"https:\/\/doi.org\/10.35533\/ecd.1528.cm\" target=\"_blank\" rel=\"noopener\"><span style=\"color: #999999;\">https:\/\/doi.org\/10.35533\/ecd.1528.cm<\/span><\/a><strong><br \/>\n<\/strong><\/span><b><\/b><\/p>\n<p><a href=\"https:\/\/estudiosdeldesarrollo.mx\/estudioscriticosdeldesarrollo\/wp-content\/uploads\/2026\/05\/ecd28-3.pdf\" target=\"_blank\" rel=\"noopener\"><span style=\"color: #000000;\"><span style=\"font-size: 19.2px;\">Uruguay, educaci\u00f3n y reformas: \u00bffilosof\u00eda de la crisis o crisis de la filosof\u00eda?<\/span><\/span><\/a><br \/>\n<span style=\"color: #808080;\"><strong>Oscar Ma\u00f1\u00e1n | Katherine Pose | Ver\u00f3nica Ardisoni | Ana Paula Coronel | Andrea Chaves<br \/>\n<\/strong><a href=\"https:\/\/doi.org\/10.35533\/ecd.1528.om.kp\" target=\"_blank\" rel=\"noopener\"><span style=\"color: #999999;\">https:\/\/doi.org\/10.35533\/ecd.1528.om.kp<\/span><\/a><strong><br \/>\n<\/strong><\/span><b><\/b><\/p>\n<p><a href=\"https:\/\/estudiosdeldesarrollo.mx\/estudioscriticosdeldesarrollo\/wp-content\/uploads\/2026\/05\/ecd28-4.pdf\" target=\"_blank\" rel=\"noopener\"><span style=\"color: #000000;\"><span style=\"font-size: 19.2px;\">Turistificaci\u00f3n en la colonia Roma Norte. Impactos de la vida cotidiana<\/span><\/span><\/a><br \/>\n<span style=\"color: #808080;\"><strong>Aldair Emiliano Delgadillo de Jes\u00fas | Cristina Flores Amador | Jeanette Daniela Dennis Delgado | Mar\u00eda Lizzette Hern\u00e1ndez \u00c1lvarez | Wendy Yexal\u00e9n Peralta Rodr\u00edguez | Benito Carbajal Reyes<br \/>\n<\/strong><a href=\"https:\/\/doi.org\/10.35533\/ecd.1528.aedj.cfa\" target=\"_blank\" rel=\"noopener\"><span style=\"color: #999999;\">https:\/\/doi.org\/10.35533\/ecd.1528.aedj.cfa<\/span><\/a><strong><br \/>\n<\/strong><\/span><\/p>\n<p><a href=\"https:\/\/estudiosdeldesarrollo.mx\/estudioscriticosdeldesarrollo\/wp-content\/uploads\/2026\/05\/ecd28-5.pdf\" target=\"_blank\" rel=\"noopener\"><span style=\"color: #000000;\"><span style=\"font-size: 19.2px;\">Roque Fern\u00e1ndez, Juan Carlos de Pablo y Domingo Cavallo: los economistas profesionales en la transici\u00f3n a la democracia (1982-1985)<\/span><\/span><\/a><br \/>\n<span style=\"color: #808080;\"><strong>Ignacio Andr\u00e9s Rossi<br \/>\n<\/strong><a href=\"https:\/\/doi.org\/10.35533\/ecd.1528.iar\" target=\"_blank\" rel=\"noopener\"><span style=\"color: #999999;\">https:\/\/doi.org\/10.35533\/ecd.1528.iar<\/span><\/a><strong><br \/>\n<\/strong><\/span><\/p>\n<h4 style=\"color: #336b56;\"><span style=\"color: #b56d99;\"><b>Debate<\/b><\/span><\/h4>\n<p><a href=\"https:\/\/estudiosdeldesarrollo.mx\/estudioscriticosdeldesarrollo\/wp-content\/uploads\/2026\/05\/ecd28-D.pdf\" target=\"_blank\" rel=\"noopener\"><big><span style=\"color: #999999;\"><span style=\"color: #000000;\"><span style=\"font-size: 19.2px;\">Reconfiguraci\u00f3n del poder, disputas interburguesas y deterioro de la clase trabajadora bajo el r\u00e9gimen de la 4T<\/span><\/span><\/span><\/big><\/a><br \/>\n<span style=\"color: #808080;\"><strong>Humberto M\u00e1rquez Covarrubias<br \/>\n<\/strong><a href=\"https:\/\/doi.org\/10.35533\/ecd.1528.hmc\" target=\"_blank\" rel=\"noopener\"><span style=\"color: #999999;\">https:\/\/doi.org\/10.35533\/ecd.1528.hmc<\/span><\/a><strong><br \/>\n<\/strong><\/span><b><\/b><\/p>\n<h4 style=\"color: #336b56;\"><\/h4>\n<div style=\"background-color: #b56d99; padding: 10px;\">\n<p><span style=\"color: #ffffff;\"><strong><em>Estudios Cr\u00edticos del Desarrollo<\/em>, volumen XV, n\u00famero 28, primer semestre 2025<\/strong>, es una publicaci\u00f3n semestral editada por la Universidad Aut\u00f3noma de Zacatecas \u00abFrancisco Garc\u00eda Salinas\u00bb, a trav\u00e9s de la Unidad Acad\u00e9mica de Estudios del Desarrollo, Jard\u00edn Ju\u00e1rez 147, colonia Centro, Zacatecas, C.P. 98000, Tel. (01492) 922 91 09, www.uaz.edu.mx, www.estudiosdeldesarrollo.mx, revistaecd@uaz.edu.mx. Editor responsable: Humberto M\u00e1rquez Covarrubias. Reserva de Derechos al Uso Exclusivo V\u00eda Red C\u00f3mputo No. 04-2015-060212193100-203. ISSN: 2594-0899, ambos otorgados por el Instituto Nacional del Derecho de Autor. Responsable de \u00faltima actualizaci\u00f3n: Unidad Acad\u00e9mica de Estudios del Desarrollo, Maximino Gerardo Luna Estrada, Campus Universitario II, avenida Preparatoria s\/n, fraccionamiento Progreso, Zacatecas, C.P. 98065. Fecha de la \u00faltima modificaci\u00f3n, junio de 2025.<\/span><\/p>\n<p><span style=\"color: #ffffff;\">Las opiniones expresadas por los autores no necesariamente reflejan la postura del editor de la publicaci\u00f3n. Queda estrictamente prohibida la reproducci\u00f3n total o parcial de los contenidos e im\u00e1genes de la publicaci\u00f3n sin previa autorizaci\u00f3n de la Universidad Aut\u00f3noma de Zacatecas \u00abFrancisco Garc\u00eda Salinas\u00bb a trav\u00e9s de la Unidad Acad\u00e9mica de Estudios del Desarrollo.<\/span><br \/>\n<span style=\"color: #ffffff;\"><b><a style=\"color: #ffffff;\" href=\"https:\/\/doi.org\/10.35533\/ecd.numero28\" target=\"_blank\" rel=\"noopener noreferrer\">https:\/\/doi.org\/10.35533\/ecd.numero28<\/a><\/b><\/span><\/p>\n<\/div>\n<p style=\"color: #730057; text-align: center;\"><a style=\"font-size: 16px; background-color: #ffffff;\" href=\"http:\/\/creativecommons.org\/licenses\/by-nc-nd\/4.0\/\" rel=\"license\"><img decoding=\"async\" style=\"border-width: 0;\" src=\"https:\/\/i.creativecommons.org\/l\/by-nc-nd\/4.0\/88x31.png\" alt=\"Licencia de Creative Commons\" \/><\/a><br \/>\n<span style=\"color: #808080;\">Esta obra est\u00e1 bajo una <a style=\"color: #808080;\" href=\"http:\/\/creativecommons.org\/licenses\/by-nc-nd\/4.0\/\" rel=\"license\">licencia de Creative Commons Reconocimiento-NoComercial-SinObraDerivada 4.0 Internacional<\/a>.<\/span><\/p>\n<\/div>\n<\/div>\n","protected":false},"excerpt":{"rendered":"<p>\u00a0 Editorial Subsunci\u00f3n de la tecnociencia a la l\u00f3gica del capital: una cr\u00edtica al determinismo tecnol\u00f3gico contempor\u00e1neo Art\u00edculos Expectativas de desarrollo y exportaci\u00f3n de litio en pa\u00edses latinoamericanos Eduardo Paz Gonz\u00e1lez https:\/\/doi.org\/10.35533\/ecd.1528.epg Ra\u00fal Prebisch: \u00abNo se trata de un juego<\/p>\n","protected":false},"author":2,"featured_media":0,"parent":0,"menu_order":0,"comment_status":"closed","ping_status":"closed","template":"","meta":{"footnotes":""},"class_list":["post-1719","page","type-page","status-publish","hentry"],"_links":{"self":[{"href":"https:\/\/estudiosdeldesarrollo.mx\/estudioscriticosdeldesarrollo\/wp-json\/wp\/v2\/pages\/1719","targetHints":{"allow":["GET"]}}],"collection":[{"href":"https:\/\/estudiosdeldesarrollo.mx\/estudioscriticosdeldesarrollo\/wp-json\/wp\/v2\/pages"}],"about":[{"href":"https:\/\/estudiosdeldesarrollo.mx\/estudioscriticosdeldesarrollo\/wp-json\/wp\/v2\/types\/page"}],"author":[{"embeddable":true,"href":"https:\/\/estudiosdeldesarrollo.mx\/estudioscriticosdeldesarrollo\/wp-json\/wp\/v2\/users\/2"}],"replies":[{"embeddable":true,"href":"https:\/\/estudiosdeldesarrollo.mx\/estudioscriticosdeldesarrollo\/wp-json\/wp\/v2\/comments?post=1719"}],"version-history":[{"count":1,"href":"https:\/\/estudiosdeldesarrollo.mx\/estudioscriticosdeldesarrollo\/wp-json\/wp\/v2\/pages\/1719\/revisions"}],"predecessor-version":[{"id":1720,"href":"https:\/\/estudiosdeldesarrollo.mx\/estudioscriticosdeldesarrollo\/wp-json\/wp\/v2\/pages\/1719\/revisions\/1720"}],"wp:attachment":[{"href":"https:\/\/estudiosdeldesarrollo.mx\/estudioscriticosdeldesarrollo\/wp-json\/wp\/v2\/media?parent=1719"}],"curies":[{"name":"wp","href":"https:\/\/api.w.org\/{rel}","templated":true}]}}