{"id":1620,"date":"2024-12-18T22:23:29","date_gmt":"2024-12-18T22:23:29","guid":{"rendered":"https:\/\/estudiosdeldesarrollo.mx\/estudioscriticosdeldesarrollo\/?page_id=1620"},"modified":"2025-08-20T18:24:47","modified_gmt":"2025-08-20T18:24:47","slug":"numero-27","status":"publish","type":"page","link":"https:\/\/estudiosdeldesarrollo.mx\/estudioscriticosdeldesarrollo\/numero-27\/","title":{"rendered":"N\u00famero 27"},"content":{"rendered":"<div id=\"contenedor30\">\n<div style=\"float: left;\">\n<div>\n<p><img loading=\"lazy\" decoding=\"async\" class=\" wp-image-111 alignleft\" src=\"https:\/\/estudiosdeldesarrollo.mx\/estudioscriticosdeldesarrollo\/wp-content\/uploads\/2024\/12\/ECD27portada.jpg\" alt=\"\" width=\"250\" height=\"342\" \/><\/p>\n<h5><\/h5>\n<p><b>\u00a0<\/b><\/p>\n<\/div>\n<\/div>\n<div style=\"float: left; background-color: #f2f2f2; padding: 10px; width: 100%;\">\n<h4 style=\"color: #336b56;\"><span style=\"color: #336b56;\"><b>Editorial<\/b><\/span><\/h4>\n<p><span style=\"color: #000000;\"><span style=\"font-size: 19.2px;\">Periodo cr\u00edtico para el desarrollo humano en un entorno planetario convulso<\/span><\/span><\/p>\n<h4 style=\"color: #336b56;\"><span style=\"color: #336b56;\"><b>Art\u00edculos<\/b><\/span><\/h4>\n<p><span style=\"color: #000000;\"><span style=\"font-size: 19.2px;\">Agroextractivismo en su entorno hist\u00f3rico<\/span><\/span><br \/>\n<span style=\"color: #808080;\"><strong>Henry Veltmeyer<\/strong><\/span><\/p>\n<p><a href=\"https:\/\/estudiosdeldesarrollo.mx\/estudioscriticosdeldesarrollo\/wp-content\/uploads\/2025\/08\/ECD27-Nudelman.pdf\" target=\"_blank\" rel=\"noopener\"><span style=\"color: #000000;\"><span style=\"font-size: 19.2px;\">El cuidado de la Vida en Am\u00e9rica Latina: reg\u00edmenes ontol\u00f3gicos frente a la crisis socioecol\u00f3gica<\/span><\/span><\/a><br \/>\n<span style=\"color: #808080;\"><strong>Emilio Nudelman Cruz<\/strong><\/span><b><\/b><\/p>\n<p><a href=\"https:\/\/estudiosdeldesarrollo.mx\/estudioscriticosdeldesarrollo\/wp-content\/uploads\/2025\/07\/ECD27-bruna.pdf\" target=\"_blank\" rel=\"noopener\"><span style=\"color: #000000;\"><span style=\"font-size: 19.2px;\">Un mundo clim\u00e1ticamente inteligente y el auge del extractivismo verde<\/span><\/span><\/a><br \/>\n<span style=\"color: #808080;\"><strong>Natacha Bruna<\/strong><\/span><b><\/b><\/p>\n<p><a href=\"https:\/\/estudiosdeldesarrollo.mx\/estudioscriticosdeldesarrollo\/wp-content\/uploads\/2025\/07\/ECD27-mckay.pdf\" target=\"_blank\" rel=\"noopener\"><span style=\"color: #000000;\"><span style=\"font-size: 19.2px;\">Soberan\u00eda alimentaria y neoextractivismo: l\u00edmites y posibilidades de un modelo de desarrollo alternativo<\/span><\/span><\/a><br \/>\n<span style=\"color: #808080;\"><strong>Ben McKay<\/strong><\/span><\/p>\n<p><a href=\"https:\/\/estudiosdeldesarrollo.mx\/estudioscriticosdeldesarrollo\/wp-content\/uploads\/2025\/07\/ECD27-leal.pdf\" target=\"_blank\" rel=\"noopener\"><span style=\"color: #000000;\"><span style=\"font-size: 19.2px;\">Modelo forestal y transnacionalizaci\u00f3n territorial en Uruguay<\/span><\/span><\/a><br \/>\n<span style=\"color: #808080;\"><strong>Jorge Leal<\/strong><\/span><\/p>\n<h4 style=\"color: #336b56;\"><span style=\"color: #336b56;\"><b>Debate<\/b><\/span><\/h4>\n<p><a href=\"https:\/\/estudiosdeldesarrollo.mx\/estudioscriticosdeldesarrollo\/wp-content\/uploads\/2025\/07\/ECD27-little.pdf\" target=\"_blank\" rel=\"noopener\"><big><span style=\"color: #999999;\"><span style=\"color: #000000;\"><span style=\"font-size: 19.2px;\">La exportaci\u00f3n de fuerza de trabajo migrante: \u00bfuna forma de extracci\u00f3n?<\/span><\/span><\/span><\/big><\/a><br \/>\n<span style=\"color: #808080;\"><strong>Chris Little<\/strong><\/span><b><\/b><\/p>\n<p><big><span style=\"color: #999999;\"><span style=\"color: #000000;\"><span style=\"font-size: 19.2px;\">Acumulaci\u00f3n originaria: fuerza gestante y permanente de la expansi\u00f3n capitalista<\/span><\/span><\/span><\/big><br \/>\n<span style=\"color: #808080;\"><strong>Humberto M\u00e1rquez Covarrubias<\/strong><\/span><\/p>\n<h4 style=\"color: #336b56;\"><span style=\"color: #336b56;\"><b>Rese\u00f1a\u00a0<\/b><\/span><\/h4>\n<p><big><span style=\"color: #999999;\"><span style=\"color: #000000;\"><span style=\"font-size: 19.2px;\"><em>Pensadores rebeldes<\/em>, de Cris Kay<\/span><\/span><\/span><\/big><br \/>\n<span style=\"color: #808080;\"><strong>Henry Veltmeyer<\/strong><\/span><b><\/b><\/p>\n<h4 style=\"color: #336b56;\"><span style=\"color: #336b56;\"><b>Colaboradores<\/b><\/span><\/h4>\n<div style=\"background-color: #336b56; padding: 10px;\">\n<p><span style=\"color: #ffffff;\"><strong><em>Estudios Cr\u00edticos del Desarrollo<\/em>, volumen XIV, n\u00famero 27, segundo semestre 2024<\/strong>, es una publicaci\u00f3n semestral editada por la Universidad Aut\u00f3noma de Zacatecas \u00abFrancisco Garc\u00eda Salinas\u00bb, a trav\u00e9s de la Unidad Acad\u00e9mica de Estudios del Desarrollo, Jard\u00edn Ju\u00e1rez 147, colonia Centro, Zacatecas, C.P. 98000, Tel. (01492) 922 91 09, www.uaz.edu.mx, www.estudiosdeldesarrollo.mx, revistaecd@uaz.edu.mx. Editor responsable: Humberto M\u00e1rquez Covarrubias. Reserva de Derechos al Uso Exclusivo V\u00eda Red C\u00f3mputo No. 04-2015-060212193100-203. ISSN: 2594-0899, ambos otorgados por el Instituto Nacional del Derecho de Autor. Responsable de \u00faltima actualizaci\u00f3n: Unidad Acad\u00e9mica de Estudios del Desarrollo, Maximino Gerardo Luna Estrada, Campus Universitario II, avenida Preparatoria s\/n, fraccionamiento Progreso, Zacatecas, C.P. 98065. Fecha de la \u00faltima modificaci\u00f3n, diciembre de 2024.<\/span><\/p>\n<p><span style=\"color: #ffffff;\">Las opiniones expresadas por los autores no necesariamente reflejan la postura del editor de la publicaci\u00f3n. Queda estrictamente prohibida la reproducci\u00f3n total o parcial de los contenidos e im\u00e1genes de la publicaci\u00f3n sin previa autorizaci\u00f3n de la Universidad Aut\u00f3noma de Zacatecas \u00abFrancisco Garc\u00eda Salinas\u00bb a trav\u00e9s de la Unidad Acad\u00e9mica de Estudios del Desarrollo.<\/span><br \/>\n<span style=\"color: #ffffff;\"><b><a style=\"color: #ffffff;\" href=\"https:\/\/doi.org\/10.35533\/ecd.numero27\" target=\"_blank\" rel=\"noopener noreferrer\">https:\/\/doi.org\/10.35533\/ecd.numero27<\/a><\/b><\/span><\/p>\n<\/div>\n<p style=\"color: #730057; text-align: center;\"><a style=\"font-size: 16px; background-color: #ffffff;\" href=\"http:\/\/creativecommons.org\/licenses\/by-nc-nd\/4.0\/\" rel=\"license\"><img decoding=\"async\" style=\"border-width: 0;\" src=\"https:\/\/i.creativecommons.org\/l\/by-nc-nd\/4.0\/88x31.png\" alt=\"Licencia de Creative Commons\" \/><\/a><br \/>\n<span style=\"color: #808080;\">Esta obra est\u00e1 bajo una <a style=\"color: #808080;\" href=\"http:\/\/creativecommons.org\/licenses\/by-nc-nd\/4.0\/\" rel=\"license\">licencia de Creative Commons Reconocimiento-NoComercial-SinObraDerivada 4.0 Internacional<\/a>.<\/span><\/p>\n<\/div>\n<\/div>\n","protected":false},"excerpt":{"rendered":"<p>\u00a0 Editorial Periodo cr\u00edtico para el desarrollo humano en un entorno planetario convulso Art\u00edculos Agroextractivismo en su entorno hist\u00f3rico Henry Veltmeyer El cuidado de la Vida en Am\u00e9rica Latina: reg\u00edmenes ontol\u00f3gicos frente a la crisis socioecol\u00f3gica Emilio Nudelman Cruz Un<\/p>\n","protected":false},"author":2,"featured_media":0,"parent":0,"menu_order":0,"comment_status":"closed","ping_status":"closed","template":"","meta":{"footnotes":""},"class_list":["post-1620","page","type-page","status-publish","hentry"],"_links":{"self":[{"href":"https:\/\/estudiosdeldesarrollo.mx\/estudioscriticosdeldesarrollo\/wp-json\/wp\/v2\/pages\/1620","targetHints":{"allow":["GET"]}}],"collection":[{"href":"https:\/\/estudiosdeldesarrollo.mx\/estudioscriticosdeldesarrollo\/wp-json\/wp\/v2\/pages"}],"about":[{"href":"https:\/\/estudiosdeldesarrollo.mx\/estudioscriticosdeldesarrollo\/wp-json\/wp\/v2\/types\/page"}],"author":[{"embeddable":true,"href":"https:\/\/estudiosdeldesarrollo.mx\/estudioscriticosdeldesarrollo\/wp-json\/wp\/v2\/users\/2"}],"replies":[{"embeddable":true,"href":"https:\/\/estudiosdeldesarrollo.mx\/estudioscriticosdeldesarrollo\/wp-json\/wp\/v2\/comments?post=1620"}],"version-history":[{"count":5,"href":"https:\/\/estudiosdeldesarrollo.mx\/estudioscriticosdeldesarrollo\/wp-json\/wp\/v2\/pages\/1620\/revisions"}],"predecessor-version":[{"id":1695,"href":"https:\/\/estudiosdeldesarrollo.mx\/estudioscriticosdeldesarrollo\/wp-json\/wp\/v2\/pages\/1620\/revisions\/1695"}],"wp:attachment":[{"href":"https:\/\/estudiosdeldesarrollo.mx\/estudioscriticosdeldesarrollo\/wp-json\/wp\/v2\/media?parent=1620"}],"curies":[{"name":"wp","href":"https:\/\/api.w.org\/{rel}","templated":true}]}}