{"id":1618,"date":"2024-12-18T22:16:35","date_gmt":"2024-12-18T22:16:35","guid":{"rendered":"https:\/\/estudiosdeldesarrollo.mx\/estudioscriticosdeldesarrollo\/?page_id=1618"},"modified":"2026-03-20T21:45:58","modified_gmt":"2026-03-20T21:45:58","slug":"numero-26","status":"publish","type":"page","link":"https:\/\/estudiosdeldesarrollo.mx\/estudioscriticosdeldesarrollo\/numero-26\/","title":{"rendered":"N\u00famero 26"},"content":{"rendered":"<div id=\"contenedor30\">\n<div style=\"float: left;\">\n<div>\n<p><img loading=\"lazy\" decoding=\"async\" class=\" wp-image-111 alignleft\" src=\"https:\/\/estudiosdeldesarrollo.mx\/estudioscriticosdeldesarrollo\/wp-content\/uploads\/2024\/12\/ecd26portada.jpeg\" alt=\"\" width=\"250\" height=\"342\" \/><\/p>\n<h5><\/h5>\n<p><b>\u00a0<\/b><\/p>\n<\/div>\n<\/div>\n<div style=\"float: left; background-color: #f2f2f2; padding: 10px; width: 100%;\">\n<h4 style=\"color: #425760;\"><span style=\"color: #425760;\"><b>Editorial<\/b><\/span><\/h4>\n<p><span style=\"color: #000000;\"><span style=\"font-size: 19.2px;\">Ra\u00edces terrestres del capitalismo: rentismo, extractivismo y desarrollismo<\/span><\/span><\/p>\n<h4 style=\"color: #425760;\"><span style=\"color: #425760;\"><b>Art\u00edculos<\/b><\/span><\/h4>\n<p><span style=\"color: #000000;\"><span style=\"font-size: 19.2px;\">Agroextractivismo: apuntes sobre un concepto<\/span><\/span><br \/>\n<span style=\"color: #808080;\"><strong>Arturo Ezquerro-Ca\u00f1ete<\/strong><\/span><\/p>\n<p><span style=\"color: #000000;\"><span style=\"font-size: 19.2px;\">La pol\u00edtica del agroextractivismo desde una perspectiva hist\u00f3rica: Am\u00e9rica Latina y el Caribe<\/span><\/span><br \/>\n<span style=\"color: #808080;\"><strong>Henry Veltmeyer<\/strong><\/span><b><\/b><\/p>\n<p><span style=\"color: #000000;\"><span style=\"font-size: 19.2px;\">Extractivismo agrario: abordar los actores y su agencia a nivel nacional<\/span><\/span><br \/>\n<span style=\"color: #808080;\"><strong>Rita Giacalone<\/strong><\/span><b><\/b><\/p>\n<p><a href=\"https:\/\/estudiosdeldesarrollo.mx\/estudioscriticosdeldesarrollo\/wp-content\/uploads\/2026\/03\/ECD26-Tetreault.pdf\" target=\"_blank\" rel=\"noopener\"><span style=\"color: #000000;\"><span style=\"font-size: 19.2px;\">Destilando el agroextractivismo: producci\u00f3n de agave y tequila en M\u00e9xico<\/span><\/span><\/a><br \/>\n<span style=\"color: #808080;\"><strong>Darcy Tetreault | Cindy McCullight | Carlos Lucio<\/strong><\/span><\/p>\n<p><span style=\"color: #000000;\"><span style=\"font-size: 19.2px;\">Extractivismo neoliberal: Brasil en el siglo XXI<\/span><\/span><br \/>\n<span style=\"color: #808080;\"><strong>Daniel Andrade<\/strong><\/span><\/p>\n<h4 style=\"color: #425760;\"><span style=\"color: #425760;\"><b>Debate<\/b><\/span><\/h4>\n<p><big><span style=\"color: #999999;\"><span style=\"color: #000000;\"><span style=\"font-size: 19.2px;\">La incursi\u00f3n de g\u00e9nero en la producci\u00f3n de agrocombustibles en la costa de Ecuador: promesas ilusorias de desarrollo rural en el marco de un nuevo extractivismo agrario<\/span><\/span><\/span><\/big><br \/>\n<span style=\"color: #808080;\"><strong>Natalia Land\u00edvar Garc\u00eda<\/strong><\/span><b><\/b><\/p>\n<p><big><span style=\"color: #999999;\"><span style=\"color: #000000;\"><span style=\"font-size: 19.2px;\">Renta capitalista: una l\u00f3gica de apropiaci\u00f3n expansiva desde los bienes naturales hasta la reproducci\u00f3n de la vida humana<\/span><\/span><\/span><\/big><br \/>\n<span style=\"color: #808080;\"><strong>Humberto M\u00e1rquez Covarrubias<\/strong><\/span><\/p>\n<h4 style=\"color: #425760;\"><span style=\"color: #425760;\"><b>Rese\u00f1a\u00a0<\/b><\/span><\/h4>\n<p><big><span style=\"color: #999999;\"><span style=\"color: #000000;\"><span style=\"font-size: 19.2px;\"><em>Extractivismo agrario en Am\u00e9rica Latina<\/em> (Clacso, 2022)<\/span><\/span><\/span><\/big><br \/>\n<span style=\"color: #808080;\"><strong>Elisa Botella Rodr\u00edguez<\/strong><\/span><b><\/b><\/p>\n<h4 style=\"color: #425760;\"><span style=\"color: #425760;\"><b>Colaboradores<\/b><\/span><\/h4>\n<div style=\"background-color: #425760; padding: 10px;\">\n<p><span style=\"color: #ffffff;\"><strong><em>Estudios Cr\u00edticos del Desarrollo<\/em>, volumen XIV, n\u00famero 26, primer semestre 2024<\/strong>, es una publicaci\u00f3n semestral editada por la Universidad Aut\u00f3noma de Zacatecas \u00abFrancisco Garc\u00eda Salinas\u00bb, a trav\u00e9s de la Unidad Acad\u00e9mica de Estudios del Desarrollo, Jard\u00edn Ju\u00e1rez 147, colonia Centro, Zacatecas, C.P. 98000, Tel. (01492) 922 91 09, www.uaz.edu.mx, www.estudiosdeldesarrollo.mx, revistaecd@uaz.edu.mx. Editor responsable: Humberto M\u00e1rquez Covarrubias. Reserva de Derechos al Uso Exclusivo V\u00eda Red C\u00f3mputo No. 04-2015-060212193100-203. ISSN: 2594-0899, ambos otorgados por el Instituto Nacional del Derecho de Autor. Responsable de \u00faltima actualizaci\u00f3n: Unidad Acad\u00e9mica de Estudios del Desarrollo, Maximino Gerardo Luna Estrada, Campus Universitario II, avenida Preparatoria s\/n, fraccionamiento Progreso, Zacatecas, C.P. 98065. Fecha de la \u00faltima modificaci\u00f3n, diciembre de 2024.<\/span><\/p>\n<p><span style=\"color: #ffffff;\">Las opiniones expresadas por los autores no necesariamente reflejan la postura del editor de la publicaci\u00f3n. Queda estrictamente prohibida la reproducci\u00f3n total o parcial de los contenidos e im\u00e1genes de la publicaci\u00f3n sin previa autorizaci\u00f3n de la Universidad Aut\u00f3noma de Zacatecas \u00abFrancisco Garc\u00eda Salinas\u00bb a trav\u00e9s de la Unidad Acad\u00e9mica de Estudios del Desarrollo.<\/span><br \/>\n<span style=\"color: #ffffff;\"><b><a style=\"color: #ffffff;\" href=\"https:\/\/doi.org\/10.35533\/ecd.numero25\" target=\"_blank\" rel=\"noopener noreferrer\">https:\/\/doi.org\/10.35533\/ecd.numero25<\/a><\/b><\/span><\/p>\n<\/div>\n<p style=\"color: #730057; text-align: center;\"><a style=\"font-size: 16px; background-color: #ffffff;\" href=\"http:\/\/creativecommons.org\/licenses\/by-nc-nd\/4.0\/\" rel=\"license\"><img decoding=\"async\" style=\"border-width: 0;\" src=\"https:\/\/i.creativecommons.org\/l\/by-nc-nd\/4.0\/88x31.png\" alt=\"Licencia de Creative Commons\" \/><\/a><br \/>\n<span style=\"color: #808080;\">Esta obra est\u00e1 bajo una <a style=\"color: #808080;\" href=\"http:\/\/creativecommons.org\/licenses\/by-nc-nd\/4.0\/\" rel=\"license\">licencia de Creative Commons Reconocimiento-NoComercial-SinObraDerivada 4.0 Internacional<\/a>.<\/span><\/p>\n<\/div>\n<\/div>\n","protected":false},"excerpt":{"rendered":"<p>\u00a0 Editorial Ra\u00edces terrestres del capitalismo: rentismo, extractivismo y desarrollismo Art\u00edculos Agroextractivismo: apuntes sobre un concepto Arturo Ezquerro-Ca\u00f1ete La pol\u00edtica del agroextractivismo desde una perspectiva hist\u00f3rica: Am\u00e9rica Latina y el Caribe Henry Veltmeyer Extractivismo agrario: abordar los actores y su<\/p>\n","protected":false},"author":2,"featured_media":0,"parent":0,"menu_order":0,"comment_status":"closed","ping_status":"closed","template":"","meta":{"footnotes":""},"class_list":["post-1618","page","type-page","status-publish","hentry"],"_links":{"self":[{"href":"https:\/\/estudiosdeldesarrollo.mx\/estudioscriticosdeldesarrollo\/wp-json\/wp\/v2\/pages\/1618","targetHints":{"allow":["GET"]}}],"collection":[{"href":"https:\/\/estudiosdeldesarrollo.mx\/estudioscriticosdeldesarrollo\/wp-json\/wp\/v2\/pages"}],"about":[{"href":"https:\/\/estudiosdeldesarrollo.mx\/estudioscriticosdeldesarrollo\/wp-json\/wp\/v2\/types\/page"}],"author":[{"embeddable":true,"href":"https:\/\/estudiosdeldesarrollo.mx\/estudioscriticosdeldesarrollo\/wp-json\/wp\/v2\/users\/2"}],"replies":[{"embeddable":true,"href":"https:\/\/estudiosdeldesarrollo.mx\/estudioscriticosdeldesarrollo\/wp-json\/wp\/v2\/comments?post=1618"}],"version-history":[{"count":4,"href":"https:\/\/estudiosdeldesarrollo.mx\/estudioscriticosdeldesarrollo\/wp-json\/wp\/v2\/pages\/1618\/revisions"}],"predecessor-version":[{"id":1706,"href":"https:\/\/estudiosdeldesarrollo.mx\/estudioscriticosdeldesarrollo\/wp-json\/wp\/v2\/pages\/1618\/revisions\/1706"}],"wp:attachment":[{"href":"https:\/\/estudiosdeldesarrollo.mx\/estudioscriticosdeldesarrollo\/wp-json\/wp\/v2\/media?parent=1618"}],"curies":[{"name":"wp","href":"https:\/\/api.w.org\/{rel}","templated":true}]}}