{"id":1532,"date":"2024-05-07T17:19:10","date_gmt":"2024-05-07T17:19:10","guid":{"rendered":"https:\/\/estudiosdeldesarrollo.mx\/estudioscriticosdeldesarrollo\/?page_id=1532"},"modified":"2026-03-23T19:21:36","modified_gmt":"2026-03-23T19:21:36","slug":"numero-25","status":"publish","type":"page","link":"https:\/\/estudiosdeldesarrollo.mx\/estudioscriticosdeldesarrollo\/numero-25\/","title":{"rendered":"N\u00famero 25"},"content":{"rendered":"<div id=\"contenedor30\">\n<div style=\"float: left;\">\n<div>\n<p><img loading=\"lazy\" decoding=\"async\" class=\" wp-image-111 alignleft\" src=\"https:\/\/estudiosdeldesarrollo.mx\/estudioscriticosdeldesarrollo\/wp-content\/uploads\/2024\/05\/portadaECD25-e1774293287671.jpg\" alt=\"\" width=\"250\" height=\"342\" \/><\/p>\n<h5><\/h5>\n<p><b>\u00a0<\/b><\/p>\n<\/div>\n<\/div>\n<div style=\"float: left; background-color: #f2f2f2; padding: 10px; width: 100%;\">\n<h4 style=\"color: #00513b;\"><span style=\"color: #00513b;\"><b>Art\u00edculos<\/b><\/span><\/h4>\n<p><a href=\"https:\/\/estudiosdeldesarrollo.mx\/estudioscriticosdeldesarrollo\/wp-content\/uploads\/2025\/07\/ECD25-1.pdf\" target=\"_blank\" rel=\"noopener\"><span style=\"color: #000000;\"><span style=\"font-size: 19.2px;\">En el borde del Maelstr\u00f6m: pol\u00edtica y violencia en M\u00e9xico<\/span><\/span><\/a><br \/>\n<span style=\"color: #808080;\"><strong>Francisco Pamplona<br \/>\n<\/strong><\/span><b><\/b><b><a style=\"color: #999999;\" href=\"https:\/\/doi.org\/10.35533\/ecd.1325.fp\" target=\"_blank\" rel=\"noopener noreferrer\">https:\/\/doi.org\/10.35533\/ecd.1325.fp<\/a><\/b><\/p>\n<p><a href=\"https:\/\/estudiosdeldesarrollo.mx\/estudioscriticosdeldesarrollo\/wp-content\/uploads\/2025\/07\/ECD25-2.pdf\" target=\"_blank\" rel=\"noopener\"><span style=\"color: #000000;\"><span style=\"font-size: 19.2px;\">Dimensiones antropol\u00f3gicas y filos\u00f3ficas del desarrollo<\/span><\/span><\/a><br \/>\n<span style=\"color: #808080;\"><strong>Emilio Nudelman Cruz<br \/>\n<\/strong><\/span><b><\/b><b><a style=\"color: #999999;\" href=\"https:\/\/doi.org\/10.35533\/ecd.1325.enc\" target=\"_blank\" rel=\"noopener noreferrer\">https:\/\/doi.org\/10.35533\/ecd.1325.enc<\/a><\/b><br \/>\n<b><\/b><\/p>\n<p><a href=\"https:\/\/estudiosdeldesarrollo.mx\/estudioscriticosdeldesarrollo\/wp-content\/uploads\/2025\/07\/ECD25-3.pdf\" target=\"_blank\" rel=\"noopener\"><span style=\"color: #000000;\"><span style=\"font-size: 19.2px;\">Los trabajadores en pobreza en M\u00e9xico (<em>working poor<\/em>) 2008-2020<\/span><\/span><\/a><br \/>\n<span style=\"color: #808080;\"><strong>Jes\u00fas Manuel Escobedo de Luna<br \/>\n<\/strong><\/span><b><\/b><b><a style=\"color: #999999;\" href=\"https:\/\/doi.org\/10.35533\/ecd.1325.jmel\" target=\"_blank\" rel=\"noopener noreferrer\">https:\/\/doi.org\/10.35533\/ecd.1325.jmel<\/a><\/b><br \/>\n<b><\/b><\/p>\n<p><a href=\"https:\/\/estudiosdeldesarrollo.mx\/estudioscriticosdeldesarrollo\/wp-content\/uploads\/2025\/07\/ECD25-4.pdf\" target=\"_blank\" rel=\"noopener\"><span style=\"color: #000000;\"><span style=\"font-size: 19.2px;\">Desarrollo, ambiente y salud: los enfermos ambientales como categor\u00eda para comprender la fractura sociedad-naturaleza<\/span><\/span><\/a><br \/>\n<span style=\"color: #808080;\"><strong>Josemanuel Luna-Nemecio<\/strong><\/span><br \/>\n<b><\/b><b><a style=\"color: #999999;\" href=\"https:\/\/doi.org\/10.35533\/ecd.1325.jln\" target=\"_blank\" rel=\"noopener noreferrer\">https:\/\/doi.org\/10.35533\/ecd.1325.jln<\/a><\/b><\/p>\n<p><a href=\"https:\/\/estudiosdeldesarrollo.mx\/estudioscriticosdeldesarrollo\/wp-content\/uploads\/2025\/07\/ECD25-5.pdf\" target=\"_blank\" rel=\"noopener\"><span style=\"color: #000000;\"><span style=\"font-size: 19.2px;\">Territorialidades de la exclusi\u00f3n: los usos pol\u00edticos del espacio en el capitalismo tard\u00edo<\/span><\/span><\/a><br \/>\n<span style=\"color: #808080;\"><strong>Donovan Adri\u00e1n Hern\u00e1ndez Castellanos<br \/>\n<\/strong><\/span><b><\/b><b><a style=\"color: #999999;\" href=\"https:\/\/doi.org\/10.35533\/ecd.1325.dahc\" target=\"_blank\" rel=\"noopener noreferrer\">https:\/\/doi.org\/10.35533\/ecd.1325.dahc<\/a><\/b><\/p>\n<h4 style=\"color: #738e4d;\"><span style=\"color: #00513b;\"><b>Debate<\/b><\/span><\/h4>\n<p><a href=\"https:\/\/estudiosdeldesarrollo.mx\/estudioscriticosdeldesarrollo\/wp-content\/uploads\/2025\/07\/ECD25-6.pdf\" target=\"_blank\" rel=\"noopener\"><big><span style=\"color: #999999;\"><span style=\"color: #000000;\"><span style=\"font-size: 19.2px;\">Centros-que-tienen-periferias y periferias-que-tienen-centros: Ra\u00fal Prebisch<\/span><\/span><\/span><\/big><\/a><br \/>\n<span style=\"color: #808080;\"><strong>Carlos Mallorqu\u00edn<br \/>\n<\/strong><\/span><b><\/b><b><a style=\"color: #999999;\" href=\"https:\/\/doi.org\/10.35533\/ecd.1325.cm\" target=\"_blank\" rel=\"noopener noreferrer\">https:\/\/doi.org\/10.35533\/ecd.1325.cm<\/a><\/b><br \/>\n<b><\/b><\/p>\n<p><a href=\"https:\/\/estudiosdeldesarrollo.mx\/estudioscriticosdeldesarrollo\/wp-content\/uploads\/2025\/07\/ECD25-7.pdf\" target=\"_blank\" rel=\"noopener\"><big><span style=\"color: #999999;\"><span style=\"color: #000000;\"><span style=\"font-size: 19.2px;\">Saliendo de la crisis: iniciativas estatales para industrializar una econom\u00eda vitivin\u00edcola (Mendoza, 1932-1943)<\/span><\/span><\/span><\/big><\/a><br \/>\n<span style=\"color: #808080;\"><strong>Florencia Rodr\u00edguez V\u00e1zquez<\/strong><\/span><br \/>\n<b><\/b><b><a style=\"color: #999999;\" href=\"https:\/\/doi.org\/10.35533\/ecd.1325.frv\" target=\"_blank\" rel=\"noopener noreferrer\">https:\/\/doi.org\/10.35533\/ecd.1325.frv<\/a><\/b><\/p>\n<h4 style=\"color: #00513b;\"><span style=\"color: #00513b;\"><b>Rese\u00f1a\u00a0<\/b><\/span><\/h4>\n<p><a href=\"https:\/\/estudiosdeldesarrollo.mx\/estudioscriticosdeldesarrollo\/wp-content\/uploads\/2025\/07\/ECD25-8.pdf\" target=\"_blank\" rel=\"noopener\"><big><span style=\"color: #999999;\"><span style=\"color: #000000;\"><span style=\"font-size: 19.2px;\"><em>Hija de la laguna<\/em>. Una oda a la resistencia campesina peruana contra el capitalismo extractivista<\/span><\/span><\/span><\/big><\/a><br \/>\n<span style=\"color: #808080;\"><strong>Carlos Alfredo Carrillo Rodr\u00edguez<br \/>\n<\/strong><\/span><b><\/b><b><a style=\"color: #999999;\" href=\"https:\/\/doi.org\/10.35533\/ecd.1325.cacr\" target=\"_blank\" rel=\"noopener noreferrer\">https:\/\/doi.org\/10.35533\/ecd.1325.cacr<\/a><\/b><\/p>\n<p>&nbsp;<\/p>\n<h4 style=\"color: #738e4d;\"><span style=\"color: #00513b;\"><a style=\"color: #00513b;\" href=\"https:\/\/estudiosdeldesarrollo.mx\/estudioscriticosdeldesarrollo\/wp-content\/uploads\/2023\/06\/24-c.pdf\" target=\"_blank\" rel=\"noopener noreferrer\"><b>Colaboradores<\/b><\/a><\/span><\/h4>\n<div style=\"background-color: #00513b; padding: 10px;\">\n<p><span style=\"color: #ffffff;\"><strong><em>Estudios Cr\u00edticos del Desarrollo<\/em>, volumen XIII, n\u00famero 25, segundo semestre 2023<\/strong>, es una publicaci\u00f3n semestral editada por la Universidad Aut\u00f3noma de Zacatecas \u00abFrancisco Garc\u00eda Salinas\u00bb, a trav\u00e9s de la Unidad Acad\u00e9mica de Estudios del Desarrollo, Jard\u00edn Ju\u00e1rez 147, colonia Centro, Zacatecas, C.P. 98000, Tel. (01492) 922 91 09, www.uaz.edu.mx, www.estudiosdeldesarrollo.mx, revistaecd@uaz.edu.mx. Editor responsable: Humberto M\u00e1rquez Covarrubias. Reserva de Derechos al Uso Exclusivo V\u00eda Red C\u00f3mputo No. 04-2015-060212193100-203. ISSN: 2594-0899, ambos otorgados por el Instituto Nacional del Derecho de Autor. Responsable de \u00faltima actualizaci\u00f3n: Unidad Acad\u00e9mica de Estudios del Desarrollo, Maximino Gerardo Luna Estrada, Campus Universitario II, avenida Preparatoria s\/n, fraccionamiento Progreso, Zacatecas, C.P. 98065. Fecha de la \u00faltima modificaci\u00f3n, diciembre de 2023.<\/span><\/p>\n<p><span style=\"color: #ffffff;\">Las opiniones expresadas por los autores no necesariamente reflejan la postura del editor de la publicaci\u00f3n. Queda estrictamente prohibida la reproducci\u00f3n total o parcial de los contenidos e im\u00e1genes de la publicaci\u00f3n sin previa autorizaci\u00f3n de la Universidad Aut\u00f3noma de Zacatecas \u00abFrancisco Garc\u00eda Salinas\u00bb a trav\u00e9s de la Unidad Acad\u00e9mica de Estudios del Desarrollo.<\/span><br \/>\n<span style=\"color: #ffffff;\"><b><a style=\"color: #ffffff;\" href=\"https:\/\/doi.org\/10.35533\/ecd.numero25\" target=\"_blank\" rel=\"noopener noreferrer\">https:\/\/doi.org\/10.35533\/ecd.numero25<\/a><\/b><\/span><\/p>\n<\/div>\n<p style=\"color: #730057; text-align: center;\"><a style=\"font-size: 16px; background-color: #ffffff;\" href=\"http:\/\/creativecommons.org\/licenses\/by-nc-nd\/4.0\/\" rel=\"license\"><img decoding=\"async\" style=\"border-width: 0;\" src=\"https:\/\/i.creativecommons.org\/l\/by-nc-nd\/4.0\/88x31.png\" alt=\"Licencia de Creative Commons\" \/><\/a><br \/>\n<span style=\"color: #808080;\">Esta obra est\u00e1 bajo una <a style=\"color: #808080;\" href=\"http:\/\/creativecommons.org\/licenses\/by-nc-nd\/4.0\/\" rel=\"license\">licencia de Creative Commons Reconocimiento-NoComercial-SinObraDerivada 4.0 Internacional<\/a>.<\/span><\/p>\n<\/div>\n<\/div>\n","protected":false},"excerpt":{"rendered":"<p>\u00a0 Art\u00edculos En el borde del Maelstr\u00f6m: pol\u00edtica y violencia en M\u00e9xico Francisco Pamplona https:\/\/doi.org\/10.35533\/ecd.1325.fp Dimensiones antropol\u00f3gicas y filos\u00f3ficas del desarrollo Emilio Nudelman Cruz https:\/\/doi.org\/10.35533\/ecd.1325.enc Los trabajadores en pobreza en M\u00e9xico (working poor) 2008-2020 Jes\u00fas Manuel Escobedo de Luna https:\/\/doi.org\/10.35533\/ecd.1325.jmel<\/p>\n","protected":false},"author":2,"featured_media":0,"parent":0,"menu_order":0,"comment_status":"closed","ping_status":"closed","template":"","meta":{"footnotes":""},"class_list":["post-1532","page","type-page","status-publish","hentry"],"_links":{"self":[{"href":"https:\/\/estudiosdeldesarrollo.mx\/estudioscriticosdeldesarrollo\/wp-json\/wp\/v2\/pages\/1532","targetHints":{"allow":["GET"]}}],"collection":[{"href":"https:\/\/estudiosdeldesarrollo.mx\/estudioscriticosdeldesarrollo\/wp-json\/wp\/v2\/pages"}],"about":[{"href":"https:\/\/estudiosdeldesarrollo.mx\/estudioscriticosdeldesarrollo\/wp-json\/wp\/v2\/types\/page"}],"author":[{"embeddable":true,"href":"https:\/\/estudiosdeldesarrollo.mx\/estudioscriticosdeldesarrollo\/wp-json\/wp\/v2\/users\/2"}],"replies":[{"embeddable":true,"href":"https:\/\/estudiosdeldesarrollo.mx\/estudioscriticosdeldesarrollo\/wp-json\/wp\/v2\/comments?post=1532"}],"version-history":[{"count":5,"href":"https:\/\/estudiosdeldesarrollo.mx\/estudioscriticosdeldesarrollo\/wp-json\/wp\/v2\/pages\/1532\/revisions"}],"predecessor-version":[{"id":1708,"href":"https:\/\/estudiosdeldesarrollo.mx\/estudioscriticosdeldesarrollo\/wp-json\/wp\/v2\/pages\/1532\/revisions\/1708"}],"wp:attachment":[{"href":"https:\/\/estudiosdeldesarrollo.mx\/estudioscriticosdeldesarrollo\/wp-json\/wp\/v2\/media?parent=1532"}],"curies":[{"name":"wp","href":"https:\/\/api.w.org\/{rel}","templated":true}]}}