{"id":1480,"date":"2023-10-09T19:17:25","date_gmt":"2023-10-09T19:17:25","guid":{"rendered":"https:\/\/estudiosdeldesarrollo.mx\/estudioscriticosdeldesarrollo\/?page_id=1480"},"modified":"2025-07-10T16:28:35","modified_gmt":"2025-07-10T16:28:35","slug":"numero-24","status":"publish","type":"page","link":"https:\/\/estudiosdeldesarrollo.mx\/estudioscriticosdeldesarrollo\/numero-24\/","title":{"rendered":"N\u00famero 24"},"content":{"rendered":"<div id=\"contenedor30\">\n<div style=\"float: left;\">\n<div>\n<p><img loading=\"lazy\" decoding=\"async\" class=\" wp-image-111 alignleft\" src=\"https:\/\/estudiosdeldesarrollo.mx\/estudioscriticosdeldesarrollo\/wp-content\/uploads\/2023\/10\/ECD24portada.jpeg\" alt=\"\" width=\"250\" height=\"342\" \/><\/p>\n<h5><\/h5>\n<p><b>\u00a0<\/b><\/p>\n<\/div>\n<\/div>\n<div style=\"float: left; background-color: #f2f2f2; padding: 10px; width: 100%;\">\n<h4 style=\"color: #738e4d;\"><span style=\"color: #738e4d;\"><b>Editorial<\/b><\/span><\/h4>\n<p><a href=\"https:\/\/estudiosdeldesarrollo.mx\/estudioscriticosdeldesarrollo\/wp-content\/uploads\/2024\/11\/ecd24-e.pdf\" target=\"_blank\" rel=\"noopener\"><span style=\"color: #000000;\"><span style=\"font-size: 19.2px;\">Esto lo cambia todo: crisis, guerra y disputas geocapitalistas<\/span><\/span><\/a><br \/>\n<span style=\"color: #808080;\"><b>Humberto M\u00e1rquez Covarrubias<\/b><\/span><\/p>\n<p><a href=\"https:\/\/doi.org\/10.35533\/ecd.1324.ehmc\"><span style=\"color: #999999;\"><b>https:\/\/doi.org\/10.35533\/ecd.1324.ehmc<\/b><\/span><\/a><\/p>\n<h4 style=\"color: #738e4d;\"><span style=\"color: #738e4d;\"><b>Art\u00edculos<\/b><\/span><\/h4>\n<p><a href=\"https:\/\/estudiosdeldesarrollo.mx\/estudioscriticosdeldesarrollo\/wp-content\/uploads\/2024\/11\/ecd24-1.pdf\" target=\"_blank\" rel=\"noopener\"><span style=\"color: #000000;\"><span style=\"font-size: 19.2px;\">L\u00edmites objetivos del capitalismo, m\u00faltiples tendencias que anuncian su fin y b\u00fasqueda de salidas ante el calentamiento global<\/span><\/span><\/a><br \/>\n<span style=\"color: #808080;\"><strong>Julio Boltvinik<br \/>\n<\/strong><\/span><b><\/b><b><a style=\"color: #999999;\" href=\"https:\/\/doi.org\/10.35533\/ecd.1324.jb\" target=\"_blank\" rel=\"noopener noreferrer\">https:\/\/doi.org\/10.35533\/ecd.1324.jb<\/a><\/b><\/p>\n<p><a href=\"https:\/\/estudiosdeldesarrollo.mx\/estudioscriticosdeldesarrollo\/wp-content\/uploads\/2024\/11\/ecd24-2.pdf\" target=\"_blank\" rel=\"noopener\"><span style=\"color: #000000;\"><span style=\"font-size: 19.2px;\">El capitalismo contempor\u00e1neo explicado cient\u00edficamente seg\u00fan su estructura interna<\/span><\/span><\/a><br \/>\n<span style=\"color: #808080;\"><strong>Jorge Veraza Urtuzu\u00e1stegui<br \/>\n<\/strong><\/span><b><\/b><b><a style=\"color: #999999;\" href=\"https:\/\/doi.org\/10.35533\/ecd.1324.jvu\" target=\"_blank\" rel=\"noopener noreferrer\">https:\/\/doi.org\/10.35533\/ecd.1324.jvu<\/a><\/b><\/p>\n<p><a href=\"https:\/\/estudiosdeldesarrollo.mx\/estudioscriticosdeldesarrollo\/wp-content\/uploads\/2024\/11\/ecd24-3.pdf\" target=\"_blank\" rel=\"noopener\"><span style=\"color: #000000;\"><span style=\"font-size: 19.2px;\">El capitalismo en crisis. La gesti\u00f3n del cambio tecnol\u00f3gico en el Quinto Kondratiev<\/span><\/span><\/a><br \/>\n<span style=\"color: #808080;\"><strong>Miguel \u00c1ngel Rivera R\u00edos | Oscar Daniel Araujo Loredo | Josu\u00e9 Garc\u00eda Veiga | Jos\u00e9 Benjam\u00edn Lujano L\u00f3pez<br \/>\n<\/strong><\/span><b><\/b><b><a style=\"color: #999999;\" href=\"https:\/\/doi.org\/10.35533\/ecd.1324.mar.oda.jgv.jbl\" target=\"_blank\" rel=\"noopener noreferrer\">https:\/\/doi.org\/10.35533\/ecd.1324.mar.oda.jgv.jbl<\/a><\/b><\/p>\n<p><a href=\"https:\/\/estudiosdeldesarrollo.mx\/estudioscriticosdeldesarrollo\/wp-content\/uploads\/2024\/11\/ecd24-4.pdf\" target=\"_blank\" rel=\"noopener\"><span style=\"color: #000000;\"><span style=\"font-size: 19.2px;\">Capitalismo pand\u00e9mico y pandemia de la uberizaci\u00f3n del trabajo<\/span><\/span><\/a><br \/>\n<span style=\"color: #808080;\"><strong>Ricardo Antunes<br \/>\n<\/strong><\/span><b><a style=\"color: #999999;\" href=\"https:\/\/doi.org\/10.35533\/ecd.1324.ra\" target=\"_blank\" rel=\"noopener noreferrer\">https:\/\/doi.org\/10.35533\/ecd.1324.ra<\/a><\/b><\/p>\n<p><a href=\"https:\/\/estudiosdeldesarrollo.mx\/estudioscriticosdeldesarrollo\/wp-content\/uploads\/2024\/11\/ecd24-5.pdf\" target=\"_blank\" rel=\"noopener\"><span style=\"color: #000000;\"><span style=\"font-size: 19.2px;\">La llamada \u00abacumulaci\u00f3n\u00bb emprendedora. El Estado emprendedor del Nuevo Neoliberalismo, siglo XXI<\/span><\/span><\/a><br \/>\n<span style=\"color: #808080;\"><strong>Jos\u00e9 Francisco Puello-Socarr\u00e1s<br \/>\n<\/strong><\/span><b><\/b><span style=\"color: #808080;\"><a style=\"color: #808080;\" href=\"https:\/\/doi.org\/10.35533\/ecd.1324.jfps\"><b><span style=\"color: #999999;\">https:\/\/doi.org\/10.35533\/ecd.1324.jfps<\/span><\/b><\/a><\/span><\/p>\n<h4 style=\"color: #738e4d;\"><span style=\"color: #738e4d;\"><b>Debate<\/b><\/span><\/h4>\n<p><a href=\"https:\/\/estudiosdeldesarrollo.mx\/estudioscriticosdeldesarrollo\/wp-content\/uploads\/2024\/11\/ecd24-6.pdf\" target=\"_blank\" rel=\"noopener\"><big><span style=\"color: #999999;\"><span style=\"color: #000000;\"><span style=\"font-size: 19.2px;\">Los enigmas de Argentina<\/span><\/span><\/span><\/big><\/a><br \/>\n<span style=\"color: #808080;\"><strong>Claudio Katz<br \/>\n<\/strong><\/span><b><\/b><span style=\"color: #999999;\"><a style=\"color: #999999;\" href=\"https:\/\/doi.org\/10.35533\/ecd.1324.ck\"><b>https:\/\/doi.org\/10.35533\/ecd.1324.ck<\/b><\/a><\/span><\/p>\n<h4 style=\"color: #738e4d;\"><span style=\"color: #738e4d;\"><b>Rese\u00f1a<\/b><\/span><\/h4>\n<p><a href=\"https:\/\/estudiosdeldesarrollo.mx\/estudioscriticosdeldesarrollo\/wp-content\/uploads\/2024\/11\/ecd24-r.pdf\" target=\"_blank\" rel=\"noopener noreferrer\"><big><span style=\"color: #999999;\"><span style=\"color: #000000;\"><span style=\"font-size: 19.2px;\">Pobreza y florecimiento humano: la innovadora aportaci\u00f3n de Julio Boltvinik al pensamiento cr\u00edtico del siglo XXI<\/span><\/span><\/span><\/big><\/a><br \/>\n<span style=\"color: #808080;\"><strong>Luis Arizmendi<br \/>\n<\/strong><\/span><b><\/b><b><a style=\"color: #999999;\" href=\"https:\/\/doi.org\/10.35533\/ecd.1324.la\" target=\"_blank\" rel=\"noopener noreferrer\">https:\/\/doi.org\/10.35533\/ecd.1324.la<\/a><\/b><\/p>\n<h4 style=\"color: #738e4d;\"><a href=\"https:\/\/estudiosdeldesarrollo.mx\/estudioscriticosdeldesarrollo\/wp-content\/uploads\/2024\/11\/ecd24-c.pdf\" target=\"_blank\" rel=\"noopener\"><span style=\"color: #738e4d;\"><b>Colaboradores<\/b><\/span><\/a><\/h4>\n<div style=\"background-color: #738e4d; padding: 10px;\">\n<p><span style=\"color: #ffffff;\"><strong><em>Estudios Cr\u00edticos del Desarrollo<\/em>, volumen XIII, n\u00famero 24, primer semestre 2023<\/strong>, es una publicaci\u00f3n semestral editada por la Universidad Aut\u00f3noma de Zacatecas \u00abFrancisco Garc\u00eda Salinas\u00bb, a trav\u00e9s de la Unidad Acad\u00e9mica de Estudios del Desarrollo, Jard\u00edn Ju\u00e1rez 147, colonia Centro, Zacatecas, C.P. 98000, Tel. (01492) 922 91 09, www.uaz.edu.mx, www.estudiosdeldesarrollo.mx, revistaecd@uaz.edu.mx. Editor responsable: Humberto M\u00e1rquez Covarrubias. Reserva de Derechos al Uso Exclusivo V\u00eda Red C\u00f3mputo No. 04-2015-060212193100-203. ISSN: 2594-0899, ambos otorgados por el Instituto Nacional del Derecho de Autor. Responsable de \u00faltima actualizaci\u00f3n: Unidad Acad\u00e9mica de Estudios del Desarrollo, Maximino Gerardo Luna Estrada, Campus Universitario II, avenida Preparatoria s\/n, fraccionamiento Progreso, Zacatecas, C.P. 98065. Fecha de la \u00faltima modificaci\u00f3n, julio de 2023.<\/span><\/p>\n<p><span style=\"color: #ffffff;\">Las opiniones expresadas por los autores no necesariamente reflejan la postura del editor de la publicaci\u00f3n. Queda estrictamente prohibida la reproducci\u00f3n total o parcial de los contenidos e im\u00e1genes de la publicaci\u00f3n sin previa autorizaci\u00f3n de la Universidad Aut\u00f3noma de Zacatecas \u00abFrancisco Garc\u00eda Salinas\u00bb a trav\u00e9s de la Unidad Acad\u00e9mica de Estudios del Desarrollo.<\/span><br \/>\n<span style=\"color: #ffffff;\"><b><a style=\"color: #ffffff;\" href=\"https:\/\/doi.org\/10.35533\/ecd.numero24\" target=\"_blank\" rel=\"noopener noreferrer\">https:\/\/doi.org\/10.35533\/ecd.numero24<\/a><\/b><\/span><\/p>\n<\/div>\n<p style=\"color: #730057; text-align: center;\"><a style=\"font-size: 16px; background-color: #ffffff;\" href=\"http:\/\/creativecommons.org\/licenses\/by-nc-nd\/4.0\/\" rel=\"license\"><img decoding=\"async\" style=\"border-width: 0;\" src=\"https:\/\/i.creativecommons.org\/l\/by-nc-nd\/4.0\/88x31.png\" alt=\"Licencia de Creative Commons\" \/><\/a><br \/>\n<span style=\"color: #808080;\">Esta obra est\u00e1 bajo una <a style=\"color: #808080;\" href=\"http:\/\/creativecommons.org\/licenses\/by-nc-nd\/4.0\/\" rel=\"license\">licencia de Creative Commons Reconocimiento-NoComercial-SinObraDerivada 4.0 Internacional<\/a>.<\/span><\/p>\n<\/div>\n<\/div>\n","protected":false},"excerpt":{"rendered":"<p>\u00a0 Editorial Esto lo cambia todo: crisis, guerra y disputas geocapitalistas Humberto M\u00e1rquez Covarrubias https:\/\/doi.org\/10.35533\/ecd.1324.ehmc Art\u00edculos L\u00edmites objetivos del capitalismo, m\u00faltiples tendencias que anuncian su fin y b\u00fasqueda de salidas ante el calentamiento global Julio Boltvinik https:\/\/doi.org\/10.35533\/ecd.1324.jb El capitalismo contempor\u00e1neo<\/p>\n","protected":false},"author":2,"featured_media":0,"parent":0,"menu_order":0,"comment_status":"closed","ping_status":"closed","template":"","meta":{"footnotes":""},"class_list":["post-1480","page","type-page","status-publish","hentry"],"_links":{"self":[{"href":"https:\/\/estudiosdeldesarrollo.mx\/estudioscriticosdeldesarrollo\/wp-json\/wp\/v2\/pages\/1480","targetHints":{"allow":["GET"]}}],"collection":[{"href":"https:\/\/estudiosdeldesarrollo.mx\/estudioscriticosdeldesarrollo\/wp-json\/wp\/v2\/pages"}],"about":[{"href":"https:\/\/estudiosdeldesarrollo.mx\/estudioscriticosdeldesarrollo\/wp-json\/wp\/v2\/types\/page"}],"author":[{"embeddable":true,"href":"https:\/\/estudiosdeldesarrollo.mx\/estudioscriticosdeldesarrollo\/wp-json\/wp\/v2\/users\/2"}],"replies":[{"embeddable":true,"href":"https:\/\/estudiosdeldesarrollo.mx\/estudioscriticosdeldesarrollo\/wp-json\/wp\/v2\/comments?post=1480"}],"version-history":[{"count":5,"href":"https:\/\/estudiosdeldesarrollo.mx\/estudioscriticosdeldesarrollo\/wp-json\/wp\/v2\/pages\/1480\/revisions"}],"predecessor-version":[{"id":1653,"href":"https:\/\/estudiosdeldesarrollo.mx\/estudioscriticosdeldesarrollo\/wp-json\/wp\/v2\/pages\/1480\/revisions\/1653"}],"wp:attachment":[{"href":"https:\/\/estudiosdeldesarrollo.mx\/estudioscriticosdeldesarrollo\/wp-json\/wp\/v2\/media?parent=1480"}],"curies":[{"name":"wp","href":"https:\/\/api.w.org\/{rel}","templated":true}]}}