{"id":1478,"date":"2023-10-09T18:44:26","date_gmt":"2023-10-09T18:44:26","guid":{"rendered":"https:\/\/estudiosdeldesarrollo.mx\/estudioscriticosdeldesarrollo\/?page_id=1478"},"modified":"2025-07-10T16:28:52","modified_gmt":"2025-07-10T16:28:52","slug":"numero-23","status":"publish","type":"page","link":"https:\/\/estudiosdeldesarrollo.mx\/estudioscriticosdeldesarrollo\/numero-23\/","title":{"rendered":"N\u00famero 23"},"content":{"rendered":"<div id=\"contenedor30\">\n<div style=\"float: left;\">\n<div>\n<p><img loading=\"lazy\" decoding=\"async\" class=\" wp-image-111 alignleft\" src=\"https:\/\/estudiosdeldesarrollo.mx\/estudioscriticosdeldesarrollo\/wp-content\/uploads\/2023\/10\/ForrosECD23ok.jpg\" alt=\"\" width=\"250\" height=\"340\" \/><\/p>\n<p><b>\u00a0<\/b><\/p>\n<\/div>\n<\/div>\n<div style=\"float: left; background-color: #f2f2f2; padding: 10px; width: 100%;\">\n<h4 style=\"color: #1b154b;\"><span style=\"color: #1b154b;\"><b>Editorial<\/b><\/span><\/h4>\n<p><a href=\"https:\/\/estudiosdeldesarrollo.mx\/estudioscriticosdeldesarrollo\/wp-content\/uploads\/2024\/12\/ECD23-e.pdf\" target=\"_blank\" rel=\"noopener\"><span style=\"color: #000000;\"><span style=\"font-size: 19.2px;\">Tiempo de trabajo y tiempo de vida: el sustrato de la emancipaci\u00f3n humana<\/span><\/span><\/a><br \/><span style=\"color: #808080;\"><b>Humberto M\u00e1rquez Covarrubias<\/b><\/span><b><\/b><\/p>\n<h4 style=\"color: #1b154b;\"><span style=\"color: #1b154b;\"><b>Art\u00edculos<\/b><\/span><\/h4>\n<p><a href=\"https:\/\/estudiosdeldesarrollo.mx\/estudioscriticosdeldesarrollo\/wp-content\/uploads\/2024\/09\/ECD23-2.pdf\" target=\"_blank\" rel=\"noopener\"><span style=\"color: #000000;\"><span style=\"font-size: 19.2px;\">The genealogy of the decolonial perspective in Latin America: the center-periphery antinomy<\/span><\/span><\/a><br \/><span style=\"color: #808080;\"><strong>Carlos Mallorqu\u00edn<br \/><\/strong><\/span><b><\/b><b><a style=\"color: #999999;\" href=\"https:\/\/doi.org\/10.35533\/ecd.1223.cm\" target=\"_blank\" rel=\"noopener noreferrer\">https:\/\/doi.org\/10.35533\/ecd.1223.cm<\/a><\/b><\/p>\n<p><a href=\"https:\/\/estudiosdeldesarrollo.mx\/estudioscriticosdeldesarrollo\/wp-content\/uploads\/2024\/03\/ECD23-3.pdf\" target=\"_blank\" rel=\"noopener\"><span style=\"color: #000000;\"><span style=\"font-size: 19.2px;\">Governmentality and benchmarking: theoretical reflections on an historical case<\/span><\/span><\/a><br \/><span style=\"color: #808080;\"><strong>Tony Cutler<br \/><\/strong><\/span><b><\/b><b><a style=\"color: #999999;\" href=\"https:\/\/doi.org\/10.35533\/ecd.1223.tc\" target=\"_blank\" rel=\"noopener noreferrer\">https:\/\/doi.org\/10.35533\/ecd.1223.tc<\/a><\/b><\/p>\n<p><a href=\"https:\/\/estudiosdeldesarrollo.mx\/estudioscriticosdeldesarrollo\/wp-content\/uploads\/2024\/03\/ECD23-4.pdf\" target=\"_blank\" rel=\"noopener\"><span style=\"color: #000000;\"><span style=\"font-size: 19.2px;\">Brasil 2011-2021: econom\u00eda pol\u00edtica de una d\u00e9cada perdida<\/span><\/span><\/a><br \/><span style=\"color: #808080;\"><strong>James Martin Cypher | Guillermo Foladori<br \/><\/strong><\/span><b><\/b><b><a style=\"color: #999999;\" href=\"https:\/\/doi.org\/10.35533\/ecd.1223.jmc.gf\" target=\"_blank\" rel=\"noopener noreferrer\">https:\/\/doi.org\/10.35533\/ecd.1223.jmc.gf<\/a><\/b><\/p>\n<h4 style=\"color: #1b154b;\"><span style=\"color: #1b154b;\"><b>Debate<\/b><\/span><\/h4>\n<p><big><span style=\"color: #999999;\"><span style=\"color: #000000;\"><span style=\"font-size: 19.2px;\">M\u00e9xico: potencia econ\u00f3mica criminal y crisis humanitaria<\/span><\/span><\/span><\/big><br \/><span style=\"color: #808080;\"><strong>Humberto M\u00e1rquez Covarrubias<br \/><\/strong><\/span><b><br \/><\/b><\/p>\n<h4 style=\"color: #1b154b;\"><span style=\"color: #1b154b;\"><b>Rese\u00f1a<\/b><\/span><\/h4>\n<p><a href=\"https:\/\/estudiosdeldesarrollo.mx\/estudioscriticosdeldesarrollo\/wp-content\/uploads\/2024\/05\/ECD23-r.pdf\" target=\"_blank\" rel=\"noopener noreferrer\"><big><span style=\"color: #999999;\"><span style=\"color: #000000;\"><span style=\"font-size: 19.2px;\">Desarrollo y dependencia desde Am\u00e9rica Latina: poder de los lectores y lecturas del poder<\/span><\/span><\/span><\/big><\/a><br \/><span style=\"color: #808080;\"><strong>Monika Mireles | Cibeles Soto-Oc\u00f3n<br \/><\/strong><\/span><b><br \/><\/b><\/p>\n<h4 style=\"color: #1b154b;\"><span style=\"color: #1b154b;\"><a style=\"color: #1b154b;\" href=\"https:\/\/estudiosdeldesarrollo.mx\/estudioscriticosdeldesarrollo\/wp-content\/uploads\/2023\/06\/23-c.pdf\" target=\"_blank\" rel=\"noopener noreferrer\"><b>Colaboradores<\/b><\/a><\/span><\/h4>\n<div style=\"background-color: #1b154b; padding: 10px;\">\n<p><span style=\"color: #ffffff;\"><strong><em>Estudios Cr\u00edticos del Desarrollo<\/em>, volumen XII, n\u00famero 23, segundo semestre 2022<\/strong>, es una publicaci\u00f3n semestral editada por la Universidad Aut\u00f3noma de Zacatecas \u00abFrancisco Garc\u00eda Salinas\u00bb, a trav\u00e9s de la Unidad Acad\u00e9mica de Estudios del Desarrollo, Jard\u00edn Ju\u00e1rez 147, colonia Centro, Zacatecas, C.P. 98000, Tel. (01492) 922 91 09, www.uaz.edu.mx, www.estudiosdeldesarrollo.mx, revistaecd@uaz.edu.mx. Editor responsable: Humberto M\u00e1rquez Covarrubias. Reserva de Derechos al Uso Exclusivo V\u00eda Red C\u00f3mputo No. 04-2015-060212193100-203. ISSN: 2594-0899, ambos otorgados por el Instituto Nacional del Derecho de Autor. Responsable de \u00faltima actualizaci\u00f3n: Unidad Acad\u00e9mica de Estudios del Desarrollo, Maximino Gerardo Luna Estrada, Campus Universitario II, avenida Preparatoria s\/n, fraccionamiento Progreso, Zacatecas, C.P. 98065. Fecha de la \u00faltima modificaci\u00f3n, noviembre de 2022.<\/span><\/p>\n<p><span style=\"color: #ffffff;\">Las opiniones expresadas por los autores no necesariamente reflejan la postura del editor de la publicaci\u00f3n. Queda estrictamente prohibida la reproducci\u00f3n total o parcial de los contenidos e im\u00e1genes de la publicaci\u00f3n sin previa autorizaci\u00f3n de la Universidad Aut\u00f3noma de Zacatecas \u00abFrancisco Garc\u00eda Salinas\u00bb a trav\u00e9s de la Unidad Acad\u00e9mica de Estudios del Desarrollo.<\/span><br \/><span style=\"color: #ffffff;\"><b><a style=\"color: #ffffff;\" href=\"https:\/\/doi.org\/10.35533\/ecd.numero23\" target=\"_blank\" rel=\"noopener noreferrer\">https:\/\/doi.org\/10.35533\/ecd.numero23<\/a><\/b><\/span><\/p>\n<\/div>\n<p style=\"color: #730057; text-align: center;\"><a style=\"font-size: 16px; background-color: #ffffff;\" href=\"http:\/\/creativecommons.org\/licenses\/by-nc-nd\/4.0\/\" rel=\"license\"><img decoding=\"async\" style=\"border-width: 0;\" src=\"https:\/\/i.creativecommons.org\/l\/by-nc-nd\/4.0\/88x31.png\" alt=\"Licencia de Creative Commons\" \/><\/a>\n<span style=\"color: #808080;\">Esta obra est\u00e1 bajo una <a style=\"color: #808080;\" href=\"http:\/\/creativecommons.org\/licenses\/by-nc-nd\/4.0\/\" rel=\"license\">licencia de Creative Commons Reconocimiento-NoComercial-SinObraDerivada 4.0 Internacional<\/a>.<\/span><\/p>\n<\/div>\n<\/div>\n\n\n<p><\/p>\n","protected":false},"excerpt":{"rendered":"<p>\u00a0 Editorial Tiempo de trabajo y tiempo de vida: el sustrato de la emancipaci\u00f3n humanaHumberto M\u00e1rquez Covarrubias Art\u00edculos The genealogy of the decolonial perspective in Latin America: the center-periphery antinomyCarlos Mallorqu\u00ednhttps:\/\/doi.org\/10.35533\/ecd.1223.cm Governmentality and benchmarking: theoretical reflections on an historical caseTony<\/p>\n","protected":false},"author":2,"featured_media":0,"parent":0,"menu_order":0,"comment_status":"closed","ping_status":"closed","template":"","meta":{"footnotes":""},"class_list":["post-1478","page","type-page","status-publish","hentry"],"_links":{"self":[{"href":"https:\/\/estudiosdeldesarrollo.mx\/estudioscriticosdeldesarrollo\/wp-json\/wp\/v2\/pages\/1478","targetHints":{"allow":["GET"]}}],"collection":[{"href":"https:\/\/estudiosdeldesarrollo.mx\/estudioscriticosdeldesarrollo\/wp-json\/wp\/v2\/pages"}],"about":[{"href":"https:\/\/estudiosdeldesarrollo.mx\/estudioscriticosdeldesarrollo\/wp-json\/wp\/v2\/types\/page"}],"author":[{"embeddable":true,"href":"https:\/\/estudiosdeldesarrollo.mx\/estudioscriticosdeldesarrollo\/wp-json\/wp\/v2\/users\/2"}],"replies":[{"embeddable":true,"href":"https:\/\/estudiosdeldesarrollo.mx\/estudioscriticosdeldesarrollo\/wp-json\/wp\/v2\/comments?post=1478"}],"version-history":[{"count":5,"href":"https:\/\/estudiosdeldesarrollo.mx\/estudioscriticosdeldesarrollo\/wp-json\/wp\/v2\/pages\/1478\/revisions"}],"predecessor-version":[{"id":1654,"href":"https:\/\/estudiosdeldesarrollo.mx\/estudioscriticosdeldesarrollo\/wp-json\/wp\/v2\/pages\/1478\/revisions\/1654"}],"wp:attachment":[{"href":"https:\/\/estudiosdeldesarrollo.mx\/estudioscriticosdeldesarrollo\/wp-json\/wp\/v2\/media?parent=1478"}],"curies":[{"name":"wp","href":"https:\/\/api.w.org\/{rel}","templated":true}]}}