{"id":1461,"date":"2023-06-30T22:48:11","date_gmt":"2023-06-30T22:48:11","guid":{"rendered":"https:\/\/estudiosdeldesarrollo.mx\/estudioscriticosdeldesarrollo\/?page_id=1461"},"modified":"2025-07-10T16:29:31","modified_gmt":"2025-07-10T16:29:31","slug":"numero-22","status":"publish","type":"page","link":"https:\/\/estudiosdeldesarrollo.mx\/estudioscriticosdeldesarrollo\/numero-22\/","title":{"rendered":"N\u00famero 22"},"content":{"rendered":"<div id=\"contenedor30\">\n<div style=\"float: left;\">\n<div>\n<p><img loading=\"lazy\" decoding=\"async\" class=\" wp-image-111 alignleft\" src=\"https:\/\/estudiosdeldesarrollo.mx\/estudioscriticosdeldesarrollo\/wp-content\/uploads\/2023\/07\/ECD22portadaOK.jpg\" alt=\"\" width=\"250\" height=\"342\" \/><\/p>\n<p><b>\u00a0<\/b><\/p>\n<\/div>\n<\/div>\n<div style=\"float: left; background-color: #f2f2f2; padding: 10px; width: 100%;\">\n<h4 style=\"color: #425240;\"><span style=\"color: #425240;\"><b>Editorial<\/b><\/span><\/h4>\n<p><a href=\"https:\/\/estudiosdeldesarrollo.mx\/estudioscriticosdeldesarrollo\/wp-content\/uploads\/2023\/06\/22-e.pdf\" target=\"_blank\" rel=\"noopener\"><span style=\"color: #000000;\"><span style=\"font-size: 19.2px;\">La forma del agua en el capitalismo especular: privatizaci\u00f3n, mercantilizaci\u00f3n y comodificaci\u00f3n<\/span><\/span><\/a><br \/><span style=\"color: #808080;\"><b>Humberto M\u00e1rquez Covarrubias<\/b><\/span><\/p>\n<p><b><a style=\"color: #999999;\" href=\"https:\/\/doi.org\/10.35533\/ecd.1222.ehmc\" target=\"_blank\" rel=\"noopener noreferrer\">https:\/\/doi.org\/10.35533\/ecd.1222.ehmc<\/a><\/b><\/p>\n<h4 style=\"color: #425240;\"><span style=\"color: #425240;\"><b>Art\u00edculos<\/b><\/span><\/h4>\n<p><a href=\"https:\/\/estudiosdeldesarrollo.mx\/estudioscriticosdeldesarrollo\/wp-content\/uploads\/2023\/06\/22-1.pdf\" target=\"_blank\" rel=\"noopener\"><span style=\"color: #000000;\"><span style=\"font-size: 19.2px;\">Am\u00e9rica Latina y su extractivismo: desaf\u00edos para un desarrollo sustentable e incluyente<\/span><\/span><\/a><br \/><span style=\"color: #808080;\"><strong>Juan Carlos Moreno-Brid | Alicia Puyana Mutis | Stefanie Garry<br \/><\/strong><\/span><b><\/b><b><a style=\"color: #999999;\" href=\"https:\/\/doi.org\/10.35533\/ecd.1222.jcmb.apm.sg\" target=\"_blank\" rel=\"noopener noreferrer\">https:\/\/doi.org\/10.35533\/ecd.1222.jcmb.apm.sg<\/a><\/b><\/p>\n<p><a href=\"https:\/\/estudiosdeldesarrollo.mx\/estudioscriticosdeldesarrollo\/wp-content\/uploads\/2023\/06\/22-2.pdf\" target=\"_blank\" rel=\"noopener\"><span style=\"color: #000000;\"><span style=\"font-size: 19.2px;\">El avance neoliberal del capital extractivo en M\u00e9xico: despojo y conflicto en la frontera extractiva<\/span><\/span><\/a><br \/><span style=\"color: #808080;\"><strong>Rebeca Orozco<br \/><\/strong><\/span><b><\/b><b><a style=\"color: #999999;\" href=\"https:\/\/doi.org\/10.35533\/ecd.1222.ro\" target=\"_blank\" rel=\"noopener noreferrer\">https:\/\/doi.org\/10.35533\/ecd.1222.ro<\/a><\/b><\/p>\n<p><a href=\"https:\/\/estudiosdeldesarrollo.mx\/estudioscriticosdeldesarrollo\/wp-content\/uploads\/2023\/06\/22-3.pdf\" target=\"_blank\" rel=\"noopener\"><span style=\"color: #000000;\"><span style=\"font-size: 19.2px;\">Agua, tierra y oro: la urgente situaci\u00f3n ambiental ante el extractivismo en Colombia<\/span><\/span><\/a><br \/><span style=\"color: #808080;\"><strong>Carolina Arias Hurtado | Le\u00f3n Felipe Cubillos Quintero<br \/><\/strong><\/span><b><\/b><b><a style=\"color: #999999;\" href=\"https:\/\/doi.org\/10.35533\/ecd.1222.cah.lfcq\" target=\"_blank\" rel=\"noopener noreferrer\">https:\/\/doi.org\/10.35533\/ecd.1222.cah.lfcq<\/a><\/b><\/p>\n<p><a href=\"https:\/\/estudiosdeldesarrollo.mx\/estudioscriticosdeldesarrollo\/wp-content\/uploads\/2023\/06\/22-4.pdf\" target=\"_blank\" rel=\"noopener\"><span style=\"color: #000000;\"><span style=\"font-size: 19.2px;\">Pueblos en resistencia: forjando el sujeto revolucionario comunitario<\/span><\/span><\/a><br \/><span style=\"color: #808080;\"><strong>David Barkin | Ricardo Olivares Villase\u00f1or<br \/><\/strong><\/span><b><a style=\"color: #999999;\" href=\"https:\/\/doi.org\/10.35533\/ecd.1222.db.rov\" target=\"_blank\" rel=\"noopener noreferrer\">https:\/\/doi.org\/10.35533\/ecd.1222.db.rov<\/a><\/b><\/p>\n<p><a href=\"https:\/\/estudiosdeldesarrollo.mx\/estudioscriticosdeldesarrollo\/wp-content\/uploads\/2023\/06\/22-5.pdf\" target=\"_blank\" rel=\"noopener\"><span style=\"color: #000000;\"><span style=\"font-size: 19.2px;\">Econom\u00eda pol\u00edtica del militarismo sist\u00e9mico estadounidense<\/span><\/span><\/a><br \/><span style=\"color: #808080;\"><strong>James Martin Cypher<br \/><\/strong><\/span><b><\/b><b><a style=\"color: #999999;\" href=\"https:\/\/doi.org\/10.35533\/ecd.1222.jmc\" target=\"_blank\" rel=\"noopener noreferrer\">https:\/\/doi.org\/10.35533\/ecd.1222.jmc<\/a><\/b><\/p>\n<h4 style=\"color: #425240;\"><span style=\"color: #425240;\"><b>Debate<\/b><\/span><\/h4>\n<p><a href=\"https:\/\/estudiosdeldesarrollo.mx\/estudioscriticosdeldesarrollo\/wp-content\/uploads\/2023\/06\/22-6.pdf\" target=\"_blank\" rel=\"noopener noreferrer\"><big><span style=\"color: #999999;\"><span style=\"color: #000000;\"><span style=\"font-size: 19.2px;\">M\u00e9xico: un capitalismo <em>sui generis<\/em> que desaf\u00eda a la teor\u00eda del desarrollo y a los gobiernos transformistas<\/span><\/span><\/span><\/big><\/a><br \/><span style=\"color: #808080;\"><strong>Humberto M\u00e1rquez Covarrubias<br \/><\/strong><\/span><b><\/b><b><a style=\"color: #999999;\" href=\"https:\/\/doi.org\/10.35533\/ecd.1222.hmc\" target=\"_blank\" rel=\"noopener noreferrer\">https:\/\/doi.org\/10.35533\/ecd.1222.hmc<\/a><\/b><\/p>\n<h4 style=\"color: #425240;\"><span style=\"color: #425240;\"><b>Rese\u00f1a<\/b><\/span><\/h4>\n<p><a href=\"https:\/\/estudiosdeldesarrollo.mx\/estudioscriticosdeldesarrollo\/wp-content\/uploads\/2023\/06\/22-7.pdf\" target=\"_blank\" rel=\"noopener noreferrer\"><big><span style=\"color: #999999;\"><span style=\"color: #000000;\"><span style=\"font-size: 19.2px;\"><em>Nanotecnolog\u00eda y sociedad en Argentina. Para una agenda inter y transdisciplinaria<\/em>, de Mauricio Berger, Tom\u00e1s Javier Carrozza y Gonzalo Bailo<\/span><\/span><\/span><\/big><\/a><br \/><span style=\"color: #808080;\"><strong>Guillermo Foladori<br \/><\/strong><\/span><b><\/b><b><a style=\"color: #999999;\" href=\"https:\/\/doi.org\/10.35533\/ecd.1222.gf\" target=\"_blank\" rel=\"noopener noreferrer\">https:\/\/doi.org\/10.35533\/ecd.1222.gf<\/a><\/b><\/p>\n<h4 style=\"color: #425240;\"><span style=\"color: #425240;\"><a style=\"color: #425240;\" href=\"https:\/\/estudiosdeldesarrollo.mx\/estudioscriticosdeldesarrollo\/wp-content\/uploads\/2023\/06\/22-c.pdf\" target=\"_blank\" rel=\"noopener noreferrer\"><b>Colaboradores<\/b><\/a><\/span><\/h4>\n<div style=\"background-color: #425240; padding: 10px;\">\n<p><span style=\"color: #ffffff;\"><strong><em>Estudios Cr\u00edticos del Desarrollo<\/em>, volumen XII, n\u00famero 22, primer semestre 2022<\/strong>, es una publicaci\u00f3n semestral editada por la Universidad Aut\u00f3noma de Zacatecas \u00abFrancisco Garc\u00eda Salinas\u00bb, a trav\u00e9s de la Unidad Acad\u00e9mica de Estudios del Desarrollo, Jard\u00edn Ju\u00e1rez 147, colonia Centro, Zacatecas, C.P. 98000, Tel. (01492) 922 91 09, www.uaz.edu.mx, www.estudiosdeldesarrollo.mx, revistaecd@uaz.edu.mx. Editor responsable: Humberto M\u00e1rquez Covarrubias. Reserva de Derechos al Uso Exclusivo V\u00eda Red C\u00f3mputo No. 04-2015-060212193100-203. ISSN: 2594-0899, ambos otorgados por el Instituto Nacional del Derecho de Autor. Responsable de \u00faltima actualizaci\u00f3n: Unidad Acad\u00e9mica de Estudios del Desarrollo, Maximino Gerardo Luna Estrada, Campus Universitario II, avenida Preparatoria s\/n, fraccionamiento Progreso, Zacatecas, C.P. 98065. Fecha de la \u00faltima modificaci\u00f3n, mayo de 2022.<\/span><\/p>\n<p><span style=\"color: #ffffff;\">Las opiniones expresadas por los autores no necesariamente reflejan la postura del editor de la publicaci\u00f3n. Queda estrictamente prohibida la reproducci\u00f3n total o parcial de los contenidos e im\u00e1genes de la publicaci\u00f3n sin previa autorizaci\u00f3n de la Universidad Aut\u00f3noma de Zacatecas \u00abFrancisco Garc\u00eda Salinas\u00bb a trav\u00e9s de la Unidad Acad\u00e9mica de Estudios del Desarrollo.<\/span><br \/><span style=\"color: #ffffff;\"><b><a style=\"color: #ffffff;\" href=\"https:\/\/doi.org\/10.35533\/ecd.numero22\" target=\"_blank\" rel=\"noopener noreferrer\">https:\/\/doi.org\/10.35533\/ecd.numero22<\/a><\/b><\/span><\/p>\n<\/div>\n<p style=\"color: #730057; text-align: center;\"><a style=\"font-size: 16px; background-color: #ffffff;\" href=\"http:\/\/creativecommons.org\/licenses\/by-nc-nd\/4.0\/\" rel=\"license\"><img decoding=\"async\" style=\"border-width: 0;\" src=\"https:\/\/i.creativecommons.org\/l\/by-nc-nd\/4.0\/88x31.png\" alt=\"Licencia de Creative Commons\" \/><\/a>\n<span style=\"color: #808080;\">Esta obra est\u00e1 bajo una <a style=\"color: #808080;\" href=\"http:\/\/creativecommons.org\/licenses\/by-nc-nd\/4.0\/\" rel=\"license\">licencia de Creative Commons Reconocimiento-NoComercial-SinObraDerivada 4.0 Internacional<\/a>.<\/span><\/p>\n<\/div>\n<\/div>\n\n\n<p><\/p>\n","protected":false},"excerpt":{"rendered":"<p>\u00a0 Editorial La forma del agua en el capitalismo especular: privatizaci\u00f3n, mercantilizaci\u00f3n y comodificaci\u00f3nHumberto M\u00e1rquez Covarrubias https:\/\/doi.org\/10.35533\/ecd.1222.ehmc Art\u00edculos Am\u00e9rica Latina y su extractivismo: desaf\u00edos para un desarrollo sustentable e incluyenteJuan Carlos Moreno-Brid | Alicia Puyana Mutis | Stefanie Garryhttps:\/\/doi.org\/10.35533\/ecd.1222.jcmb.apm.sg El<\/p>\n","protected":false},"author":2,"featured_media":0,"parent":0,"menu_order":0,"comment_status":"closed","ping_status":"closed","template":"","meta":{"footnotes":""},"class_list":["post-1461","page","type-page","status-publish","hentry"],"_links":{"self":[{"href":"https:\/\/estudiosdeldesarrollo.mx\/estudioscriticosdeldesarrollo\/wp-json\/wp\/v2\/pages\/1461","targetHints":{"allow":["GET"]}}],"collection":[{"href":"https:\/\/estudiosdeldesarrollo.mx\/estudioscriticosdeldesarrollo\/wp-json\/wp\/v2\/pages"}],"about":[{"href":"https:\/\/estudiosdeldesarrollo.mx\/estudioscriticosdeldesarrollo\/wp-json\/wp\/v2\/types\/page"}],"author":[{"embeddable":true,"href":"https:\/\/estudiosdeldesarrollo.mx\/estudioscriticosdeldesarrollo\/wp-json\/wp\/v2\/users\/2"}],"replies":[{"embeddable":true,"href":"https:\/\/estudiosdeldesarrollo.mx\/estudioscriticosdeldesarrollo\/wp-json\/wp\/v2\/comments?post=1461"}],"version-history":[{"count":5,"href":"https:\/\/estudiosdeldesarrollo.mx\/estudioscriticosdeldesarrollo\/wp-json\/wp\/v2\/pages\/1461\/revisions"}],"predecessor-version":[{"id":1655,"href":"https:\/\/estudiosdeldesarrollo.mx\/estudioscriticosdeldesarrollo\/wp-json\/wp\/v2\/pages\/1461\/revisions\/1655"}],"wp:attachment":[{"href":"https:\/\/estudiosdeldesarrollo.mx\/estudioscriticosdeldesarrollo\/wp-json\/wp\/v2\/media?parent=1461"}],"curies":[{"name":"wp","href":"https:\/\/api.w.org\/{rel}","templated":true}]}}