{"id":1416,"date":"2022-08-11T18:07:48","date_gmt":"2022-08-11T18:07:48","guid":{"rendered":"https:\/\/estudiosdeldesarrollo.mx\/estudioscriticosdeldesarrollo\/?page_id=1416"},"modified":"2025-07-10T16:29:53","modified_gmt":"2025-07-10T16:29:53","slug":"numero-21","status":"publish","type":"page","link":"https:\/\/estudiosdeldesarrollo.mx\/estudioscriticosdeldesarrollo\/numero-21\/","title":{"rendered":"N\u00famero 21"},"content":{"rendered":"<div id=\"contenedor30\">\n<div style=\"float: left;\">\n<div>\n<p><img loading=\"lazy\" decoding=\"async\" class=\" wp-image-111 alignleft\" src=\"https:\/\/estudiosdeldesarrollo.mx\/estudioscriticosdeldesarrollo\/wp-content\/uploads\/2022\/08\/Forrosecd21.jpg\" alt=\"\" width=\"250\" height=\"342\" \/><\/p>\n<p><b>\u00a0<\/b><\/p>\n<\/div>\n<\/div>\n<div style=\"float: left; background-color: #f2f2f2; padding: 10px; width: 100%;\">\n<h4 style=\"color: #d5c088;\"><span style=\"color: #d5c088;\"><b>Editorial<\/b><\/span><\/h4>\n<p><a href=\"https:\/\/estudiosdeldesarrollo.mx\/estudioscriticosdeldesarrollo\/wp-content\/uploads\/2022\/08\/ecd21-e.pdf\" target=\"_blank\" rel=\"noopener\"><span style=\"color: #000000;\"><span style=\"font-size: 19.2px;\">Cuello de botella en la capital global: pandemia, crisis inducida y reconversi\u00f3n capitalista<\/span><\/span><\/a><br \/><span style=\"color: #808080;\"><b>Humberto M\u00e1rquez Covarrubias<\/b><\/span><\/p>\n<h4 style=\"color: #d5c088;\"><span style=\"color: #d5c088;\"><b>Art\u00edculos<\/b><\/span><\/h4>\n<p><a href=\"https:\/\/estudiosdeldesarrollo.mx\/estudioscriticosdeldesarrollo\/wp-content\/uploads\/2022\/08\/ecd21-1.pdf\" target=\"_blank\" rel=\"noopener\"><span style=\"color: #000000;\"><span style=\"font-size: 19.2px;\">Antinomias de la modernidad capitalista en los albores del siglo XXI<\/span><\/span><\/a><br \/><span style=\"color: #808080;\"><strong>Francisco Javier Caballero Anguiano | Ra\u00fal Delgado Wise<br \/><\/strong><\/span><b><\/b><b><a style=\"color: #999999;\" href=\"https:\/\/doi.org\/10.35533\/ecd.1121.fjca.rdw\" target=\"_blank\" rel=\"noopener noreferrer\">https:\/\/doi.org\/10.35533\/ecd.1121.fjca.rdw<\/a><\/b><\/p>\n<p><a href=\"https:\/\/estudiosdeldesarrollo.mx\/estudioscriticosdeldesarrollo\/wp-content\/uploads\/2022\/08\/ecd21-2.pdf\" target=\"_blank\" rel=\"noopener\"><span style=\"color: #000000;\"><span style=\"font-size: 19.2px;\">Dieta neoliberal: \u00bfcuesti\u00f3n cultural o econ\u00f3mica?<\/span><\/span><\/a><br \/><span style=\"color: #808080;\"><strong>Gerardo Otero<br \/><\/strong><\/span><b><\/b><b><a style=\"color: #999999;\" href=\"https:\/\/doi.org\/10.35533\/ecd.1121.go\" target=\"_blank\" rel=\"noopener noreferrer\">https:\/\/doi.org\/10.35533\/ecd.1121.go<\/a><\/b><\/p>\n<p><a href=\"https:\/\/estudiosdeldesarrollo.mx\/estudioscriticosdeldesarrollo\/wp-content\/uploads\/2022\/08\/ecd21-3.pdf\" target=\"_blank\" rel=\"noopener\"><span style=\"color: #000000;\"><span style=\"font-size: 19.2px;\">Pr\u00e1cticas materiales de cuidado de la agrobiodiversidad como marco simb\u00f3lico para la gobernanza ambiental en el sur de Tolima, Colombia<\/span><\/span><\/a><br \/><span style=\"color: #808080;\"><strong>Megan Dwyer Baumann<br \/><\/strong><\/span><b><\/b><b><a style=\"color: #999999;\" href=\"https:\/\/doi.org\/10.35533\/ecd.1121.mdb\" target=\"_blank\" rel=\"noopener noreferrer\">https:\/\/doi.org\/10.35533\/ecd.1121.mdb<\/a><\/b><\/p>\n<p><a href=\"https:\/\/estudiosdeldesarrollo.mx\/estudioscriticosdeldesarrollo\/wp-content\/uploads\/2022\/08\/ecd21-4.pdf\" target=\"_blank\" rel=\"noopener\"><span style=\"color: #000000;\"><span style=\"font-size: 19.2px;\">Conflictos por el agua en Morelos: el caso del Proyecto Integral Morelos y la destrucci\u00f3n del sistema h\u00eddrico estatal<\/span><\/span><\/a><br \/><span style=\"color: #808080;\"><strong>Josemanuel Luna-Nemecio<br \/><\/strong><\/span><b><a style=\"color: #999999;\" href=\"https:\/\/doi.org\/10.35533\/ecd.1121.jln\" target=\"_blank\" rel=\"noopener noreferrer\">https:\/\/doi.org\/10.35533\/ecd.1121.jln<\/a><\/b><\/p>\n<p><a href=\"https:\/\/estudiosdeldesarrollo.mx\/estudioscriticosdeldesarrollo\/wp-content\/uploads\/2022\/08\/ecd21-5.pdf\" target=\"_blank\" rel=\"noopener\"><span style=\"color: #000000;\"><span style=\"font-size: 19.2px;\">Violencia paramilitar en sectores econ\u00f3micos clave en Honduras: el brazo violento del \u00abdesarrollo\u00bb<\/span><\/span><\/a><br \/><span style=\"color: #808080;\"><strong>Jasmin Hristov | Karen Spring<br \/><\/strong><\/span><b><\/b><b><a style=\"color: #999999;\" href=\"https:\/\/doi.org\/10.35533\/ecd.1121.jh.ks\" target=\"_blank\" rel=\"noopener noreferrer\">https:\/\/doi.org\/10.35533\/ecd.1121.jh.ks<\/a><\/b><\/p>\n<h4 style=\"color: #d5c088;\"><span style=\"color: #d5c088;\"><b>Debate<\/b><\/span><\/h4>\n<p><a href=\"https:\/\/estudiosdeldesarrollo.mx\/estudioscriticosdeldesarrollo\/wp-content\/uploads\/2022\/08\/ecd21-6.pdf\" target=\"_blank\" rel=\"noopener noreferrer\"><big><span style=\"color: #999999;\"><span style=\"color: #000000;\"><span style=\"font-size: 19.2px;\">Las cuatro tesis centrales del neodesarrollismo. Una cr\u00edtica a sus supuestos<\/span><\/span><\/span><\/big><\/a><br \/><span style=\"color: #808080;\"><strong>Ricardo Vega Ruiz<br \/><\/strong><\/span><b><\/b><b><a style=\"color: #999999;\" href=\"https:\/\/doi.org\/10.35533\/ecd.1121.rvr\" target=\"_blank\" rel=\"noopener noreferrer\">https:\/\/doi.org\/10.35533\/ecd.1121.rvr<\/a><\/b><\/p>\n<p><a href=\"https:\/\/estudiosdeldesarrollo.mx\/estudioscriticosdeldesarrollo\/wp-content\/uploads\/2022\/08\/ecd21-7.pdf\" target=\"_blank\" rel=\"noopener noreferrer\"><big><span style=\"color: #999999;\"><span style=\"color: #000000;\"><span style=\"font-size: 19.2px;\">Mutaciones en la econom\u00eda pol\u00edtica mundial: pandemia, capitalizaci\u00f3n y estatalismo<\/span><\/span><\/span><\/big><\/a><br \/><span style=\"color: #808080;\"><strong>Humberto M\u00e1rquez Covarrubias<br \/><\/strong><\/span><b><\/b><b><a style=\"color: #999999;\" href=\"https:\/\/doi.org\/10.35533\/ecd.1121.hmc\" target=\"_blank\" rel=\"noopener noreferrer\">https:\/\/doi.org\/10.35533\/ecd.1121.hmc<\/a><\/b><\/p>\n<h4 style=\"color: #d5c088;\"><span style=\"color: #d5c088;\"><a style=\"color: #d5c088;\" href=\"https:\/\/estudiosdeldesarrollo.mx\/estudioscriticosdeldesarrollo\/wp-content\/uploads\/2022\/08\/ecd21-c.pdf\" target=\"_blank\" rel=\"noopener noreferrer\"><b>Colaboradores<\/b><\/a><\/span><\/h4>\n<div style=\"background-color: #d5c088; padding: 10px;\">\n<p><span style=\"color: #ffffff;\"><strong><em>Estudios Cr\u00edticos del Desarrollo<\/em>, volumen XI, n\u00famero 21, segundo semestre 2021<\/strong>, es una publicaci\u00f3n semestral editada por la Universidad Aut\u00f3noma de Zacatecas \u00abFrancisco Garc\u00eda Salinas\u00bb, a trav\u00e9s de la Unidad Acad\u00e9mica de Estudios del Desarrollo, Jard\u00edn Ju\u00e1rez 147, colonia Centro, Zacatecas, C.P. 98000, Tel. (01492) 922 91 09, www.uaz.edu.mx, www.estudiosdeldesarrollo.mx, revistaecd@uaz.edu.mx. Editor responsable: Humberto M\u00e1rquez Covarrubias. Reserva de Derechos al Uso Exclusivo V\u00eda Red C\u00f3mputo No. 04-2015-060212193100-203. ISSN: 2594-0899, ambos otorgados por el Instituto Nacional del Derecho de Autor. Responsable de \u00faltima actualizaci\u00f3n: Unidad Acad\u00e9mica de Estudios del Desarrollo, Maximino Gerardo Luna Estrada, Campus Universitario II, avenida Preparatoria s\/n, fraccionamiento Progreso, Zacatecas, C.P. 98065. Fecha de la \u00faltima modificaci\u00f3n, noviembre de 2021.<\/span><\/p>\n<p><span style=\"color: #ffffff;\">Las opiniones expresadas por los autores no necesariamente reflejan la postura del editor de la publicaci\u00f3n. Queda estrictamente prohibida la reproducci\u00f3n total o parcial de los contenidos e im\u00e1genes de la publicaci\u00f3n sin previa autorizaci\u00f3n de la Universidad Aut\u00f3noma de Zacatecas \u00abFrancisco Garc\u00eda Salinas\u00bb a trav\u00e9s de la Unidad Acad\u00e9mica de Estudios del Desarrollo.<\/span><br \/><span style=\"color: #ffffff;\"><b><a style=\"color: #ffffff;\" href=\"https:\/\/doi.org\/10.35533\/ecd.numero21\" target=\"_blank\" rel=\"noopener noreferrer\">https:\/\/doi.org\/10.35533\/ecd.numero21<\/a><\/b><\/span><\/p>\n<\/div>\n<p style=\"color: #730057; text-align: center;\"><a style=\"font-size: 16px; background-color: #ffffff;\" href=\"http:\/\/creativecommons.org\/licenses\/by-nc-nd\/4.0\/\" rel=\"license\"><img decoding=\"async\" style=\"border-width: 0;\" src=\"https:\/\/i.creativecommons.org\/l\/by-nc-nd\/4.0\/88x31.png\" alt=\"Licencia de Creative Commons\" \/><\/a>\n<span style=\"color: #808080;\">Esta obra est\u00e1 bajo una <a style=\"color: #808080;\" href=\"http:\/\/creativecommons.org\/licenses\/by-nc-nd\/4.0\/\" rel=\"license\">licencia de Creative Commons Reconocimiento-NoComercial-SinObraDerivada 4.0 Internacional<\/a>.<\/span><\/p>\n<\/div>\n<\/div>\n\n\n<p><\/p>\n","protected":false},"excerpt":{"rendered":"<p>\u00a0 Editorial Cuello de botella en la capital global: pandemia, crisis inducida y reconversi\u00f3n capitalistaHumberto M\u00e1rquez Covarrubias Art\u00edculos Antinomias de la modernidad capitalista en los albores del siglo XXIFrancisco Javier Caballero Anguiano | Ra\u00fal Delgado Wisehttps:\/\/doi.org\/10.35533\/ecd.1121.fjca.rdw Dieta neoliberal: \u00bfcuesti\u00f3n cultural<\/p>\n","protected":false},"author":2,"featured_media":0,"parent":0,"menu_order":0,"comment_status":"closed","ping_status":"closed","template":"","meta":{"footnotes":""},"class_list":["post-1416","page","type-page","status-publish","hentry"],"_links":{"self":[{"href":"https:\/\/estudiosdeldesarrollo.mx\/estudioscriticosdeldesarrollo\/wp-json\/wp\/v2\/pages\/1416","targetHints":{"allow":["GET"]}}],"collection":[{"href":"https:\/\/estudiosdeldesarrollo.mx\/estudioscriticosdeldesarrollo\/wp-json\/wp\/v2\/pages"}],"about":[{"href":"https:\/\/estudiosdeldesarrollo.mx\/estudioscriticosdeldesarrollo\/wp-json\/wp\/v2\/types\/page"}],"author":[{"embeddable":true,"href":"https:\/\/estudiosdeldesarrollo.mx\/estudioscriticosdeldesarrollo\/wp-json\/wp\/v2\/users\/2"}],"replies":[{"embeddable":true,"href":"https:\/\/estudiosdeldesarrollo.mx\/estudioscriticosdeldesarrollo\/wp-json\/wp\/v2\/comments?post=1416"}],"version-history":[{"count":5,"href":"https:\/\/estudiosdeldesarrollo.mx\/estudioscriticosdeldesarrollo\/wp-json\/wp\/v2\/pages\/1416\/revisions"}],"predecessor-version":[{"id":1656,"href":"https:\/\/estudiosdeldesarrollo.mx\/estudioscriticosdeldesarrollo\/wp-json\/wp\/v2\/pages\/1416\/revisions\/1656"}],"wp:attachment":[{"href":"https:\/\/estudiosdeldesarrollo.mx\/estudioscriticosdeldesarrollo\/wp-json\/wp\/v2\/media?parent=1416"}],"curies":[{"name":"wp","href":"https:\/\/api.w.org\/{rel}","templated":true}]}}