{"id":1257,"date":"2021-12-22T23:12:11","date_gmt":"2021-12-22T23:12:11","guid":{"rendered":"https:\/\/estudiosdeldesarrollo.mx\/estudioscriticosdeldesarrollo\/?page_id=1257"},"modified":"2025-07-10T16:30:23","modified_gmt":"2025-07-10T16:30:23","slug":"numero-19","status":"publish","type":"page","link":"https:\/\/estudiosdeldesarrollo.mx\/estudioscriticosdeldesarrollo\/numero-19\/","title":{"rendered":"N\u00famero 19"},"content":{"rendered":"<div id=\"contenedor30\">\n<div style=\"float: left;\">\n<div>\n<p><img loading=\"lazy\" decoding=\"async\" class=\" wp-image-111 alignleft\" src=\"https:\/\/estudiosdeldesarrollo.mx\/estudioscriticosdeldesarrollo\/wp-content\/uploads\/2021\/12\/ECD19portada.jpeg\" alt=\"\" width=\"250\" height=\"339\" \/><\/p>\n<\/div>\n<\/div>\n<div style=\"float: left; background-color: #f2f2f2; padding: 10px; width: 100%;\">\n<h4 style=\"color: #663f00;\"><span style=\"color: #663f00;\"><b>Editorial<\/b><\/span><\/h4>\n<p><a href=\"https:\/\/estudiosdeldesarrollo.mx\/estudioscriticosdeldesarrollo\/wp-content\/uploads\/2022\/02\/ECD19-e.pdf\" target=\"_blank\" rel=\"noopener noreferrer\"><big><span style=\"color: #000000;\">\u00bfQue mueran quienes tengan que morir? El sacrificio humano en el capitalismo<\/span><\/big><\/a><br \/><span style=\"color: #808080;\"><b>Humberto M\u00e1rquez Covarrubias<\/b><\/span><\/p>\n<h4 style=\"color: #663f00;\"><span style=\"color: #663f00;\"><b>Presentaci\u00f3n<\/b><\/span><\/h4>\n<p><a href=\"https:\/\/estudiosdeldesarrollo.mx\/estudioscriticosdeldesarrollo\/wp-content\/uploads\/2022\/02\/ECD19-p.pdf\" target=\"_blank\" rel=\"noopener noreferrer\"><big><span style=\"color: #000000;\">Justicia ambiental, extractivismos y conflictos por el agua<\/span><\/big><\/a><br \/><span style=\"color: #808080;\"><b>Juan D. P\u00e9rez Cebada | F\u00e9lix Talego | Federico Guzm\u00e1n L\u00f3pez<\/b><\/span><\/p>\n<h4 style=\"color: #663f00;\"><span style=\"color: #663f00;\"><b>Art\u00edculos<\/b><\/span><\/h4>\n<p><a href=\"https:\/\/estudiosdeldesarrollo.mx\/estudioscriticosdeldesarrollo\/wp-content\/uploads\/2022\/02\/ECD19-1.pdf\" target=\"_blank\" rel=\"noopener noreferrer\"><big><span style=\"color: #000000;\">El megaproyecto minero de Aznalc\u00f3llar: lodos, consenso y vuelta a empezar<\/span><\/big><\/a><br \/><span style=\"color: #808080;\"><strong>Maika Zampier | F\u00e9lix Talego<br \/><\/strong><\/span><b><a style=\"color: #999999;\" href=\"https:\/\/doi.org\/10.35533\/ecd.1019.mz.ft\" target=\"_blank\" rel=\"noopener noreferrer\">https:\/\/doi.org\/10.35533\/ecd.1019.mz.ft<\/a><\/b><\/p>\n<p><a href=\"https:\/\/estudiosdeldesarrollo.mx\/estudioscriticosdeldesarrollo\/wp-content\/uploads\/2022\/02\/ECD19-2.pdf\" target=\"_blank\" rel=\"noopener noreferrer\"><big><span style=\"color: #000000;\">Monitorizaci\u00f3n de pr\u00e1cticas de disenso y coproducci\u00f3n de conocimiento: el mapa de los conflictos del agua de Andaluc\u00eda (Espa\u00f1a)<\/span><\/big><\/a><br \/><span style=\"color: #808080;\"><strong>Leandro del Moral | Bel\u00e9n Pedregal | Cesare Laconi | Antonio Figueroa | Mar\u00eda Mancilla | Violeta Cabello<br \/><\/strong><\/span><b><a style=\"color: #999999;\" href=\"https:\/\/doi.org\/10.35533\/ecd.1019.lm.bp.cl.af.mm.vc\" target=\"_blank\" rel=\"noopener noreferrer\">https:\/\/doi.org\/10.35533\/ecd.1019.lm.bp.cl.af.mm.vc<\/a><\/b><\/p>\n<p><a href=\"https:\/\/estudiosdeldesarrollo.mx\/estudioscriticosdeldesarrollo\/wp-content\/uploads\/2022\/02\/ECD19-3.pdf\" target=\"_blank\" rel=\"noopener noreferrer\"><big><span style=\"color: #000000;\">Megaminer\u00eda en M\u00e9xico en el contexto de Am\u00e9rica Central<\/span><\/big><\/a><br \/><span style=\"color: #808080;\"><strong>Federico Guzm\u00e1n L\u00f3pez<br \/><\/strong><\/span><b><a style=\"color: #999999;\" href=\"https:\/\/doi.org\/10.35533\/ecd.1019.fgl\" target=\"_blank\" rel=\"noopener noreferrer\">https:\/\/doi.org\/10.35533\/ecd.1019.fgl<\/a><\/b><\/p>\n<p><a href=\"https:\/\/estudiosdeldesarrollo.mx\/estudioscriticosdeldesarrollo\/wp-content\/uploads\/2022\/02\/ECD19-4.pdf\" target=\"_blank\" rel=\"noopener noreferrer\"><big><span style=\"color: #000000;\">Extractivismo, conflictos y ecocidio en \u00c1frica: el caso de la cuenca del r\u00edo Congo (Rep\u00fablica Democr\u00e1tica del Congo) y del delta de N\u00edger (Nigeria)<\/span><\/big><\/a><br \/><span style=\"color: #808080;\"><strong>Mbuyi Kabunda Badi<br \/><\/strong><\/span><b><a style=\"color: #999999;\" href=\"https:\/\/doi.org\/10.35533\/ecd.1019.mkb\" target=\"_blank\" rel=\"noopener noreferrer\">https:\/\/doi.org\/10.35533\/ecd.1019.mkb<\/a><\/b><\/p>\n<p><a href=\"https:\/\/estudiosdeldesarrollo.mx\/estudioscriticosdeldesarrollo\/wp-content\/uploads\/2022\/02\/ECD19-5.pdf\" target=\"_blank\" rel=\"noopener noreferrer\"><big><span style=\"color: #000000;\">An overview of conflicts against coal in Eastern India using critical environmental justice framework<\/span><\/big><\/a><br \/><span style=\"color: #808080;\"><strong>Roy Brototi<br \/><\/strong><\/span><b><a style=\"color: #999999;\" href=\"https:\/\/doi.org\/10.35533\/ecd.1019.rb\" target=\"_blank\" rel=\"noopener noreferrer\">https:\/\/doi.org\/10.35533\/ecd.1019.rb<\/a><\/b><\/p>\n<p><span style=\"color: #000000;\"><a style=\"color: #000000;\" href=\"https:\/\/estudiosdeldesarrollo.mx\/estudioscriticosdeldesarrollo\/wp-content\/uploads\/2022\/02\/ECD19-6.pdf\" target=\"_blank\" rel=\"noopener noreferrer\"><big>La remineralizaci\u00f3n de Europa: una aproximaci\u00f3n<\/big><\/a><\/span><br \/><span style=\"color: #808080;\"><strong>Juan Diego P\u00e9rez Cebada | Mar\u00eda de Jes\u00fas Beltr\u00e1n Mu\u00f1oz<br \/><\/strong><\/span><b><a style=\"color: #999999;\" href=\"https:\/\/doi.org\/10.35533\/ecd.1019.jdpc.mjbm\" target=\"_blank\" rel=\"noopener noreferrer\">https:\/\/doi.org\/10.35533\/ecd.1019.jdpc.mjbm<\/a><\/b><\/p>\n<h4 style=\"color: #663f00;\"><span style=\"color: #663f00;\"><b>Debate<\/b><\/span><\/h4>\n<p><a href=\"https:\/\/estudiosdeldesarrollo.mx\/estudioscriticosdeldesarrollo\/wp-content\/uploads\/2022\/02\/ECD19-7.pdf\" target=\"_blank\" rel=\"noopener noreferrer\"><big><span style=\"color: #999999;\"><span style=\"color: #000000;\">Extractivismo, g\u00e9nero y energ\u00eda e\u00f3lica en el municipio de Zacatecas. \u00bfDesarrollo para qui\u00e9n?<\/span><\/span><\/big><\/a><br \/><span style=\"color: #808080;\"><strong>Ver\u00f3nica V\u00e1zquez Garc\u00eda | Dulce Mar\u00eda Sosa Capistr\u00e1n<br \/><\/strong><\/span><b><a style=\"color: #999999;\" href=\"https:\/\/doi.org\/10.35533\/ecd.1019.vvg.dmsc\" target=\"_blank\" rel=\"noopener noreferrer\">https:\/\/doi.org\/10.35533\/ecd.1019.vvg.dmsc<\/a><\/b><\/p>\n<p><a href=\"https:\/\/estudiosdeldesarrollo.mx\/estudioscriticosdeldesarrollo\/wp-content\/uploads\/2022\/02\/ECD19-8.pdf\" target=\"_blank\" rel=\"noopener noreferrer\"><big><span style=\"color: #999999;\"><span style=\"color: #000000;\">Morfolog\u00eda del trabajo en el capitalismo global: trabajo social combinado y desvalorizaci\u00f3n laboral<\/span><\/span><\/big><\/a><br \/><span style=\"color: #808080;\"><strong>Humberto M\u00e1rquez Covarrubias<br \/><\/strong><\/span><b><a style=\"color: #999999;\" href=\"https:\/\/doi.org\/10.35533\/ecd.1019.hmc\" target=\"_blank\" rel=\"noopener noreferrer\">https:\/\/doi.org\/10.35533\/ecd.1019.hmc<\/a><\/b><\/p>\n<h4 style=\"color: #663f00;\"><span style=\"color: #663f00;\"><b>Rese\u00f1a<\/b><\/span><\/h4>\n<p><a href=\"https:\/\/estudiosdeldesarrollo.mx\/estudioscriticosdeldesarrollo\/wp-content\/uploads\/2022\/02\/ECD19-9.pdf\" target=\"_blank\" rel=\"noopener noreferrer\"><big><span style=\"color: #000000;\">Commentary on Ruben Berrios&#8217; book <em>Growth without development. Peru in comparative perspective<\/em><\/span><\/big><\/a><br \/><span style=\"color: #808080;\"><strong>Carlos Mallorqu\u00edn<br \/><\/strong><\/span><b><a style=\"color: #999999;\" href=\"https:\/\/doi.org\/10.35533\/ecd.1019.cm\" target=\"_blank\" rel=\"noopener noreferrer\">https:\/\/doi.org\/10.35533\/ecd.1019.cm<\/a><\/b><\/p>\n<h4 style=\"color: #663f00;\"><span style=\"color: #663f00;\"><a style=\"color: #663f00;\" href=\"https:\/\/estudiosdeldesarrollo.mx\/estudioscriticosdeldesarrollo\/wp-content\/uploads\/2022\/02\/ECD19-c.pdf\" target=\"_blank\" rel=\"noopener noreferrer\"><b>Colaboradores<\/b><\/a><\/span><\/h4>\n<div style=\"background-color: #663f00; padding: 10px;\">\n<p><span style=\"color: #ffffff;\"><strong><em>Estudios Cr\u00edticos del Desarrollo<\/em>, volumen X, n\u00famero 19, segundo semestre 2020<\/strong>, es una publicaci\u00f3n semestral editada por la Universidad Aut\u00f3noma de Zacatecas \u00abFrancisco Garc\u00eda Salinas\u00bb, a trav\u00e9s de la Unidad Acad\u00e9mica de Estudios del Desarrollo, Jard\u00edn Ju\u00e1rez 147, colonia Centro, Zacatecas, C.P. 98000, Tel. (01492) 922 91 09, www.uaz.edu.mx, www.estudiosdeldesarrollo.mx, revistaecd@uaz.edu.mx. Editor responsable: Humberto M\u00e1rquez Covarrubias. Reserva de Derechos al Uso Exclusivo V\u00eda Red C\u00f3mputo No. 04-2015-060212193100-203. ISSN: 2594-0899, ambos otorgados por el Instituto Nacional del Derecho de Autor. Responsable de \u00faltima actualizaci\u00f3n: Unidad Acad\u00e9mica de Estudios del Desarrollo, Maximino Gerardo Luna Estrada, Campus Universitario II, avenida Preparatoria s\/n, fraccionamiento Progreso, Zacatecas, C.P. 98065. Fecha de la \u00faltima modificaci\u00f3n, noviembre de 2020.<\/span><\/p>\n<p><span style=\"color: #ffffff;\">Las opiniones expresadas por los autores no necesariamente reflejan la postura del editor de la publicaci\u00f3n. Queda estrictamente prohibida la reproducci\u00f3n total o parcial de los contenidos e im\u00e1genes de la publicaci\u00f3n sin previa autorizaci\u00f3n de la Universidad Aut\u00f3noma de Zacatecas \u00abFrancisco Garc\u00eda Salinas\u00bb a trav\u00e9s de la Unidad Acad\u00e9mica de Estudios del Desarrollo.<\/span><br \/><b><span style=\"color: #ffffff;\"><a style=\"color: #ffffff;\" href=\"https:\/\/doi.org\/10.35533\/ecd.numero19\" target=\"_blank\" rel=\"noopener noreferrer\">https:\/\/doi.org\/10.35533\/ecd.numero19<\/a><\/span><br \/><span style=\"color: #ffffff;\">N\u00famero completo en versi\u00f3n issuu: <a style=\"color: #ffffff;\" href=\"https:\/\/issuu.com\/observatoriodeldesarrollo\/docs\/ecd_no._19\" target=\"_blank\" rel=\"noopener\">https:\/\/issuu.com\/observatoriodeldesarrollo\/docs\/ecd_no._19<\/a><\/span><br \/><\/b><\/p>\n<\/div>\n<p style=\"color: #730057; text-align: center;\"><a style=\"font-size: 16px; background-color: #ffffff;\" href=\"http:\/\/creativecommons.org\/licenses\/by-nc-nd\/4.0\/\" rel=\"license\"><img decoding=\"async\" style=\"border-width: 0;\" src=\"https:\/\/i.creativecommons.org\/l\/by-nc-nd\/4.0\/88x31.png\" alt=\"Licencia de Creative Commons\" \/><\/a>\n<span style=\"color: #808080;\">Esta obra est\u00e1 bajo una <a style=\"color: #808080;\" href=\"http:\/\/creativecommons.org\/licenses\/by-nc-nd\/4.0\/\" rel=\"license\">licencia de Creative Commons Reconocimiento-NoComercial-SinObraDerivada 4.0 Internacional<\/a>.<\/span><\/p>\n<\/div>\n<\/div>\n\n\n<p><\/p>\n","protected":false},"excerpt":{"rendered":"<p>Editorial \u00bfQue mueran quienes tengan que morir? El sacrificio humano en el capitalismoHumberto M\u00e1rquez Covarrubias Presentaci\u00f3n Justicia ambiental, extractivismos y conflictos por el aguaJuan D. P\u00e9rez Cebada | F\u00e9lix Talego | Federico Guzm\u00e1n L\u00f3pez Art\u00edculos El megaproyecto minero de Aznalc\u00f3llar:<\/p>\n","protected":false},"author":2,"featured_media":0,"parent":0,"menu_order":0,"comment_status":"closed","ping_status":"closed","template":"","meta":{"footnotes":""},"class_list":["post-1257","page","type-page","status-publish","hentry"],"_links":{"self":[{"href":"https:\/\/estudiosdeldesarrollo.mx\/estudioscriticosdeldesarrollo\/wp-json\/wp\/v2\/pages\/1257","targetHints":{"allow":["GET"]}}],"collection":[{"href":"https:\/\/estudiosdeldesarrollo.mx\/estudioscriticosdeldesarrollo\/wp-json\/wp\/v2\/pages"}],"about":[{"href":"https:\/\/estudiosdeldesarrollo.mx\/estudioscriticosdeldesarrollo\/wp-json\/wp\/v2\/types\/page"}],"author":[{"embeddable":true,"href":"https:\/\/estudiosdeldesarrollo.mx\/estudioscriticosdeldesarrollo\/wp-json\/wp\/v2\/users\/2"}],"replies":[{"embeddable":true,"href":"https:\/\/estudiosdeldesarrollo.mx\/estudioscriticosdeldesarrollo\/wp-json\/wp\/v2\/comments?post=1257"}],"version-history":[{"count":5,"href":"https:\/\/estudiosdeldesarrollo.mx\/estudioscriticosdeldesarrollo\/wp-json\/wp\/v2\/pages\/1257\/revisions"}],"predecessor-version":[{"id":1658,"href":"https:\/\/estudiosdeldesarrollo.mx\/estudioscriticosdeldesarrollo\/wp-json\/wp\/v2\/pages\/1257\/revisions\/1658"}],"wp:attachment":[{"href":"https:\/\/estudiosdeldesarrollo.mx\/estudioscriticosdeldesarrollo\/wp-json\/wp\/v2\/media?parent=1257"}],"curies":[{"name":"wp","href":"https:\/\/api.w.org\/{rel}","templated":true}]}}