{"id":1143,"date":"2020-10-16T18:17:18","date_gmt":"2020-10-16T18:17:18","guid":{"rendered":"https:\/\/estudiosdeldesarrollo.mx\/estudioscriticosdeldesarrollo\/?page_id=1143"},"modified":"2025-07-10T16:30:52","modified_gmt":"2025-07-10T16:30:52","slug":"numero-17","status":"publish","type":"page","link":"https:\/\/estudiosdeldesarrollo.mx\/estudioscriticosdeldesarrollo\/numero-17\/","title":{"rendered":"N\u00famero 17"},"content":{"rendered":"<div id=\"contenedor30\">\n<div style=\"float: left;\">\n<div>\n<p><img loading=\"lazy\" decoding=\"async\" class=\" wp-image-111 alignleft\" src=\"https:\/\/estudiosdeldesarrollo.mx\/estudioscriticosdeldesarrollo\/wp-content\/uploads\/2020\/10\/ForrosECD17.jpg\" alt=\"\" width=\"250\" height=\"342\" \/><\/p>\n<\/div>\n<\/div>\n<div style=\"float: left; background-color: #f2f2f2; padding: 10px; width: 100%;\">\n<h4 style=\"color: #318b8e;\"><span style=\"color: #318b8e;\"><b>Editorial<\/b><\/span><\/h4>\n<p><a href=\"https:\/\/estudiosdeldesarrollo.mx\/estudioscriticosdeldesarrollo\/wp-content\/uploads\/2020\/10\/ECD17-1.pdf\" target=\"_blank\" rel=\"noopener noreferrer\"><big><span style=\"color: #000000;\">Palabras clave del debate sobre el capitalismo contempor\u00e1neo: valor y crisis<\/span><\/big><\/a><br \/><span style=\"color: #808080;\"><b>Humberto M\u00e1rquez Covarrubias<\/b><\/span><\/p>\n<h4 style=\"color: #318b8e;\"><span style=\"color: #318b8e;\"><b>Art\u00edculos<\/b><\/span><\/h4>\n<p><a href=\"https:\/\/estudiosdeldesarrollo.mx\/estudioscriticosdeldesarrollo\/wp-content\/uploads\/2020\/10\/ECD17-2.pdf\" target=\"_blank\" rel=\"noopener noreferrer\"><big><span style=\"color: #000000;\">Excedente en el desarrollo: revisi\u00f3n y nueva conceptualizaci\u00f3n desde los extractivismos<\/span><\/big><\/a><br \/><span style=\"color: #808080;\"><strong>Eduardo Gudynas<br \/><\/strong><\/span><b><a style=\"color: #999999;\" href=\"https:\/\/doi.org\/10.35533\/ecd.0917.eg\" target=\"_blank\" rel=\"noopener noreferrer\">https:\/\/doi.org\/10.35533\/ecd.0917.eg<\/a><\/b><\/p>\n<p><a href=\"https:\/\/estudiosdeldesarrollo.mx\/estudioscriticosdeldesarrollo\/wp-content\/uploads\/2020\/10\/ECD17-3.pdf\" target=\"_blank\" rel=\"noopener noreferrer\"><big><span style=\"color: #000000;\">Alternativas de desarrollo: viejos desaf\u00edos y nuevas hibridaciones en China y Am\u00e9rica Latina<\/span><\/big><\/a><br \/><span style=\"color: #808080;\"><strong>Paul Bowles | Henry Veltmeyer<br \/><\/strong><\/span><b><a style=\"color: #999999;\" href=\"https:\/\/doi.org\/10.35533\/ecd.0917.pb.hv\" target=\"_blank\" rel=\"noopener noreferrer\">https:\/\/doi.org\/10.35533\/ecd.0917.pb.hv<\/a><\/b><\/p>\n<p><a href=\"https:\/\/estudiosdeldesarrollo.mx\/estudioscriticosdeldesarrollo\/wp-content\/uploads\/2020\/10\/ECD17-4.pdf\" target=\"_blank\" rel=\"noopener noreferrer\"><big><span style=\"color: #000000;\">Desarrollo comunitario, econom\u00eda solidaria, empoderamiento y participaci\u00f3n. Un camino para la lucha social<\/span><\/big><\/a><br \/><span style=\"color: #808080;\"><strong>Carlos Monta\u00f1o<br \/><\/strong><\/span><b><a style=\"color: #999999;\" href=\"https:\/\/doi.org\/10.35533\/ecd.0917.cmo\" target=\"_blank\" rel=\"noopener noreferrer\">https:\/\/doi.org\/10.35533\/ecd.0917.cmo<\/a><\/b><\/p>\n<p><a href=\"https:\/\/estudiosdeldesarrollo.mx\/estudioscriticosdeldesarrollo\/wp-content\/uploads\/2020\/10\/ECD17-5.pdf\" target=\"_blank\" rel=\"noopener noreferrer\"><big><span style=\"color: #000000;\">La disminuci\u00f3n de la desigualdad como estrategia del modelo de desarrollo cubano<\/span><\/big><\/a><br \/><span style=\"color: #808080;\"><strong>Hugo M. Pons Duarte | Saimelyn A. Forteza Rojas<br \/><\/strong><\/span><b><a style=\"color: #999999;\" href=\"https:\/\/doi.org\/10.35533\/ecd.0917.hmpd.safr\" target=\"_blank\" rel=\"noopener noreferrer\">https:\/\/doi.org\/10.35533\/ecd.0917.hmpd.safr<\/a><\/b><\/p>\n<p><a href=\"https:\/\/estudiosdeldesarrollo.mx\/estudioscriticosdeldesarrollo\/wp-content\/uploads\/2020\/10\/ECD17-6.pdf\" target=\"_blank\" rel=\"noopener noreferrer\"><big><span style=\"color: #000000;\">Las paradojas del desarrollo andino-amaz\u00f3nico en el siglo XXI: crecimiento extractivista, logros sociales y p\u00e9rdida de patrimonio ambiental<\/span><\/big><\/a><br \/><span style=\"color: #808080;\"><strong>Fernanda Wanderley | Horacio Vera Cossio | Jean Paul Benavides<br \/><\/strong><\/span><b><a style=\"color: #999999;\" href=\"https:\/\/doi.org\/10.35533\/ecd.0917.fw.hvc.jpb\" target=\"_blank\" rel=\"noopener noreferrer\">https:\/\/doi.org\/10.35533\/ecd.0917.fw.hvc.jpb<\/a><\/b><\/p>\n<p><a href=\"https:\/\/estudiosdeldesarrollo.mx\/estudioscriticosdeldesarrollo\/wp-content\/uploads\/2020\/10\/ECD17-7.pdf\" target=\"_blank\" rel=\"noopener noreferrer\"><big><span style=\"color: #000000;\">La nueva cuesti\u00f3n social: variaciones sobre la subsunci\u00f3n del trabajo en el capital global<\/span><\/big><\/a><br \/><span style=\"color: #808080;\"><strong>Humberto M\u00e1rquez Covarrubias<br \/><\/strong><\/span><b><a style=\"color: #999999;\" href=\"https:\/\/doi.org\/10.35533\/ecd.0917.hmc\" target=\"_blank\" rel=\"noopener noreferrer\">https:\/\/doi.org\/10.35533\/ecd.0917.hmc<\/a><\/b><\/p>\n<h4 style=\"color: #318b8e;\"><span style=\"color: #318b8e;\"><b>Debate<\/b><\/span><\/h4>\n<p><a href=\"https:\/\/estudiosdeldesarrollo.mx\/estudioscriticosdeldesarrollo\/wp-content\/uploads\/2020\/10\/ECD17-8.pdf\" target=\"_blank\" rel=\"noopener noreferrer\"><big><span style=\"color: #000000;\">Debatiendo con las instituciones y sus reformas<\/span><\/big><\/a><br \/><span style=\"color: #808080;\"><strong>Carlos Mallorqu\u00edn<\/strong><\/span><br \/><b><a style=\"color: #999999;\" href=\"https:\/\/doi.org\/10.35533\/ecd.0917.cma\" target=\"_blank\" rel=\"noopener noreferrer\">https:\/\/doi.org\/10.35533\/ecd.0917.cma<\/a><\/b><\/p>\n<p><a href=\"https:\/\/estudiosdeldesarrollo.mx\/estudioscriticosdeldesarrollo\/wp-content\/uploads\/2020\/10\/ECD17-9.pdf\" target=\"_blank\" rel=\"noopener noreferrer\"><big><span style=\"color: #000000;\">Los nuevos cercamientos de nuestro tiempo<\/span><\/big><\/a><br \/><span style=\"color: #808080;\"><strong>Arturo Burnes Ortiz<br \/><\/strong><\/span><b><a style=\"color: #999999;\" href=\"https:\/\/doi.org\/10.35533\/ecd.0917.abo\" target=\"_blank\" rel=\"noopener noreferrer\">https:\/\/doi.org\/10.35533\/ecd.0917.abo<\/a><\/b><\/p>\n<h4 style=\"color: #114d50;\"><span style=\"color: #318b8e;\"><a style=\"color: #318b8e;\" href=\"https:\/\/estudiosdeldesarrollo.mx\/estudioscriticosdeldesarrollo\/wp-content\/uploads\/2020\/10\/ECD17-C.pdf\" target=\"_blank\" rel=\"noopener noreferrer\"><b>Colaboradores<\/b><\/a><\/span><\/h4>\n<div style=\"background-color: #318b8e; padding: 10px;\">\n<p><span style=\"color: #ffffff;\"><strong><em>Estudios Cr\u00edticos del Desarrollo<\/em>, volumen IX, n\u00famero 17, segundo semestre 2019<\/strong>, es una publicaci\u00f3n semestral editada por la Universidad Aut\u00f3noma de Zacatecas \u00abFrancisco Garc\u00eda Salinas\u00bb, a trav\u00e9s de la Unidad Acad\u00e9mica de Estudios del Desarrollo, Jard\u00edn Ju\u00e1rez 147, colonia Centro, Zacatecas, C.P. 98000, Tel. (01492) 922 91 09, www.uaz.edu.mx, www.estudiosdeldesarrollo.mx, revistaecd@uaz.edu.mx. Editor responsable: Humberto M\u00e1rquez Covarrubias. Reserva de Derechos al Uso Exclusivo V\u00eda Red C\u00f3mputo No. 04-2015-060212193100-203. ISSN: 2594-0899, ambos otorgados por el Instituto Nacional del Derecho de Autor. Responsable de \u00faltima actualizaci\u00f3n: Unidad Acad\u00e9mica de Estudios del Desarrollo, Maximino Gerardo Luna Estrada, Campus Universitario II, avenida Preparatoria s\/n, fraccionamiento Progreso, Zacatecas, C.P. 98065. Fecha de la \u00faltima modificaci\u00f3n, diciembre de 2019.<\/span><\/p>\n<p><span style=\"color: #ffffff;\">Las opiniones expresadas por los autores no necesariamente reflejan la postura del editor de la publicaci\u00f3n. Queda estrictamente prohibida la reproducci\u00f3n total o parcial de los contenidos e im\u00e1genes de la publicaci\u00f3n sin previa autorizaci\u00f3n de la Universidad Aut\u00f3noma de Zacatecas \u00abFrancisco Garc\u00eda Salinas\u00bb a trav\u00e9s de la Unidad Acad\u00e9mica de Estudios del Desarrollo.<\/span><br \/><span style=\"color: #ffffff;\"><b><a style=\"color: #ffffff;\" href=\"https:\/\/doi.org\/10.35533\/ecd.numero17\" target=\"_blank\" rel=\"noopener noreferrer\">https:\/\/doi.org\/10.35533\/ecd.numero17<\/a><br \/>N\u00famero completo en versi\u00f3n issuu: <a style=\"color: #ffffff;\" href=\"https:\/\/issuu.com\/comunidaduaed\/docs\/ecdv9n17_b4bcfd222ca972\" target=\"_blank\" rel=\"noopener\">https:\/\/issuu.com\/comunidaduaed\/docs\/ecdv9n17_b4bcfd222ca972<\/a><\/b><\/span><\/p>\n<\/div>\n<p style=\"color: #730057; text-align: center;\"><a style=\"font-size: 16px; background-color: #ffffff;\" href=\"http:\/\/creativecommons.org\/licenses\/by-nc-nd\/4.0\/\" rel=\"license\"><img decoding=\"async\" style=\"border-width: 0;\" src=\"https:\/\/i.creativecommons.org\/l\/by-nc-nd\/4.0\/88x31.png\" alt=\"Licencia de Creative Commons\" \/><\/a>\n<span style=\"color: #808080;\">Esta obra est\u00e1 bajo una <a style=\"color: #808080;\" href=\"http:\/\/creativecommons.org\/licenses\/by-nc-nd\/4.0\/\" rel=\"license\">licencia de Creative Commons Reconocimiento-NoComercial-SinObraDerivada 4.0 Internacional<\/a>.<\/span><\/p>\n<\/div>\n<\/div>\n\n\n<p><\/p>\n","protected":false},"excerpt":{"rendered":"<p>Editorial Palabras clave del debate sobre el capitalismo contempor\u00e1neo: valor y crisisHumberto M\u00e1rquez Covarrubias Art\u00edculos Excedente en el desarrollo: revisi\u00f3n y nueva conceptualizaci\u00f3n desde los extractivismosEduardo Gudynashttps:\/\/doi.org\/10.35533\/ecd.0917.eg Alternativas de desarrollo: viejos desaf\u00edos y nuevas hibridaciones en China y Am\u00e9rica LatinaPaul<\/p>\n","protected":false},"author":2,"featured_media":0,"parent":0,"menu_order":0,"comment_status":"closed","ping_status":"closed","template":"","meta":{"footnotes":""},"class_list":["post-1143","page","type-page","status-publish","hentry"],"_links":{"self":[{"href":"https:\/\/estudiosdeldesarrollo.mx\/estudioscriticosdeldesarrollo\/wp-json\/wp\/v2\/pages\/1143","targetHints":{"allow":["GET"]}}],"collection":[{"href":"https:\/\/estudiosdeldesarrollo.mx\/estudioscriticosdeldesarrollo\/wp-json\/wp\/v2\/pages"}],"about":[{"href":"https:\/\/estudiosdeldesarrollo.mx\/estudioscriticosdeldesarrollo\/wp-json\/wp\/v2\/types\/page"}],"author":[{"embeddable":true,"href":"https:\/\/estudiosdeldesarrollo.mx\/estudioscriticosdeldesarrollo\/wp-json\/wp\/v2\/users\/2"}],"replies":[{"embeddable":true,"href":"https:\/\/estudiosdeldesarrollo.mx\/estudioscriticosdeldesarrollo\/wp-json\/wp\/v2\/comments?post=1143"}],"version-history":[{"count":5,"href":"https:\/\/estudiosdeldesarrollo.mx\/estudioscriticosdeldesarrollo\/wp-json\/wp\/v2\/pages\/1143\/revisions"}],"predecessor-version":[{"id":1660,"href":"https:\/\/estudiosdeldesarrollo.mx\/estudioscriticosdeldesarrollo\/wp-json\/wp\/v2\/pages\/1143\/revisions\/1660"}],"wp:attachment":[{"href":"https:\/\/estudiosdeldesarrollo.mx\/estudioscriticosdeldesarrollo\/wp-json\/wp\/v2\/media?parent=1143"}],"curies":[{"name":"wp","href":"https:\/\/api.w.org\/{rel}","templated":true}]}}