{"id":1107,"date":"2020-06-09T23:01:43","date_gmt":"2020-06-09T23:01:43","guid":{"rendered":"https:\/\/estudiosdeldesarrollo.mx\/estudioscriticosdeldesarrollo\/?page_id=1107"},"modified":"2025-07-10T16:31:08","modified_gmt":"2025-07-10T16:31:08","slug":"numero-16","status":"publish","type":"page","link":"https:\/\/estudiosdeldesarrollo.mx\/estudioscriticosdeldesarrollo\/numero-16\/","title":{"rendered":"N\u00famero 16"},"content":{"rendered":"<div id=\"contenedor30\">\n<div style=\"float: left;\">\n<div>\n<p><img loading=\"lazy\" decoding=\"async\" class=\" wp-image-111 alignleft\" src=\"https:\/\/estudiosdeldesarrollo.mx\/estudioscriticosdeldesarrollo\/wp-content\/uploads\/2020\/06\/ECD16.jpg\" alt=\"\" width=\"250\" height=\"340\" \/><\/p>\n<\/div>\n<\/div>\n<div style=\"float: left; background-color: #f2f2f2; padding: 10px; width: 100%;\">\n<h4 style=\"color: #114d50;\"><span style=\"color: #623007;\"><b>Editorial<\/b><\/span><\/h4>\n<p><a href=\"https:\/\/estudiosdeldesarrollo.mx\/estudioscriticosdeldesarrollo\/wp-content\/uploads\/2020\/06\/ECD16-e.pdf\" target=\"_blank\" rel=\"noopener noreferrer\"><big><span style=\"color: #000000;\">Capitalismo de la cuarta transformaci\u00f3n industrial y tecnol\u00f3gica: derroteros de la ciencia y la universidad<\/span><\/big><\/a><br \/><span style=\"color: #808080;\"><b>Humberto M\u00e1rquez Covarrubias<\/b><\/span><\/p>\n<h4 style=\"color: #114d50;\"><span style=\"color: #623007;\"><b>Art\u00edculos<\/b><\/span><\/h4>\n<p><a href=\"https:\/\/estudiosdeldesarrollo.mx\/estudioscriticosdeldesarrollo\/wp-content\/uploads\/2020\/06\/ECD16-1.pdf\" target=\"_blank\" rel=\"noopener noreferrer\"><big><span style=\"color: #000000;\">Educaci\u00f3n y desarrollo: mitos y realidad de una relaci\u00f3n inc\u00f3moda<\/span><\/big><\/a><br \/><span style=\"color: #808080;\"><strong>Oscar Ma\u00f1\u00e1n | Daniela Sabatovich<br \/><\/strong><\/span><b><a style=\"color: #999999;\" href=\"https:\/\/doi.org\/10.35533\/ecd.0916.om.ds\" target=\"_blank\" rel=\"noopener noreferrer\">https:\/\/doi.org\/10.35533\/ecd.0916.om.ds<\/a><\/b><\/p>\n<p><a href=\"https:\/\/estudiosdeldesarrollo.mx\/estudioscriticosdeldesarrollo\/wp-content\/uploads\/2020\/06\/ECD16-2.pdf\" target=\"_blank\" rel=\"noopener noreferrer\"><big><span style=\"color: #000000;\">La universidad p\u00fablica en el asedio de la insignificancia<\/span><\/big><\/a><br \/><span style=\"color: #808080;\"><strong>Ra\u00fal Enrique Anzald\u00faa Arce<br \/><\/strong><\/span><b><a style=\"color: #999999;\" href=\"https:\/\/doi.org\/10.35533\/ecd.0916.reaa\" target=\"_blank\" rel=\"noopener noreferrer\">https:\/\/doi.org\/10.35533\/ecd.0916.reaa<\/a><\/b><\/p>\n<p><a href=\"https:\/\/estudiosdeldesarrollo.mx\/estudioscriticosdeldesarrollo\/wp-content\/uploads\/2020\/06\/ECD16-3.pdf\" target=\"_blank\" rel=\"noopener noreferrer\"><big><span style=\"color: #000000;\">Evaluaci\u00f3n de calidad en la educaci\u00f3n b\u00e1sica: la entrada de la empresa en la escuela p\u00fablica mexicana<\/span><\/big><\/a><br \/><span style=\"color: #808080;\"><strong>Gustavo Adolfo Enr\u00edquez Guti\u00e9rrez<br \/><\/strong><\/span><b><a style=\"color: #999999;\" href=\"https:\/\/doi.org\/10.35533\/ecd.0916.gaeg\" target=\"_blank\" rel=\"noopener noreferrer\">https:\/\/doi.org\/10.35533\/ecd.0916.gaeg<\/a><\/b><\/p>\n<p><a href=\"https:\/\/estudiosdeldesarrollo.mx\/estudioscriticosdeldesarrollo\/wp-content\/uploads\/2020\/06\/ECD16-4.pdf\" target=\"_blank\" rel=\"noopener noreferrer\"><big><span style=\"color: #000000;\">Pedagog\u00eda cr\u00edtica, bases para una escuela democr\u00e1tica<\/span><\/big><\/a><br \/><span style=\"color: #808080;\"><strong>Sandra Vega Villarreal<br \/><\/strong><\/span><b><a style=\"color: #999999;\" href=\"https:\/\/doi.org\/10.35533\/ecd.0916.svv\" target=\"_blank\" rel=\"noopener noreferrer\">https:\/\/doi.org\/10.35533\/ecd.0916.svv<\/a><\/b><\/p>\n<p><a href=\"https:\/\/estudiosdeldesarrollo.mx\/estudioscriticosdeldesarrollo\/wp-content\/uploads\/2020\/06\/ECD16-5.pdf\" target=\"_blank\" rel=\"noopener noreferrer\"><big><span style=\"color: #000000;\">Apuntes para una discusi\u00f3n sobre la pedagog\u00eda cr\u00edtica<\/span><\/big><\/a><br \/><span style=\"color: #808080;\"><strong>Rafael Garc\u00eda S\u00e1nchez<br \/><\/strong><\/span><b><a style=\"color: #999999;\" href=\"https:\/\/doi.org\/10.35533\/ecd.0916.rgs\" target=\"_blank\" rel=\"noopener noreferrer\">https:\/\/doi.org\/10.35533\/ecd.0916.rgs<\/a><\/b><\/p>\n<p><a href=\"https:\/\/estudiosdeldesarrollo.mx\/estudioscriticosdeldesarrollo\/wp-content\/uploads\/2020\/06\/ECD16-6.pdf\" target=\"_blank\" rel=\"noopener noreferrer\"><big><span style=\"color: #000000;\">De Cartagena a C\u00f3rdoba: balance y perspectivas de la educaci\u00f3n superior en Am\u00e9rica Latina y el Caribe<\/span><\/big><\/a><br \/><span style=\"color: #808080;\"><strong>Axel Didriksson<br \/><\/strong><\/span><b><a style=\"color: #999999;\" href=\"https:\/\/doi.org\/10.35533\/ecd.0916.ad\" target=\"_blank\" rel=\"noopener noreferrer\">https:\/\/doi.org\/10.35533\/ecd.0916.ad<\/a><\/b><\/p>\n<h4 style=\"color: #114d50;\"><span style=\"color: #623007;\"><b>Debate<\/b><\/span><\/h4>\n<p><a href=\"https:\/\/estudiosdeldesarrollo.mx\/estudioscriticosdeldesarrollo\/wp-content\/uploads\/2020\/06\/ECD16-7.pdf\" target=\"_blank\" rel=\"noopener noreferrer\"><big><span style=\"color: #000000;\">La disputa por la universidad p\u00fablica: ant\u00edpodas en tiempos de la \u00abcuarta transformaci\u00f3n\u00bb<\/span><\/big><\/a><br \/><span style=\"color: #808080;\"><strong>Humberto M\u00e1rquez Covarrubias<\/strong><\/span><br \/><b><a style=\"color: #999999;\" href=\"https:\/\/doi.org\/10.35533\/ecd.0916.hmc\" target=\"_blank\" rel=\"noopener noreferrer\">https:\/\/doi.org\/10.35533\/ecd.0916.hmc<\/a><\/b><\/p>\n<h4 style=\"color: #114d50;\"><span style=\"color: #623007;\"><b>Rese\u00f1a<\/b><\/span><\/h4>\n<p><a href=\"https:\/\/estudiosdeldesarrollo.mx\/estudioscriticosdeldesarrollo\/wp-content\/uploads\/2020\/06\/ECD16-8.pdf\" target=\"_blank\" rel=\"noopener noreferrer\"><big><span style=\"color: #000000;\">Las innumerables relaciones centro y periferia<\/span><\/big><\/a><br \/><span style=\"color: #808080;\"><strong>Carlos Mallorqu\u00edn<br \/><\/strong><\/span><b><a style=\"color: #999999;\" href=\"https:\/\/doi.org\/10.35533\/ecd.0916.cm\" target=\"_blank\" rel=\"noopener noreferrer\">https:\/\/doi.org\/10.35533\/ecd.0916.cm<\/a><\/b><\/p>\n<h4 style=\"color: #114d50;\"><span style=\"color: #623007;\"><a style=\"color: #623007;\" href=\"https:\/\/estudiosdeldesarrollo.mx\/estudioscriticosdeldesarrollo\/wp-content\/uploads\/2020\/06\/ECD16-c.pdf\" target=\"_blank\" rel=\"noopener noreferrer\"><b>Colaboradores<\/b><\/a><\/span><\/h4>\n<div style=\"background-color: #623007; padding: 10px;\">\n<p><span style=\"color: #ffffff;\"><strong><em>Estudios Cr\u00edticos del Desarrollo<\/em>, volumen IX, n\u00famero 16, primer semestre 2019<\/strong>, es una publicaci\u00f3n semestral editada por la Universidad Aut\u00f3noma de Zacatecas \u00abFrancisco Garc\u00eda Salinas\u00bb, a trav\u00e9s de la Unidad Acad\u00e9mica de Estudios del Desarrollo, Jard\u00edn Ju\u00e1rez 147, colonia Centro, Zacatecas, C.P. 98000, Tel. (01492) 922 91 09, www.uaz.edu.mx, www.estudiosdeldesarrollo.mx, revistaecd@uaz.edu.mx. Editor responsable: Humberto M\u00e1rquez Covarrubias. Reserva de Derechos al Uso Exclusivo V\u00eda Red C\u00f3mputo No. 04-2015-060212193100-203. ISSN: 2594-0899, ambos otorgados por el Instituto Nacional del Derecho de Autor. Responsable de \u00faltima actualizaci\u00f3n: Unidad Acad\u00e9mica de Estudios del Desarrollo, Maximino Gerardo Luna Estrada, Campus Universitario II, avenida Preparatoria s\/n, fraccionamiento Progreso, Zacatecas, C.P. 98065. Fecha de la \u00faltima modificaci\u00f3n, julio de 2019.<\/span><\/p>\n<p><span style=\"color: #ffffff;\">Las opiniones expresadas por los autores no necesariamente reflejan la postura del editor de la publicaci\u00f3n. Queda estrictamente prohibida la reproducci\u00f3n total o parcial de los contenidos e im\u00e1genes de la publicaci\u00f3n sin previa autorizaci\u00f3n de la Universidad Aut\u00f3noma de Zacatecas \u00abFrancisco Garc\u00eda Salinas\u00bb a trav\u00e9s de la Unidad Acad\u00e9mica de Estudios del Desarrollo.<\/span><\/p>\n<p><span style=\"color: #ffffff;\"><b><a style=\"color: #ffffff;\" href=\"https:\/\/doi.org\/10.35533\/ecd.numero16\" target=\"_blank\" rel=\"noopener noreferrer\">https:\/\/doi.org\/10.35533\/ecd.numero16<\/a><br \/>N\u00famero completo en versi\u00f3n issuu: <a style=\"color: #ffffff;\" href=\"https:\/\/issuu.com\/comunidaduaed\/docs\/ecdv9n16\" target=\"_blank\" rel=\"noopener\">https:\/\/issuu.com\/comunidaduaed\/docs\/ecdv9n16<\/a><\/b><\/span><\/p>\n<\/div>\n<p style=\"color: #730057; text-align: center;\"><a style=\"font-size: 16px; background-color: #ffffff;\" href=\"http:\/\/creativecommons.org\/licenses\/by-nc-nd\/4.0\/\" rel=\"license\"><img decoding=\"async\" style=\"border-width: 0;\" src=\"https:\/\/i.creativecommons.org\/l\/by-nc-nd\/4.0\/88x31.png\" alt=\"Licencia de Creative Commons\" \/><\/a>\n<span style=\"color: #808080;\">Esta obra est\u00e1 bajo una <a style=\"color: #808080;\" href=\"http:\/\/creativecommons.org\/licenses\/by-nc-nd\/4.0\/\" rel=\"license\">licencia de Creative Commons Reconocimiento-NoComercial-SinObraDerivada 4.0 Internacional<\/a>.<\/span><\/p>\n<\/div>\n<\/div>\n\n\n<p><\/p>\n","protected":false},"excerpt":{"rendered":"<p>Editorial Capitalismo de la cuarta transformaci\u00f3n industrial y tecnol\u00f3gica: derroteros de la ciencia y la universidadHumberto M\u00e1rquez Covarrubias Art\u00edculos Educaci\u00f3n y desarrollo: mitos y realidad de una relaci\u00f3n inc\u00f3modaOscar Ma\u00f1\u00e1n | Daniela Sabatovichhttps:\/\/doi.org\/10.35533\/ecd.0916.om.ds La universidad p\u00fablica en el asedio de<\/p>\n","protected":false},"author":2,"featured_media":0,"parent":0,"menu_order":0,"comment_status":"closed","ping_status":"closed","template":"","meta":{"footnotes":""},"class_list":["post-1107","page","type-page","status-publish","hentry"],"_links":{"self":[{"href":"https:\/\/estudiosdeldesarrollo.mx\/estudioscriticosdeldesarrollo\/wp-json\/wp\/v2\/pages\/1107","targetHints":{"allow":["GET"]}}],"collection":[{"href":"https:\/\/estudiosdeldesarrollo.mx\/estudioscriticosdeldesarrollo\/wp-json\/wp\/v2\/pages"}],"about":[{"href":"https:\/\/estudiosdeldesarrollo.mx\/estudioscriticosdeldesarrollo\/wp-json\/wp\/v2\/types\/page"}],"author":[{"embeddable":true,"href":"https:\/\/estudiosdeldesarrollo.mx\/estudioscriticosdeldesarrollo\/wp-json\/wp\/v2\/users\/2"}],"replies":[{"embeddable":true,"href":"https:\/\/estudiosdeldesarrollo.mx\/estudioscriticosdeldesarrollo\/wp-json\/wp\/v2\/comments?post=1107"}],"version-history":[{"count":5,"href":"https:\/\/estudiosdeldesarrollo.mx\/estudioscriticosdeldesarrollo\/wp-json\/wp\/v2\/pages\/1107\/revisions"}],"predecessor-version":[{"id":1661,"href":"https:\/\/estudiosdeldesarrollo.mx\/estudioscriticosdeldesarrollo\/wp-json\/wp\/v2\/pages\/1107\/revisions\/1661"}],"wp:attachment":[{"href":"https:\/\/estudiosdeldesarrollo.mx\/estudioscriticosdeldesarrollo\/wp-json\/wp\/v2\/media?parent=1107"}],"curies":[{"name":"wp","href":"https:\/\/api.w.org\/{rel}","templated":true}]}}